{"id":13996,"date":"2026-03-24T09:58:43","date_gmt":"2026-03-24T09:58:43","guid":{"rendered":"https:\/\/maquinasflorestais.com\/?post_type=product&#038;p=13996"},"modified":"2026-03-25T09:15:52","modified_gmt":"2026-03-25T09:15:52","slug":"rcu55","status":"publish","type":"product","link":"https:\/\/maquinasflorestais.com\/fr\/produtos\/rcu55\/","title":{"rendered":"RCU55"},"content":{"rendered":"<div class=\"wpb-content-wrapper\"><div class=\"vc_row wpb_row vc_row-fluid\"><div class=\"wpb_column vc_column_container vc_col-sm-12\"><div class=\"vc_column-inner vc_custom_1493038156710\"><div class=\"wpb_wrapper\">\n\t\t<div id=\"wd-69c2607adde2f\" class=\"title-wrapper wd-wpb set-mb-s reset-last-child  wd-rs-69c2607adde2f wd-title-color-default wd-title-style-default text-left  wd-underline-colored\">\n\t\t\t\n\t\t\t<div class=\"liner-continer\">\n\t\t\t\t<h4 class=\"woodmart-title-container title  wd-font-weight- wd-fontsize-m\" >RCU55<\/h4>\n\t\t\t\t\t\t\t<\/div>\n\t\t\t\n\t\t\t\n\t\t\t\n\t\t<\/div>\n\t\t\n\t\t<\/div><\/div><\/div><\/div><div class=\"vc_row wpb_row vc_row-fluid vc_row-o-content-top vc_row-flex\"><div class=\"wpb_column vc_column_container vc_col-sm-12 vc_col-md-6\"><div class=\"vc_column-inner\"><div class=\"wpb_wrapper\">\t\t<div id=\"wd-69c2608603a36\" class=\"wd-text-block wd-wpb reset-last-child wd-rs-69c2608603a36 text-left\">\n\t\t\t<p>La s\u00e9rie RCU de FAE a \u00e9t\u00e9 d\u00e9velopp\u00e9e pour offrir une productivit\u00e9 maximale avec une s\u00e9curit\u00e9 totale, m\u00eame dans les environnements les plus difficiles. Ces automoteurs de chenilles radiocommand\u00e9s sont id\u00e9aux pour les travaux forestiers, le d\u00e9frichage, l'entretien des infrastructures et les op\u00e9rations dans des zones en pente ou difficiles d'acc\u00e8s, permettant \u00e0 l'op\u00e9rateur de travailler \u00e0 distance avec un contr\u00f4le total.<\/p>\n<p>Le RCU55 est synonyme de polyvalence totale avec un contr\u00f4le absolu. Il est con\u00e7u pour garantir une stabilit\u00e9 et des performances maximales, m\u00eame sur les terrains les plus difficiles.<\/p>\n<p>Avec un moteur Rehlko de 56,8 cv, il s'adapte facilement \u00e0 diff\u00e9rentes conditions de travail, permettant des op\u00e9rations avec une efficacit\u00e9 totale.<\/p>\n\t\t<\/div>\n\t\t<\/div><\/div><\/div><\/div>\n<\/div>","protected":false},"excerpt":{"rendered":"<p>La s\u00e9rie RCU de FAE a \u00e9t\u00e9 d\u00e9velopp\u00e9e pour offrir une productivit\u00e9 maximale avec une s\u00e9curit\u00e9 totale, m\u00eame dans les environnements les plus difficiles. Ces automoteurs de chenilles radiocommand\u00e9s sont id\u00e9aux pour les travaux forestiers, le d\u00e9frichage, l'entretien des infrastructures et les op\u00e9rations dans des zones en pente ou difficiles d'acc\u00e8s, permettant \u00e0 l'op\u00e9rateur de travailler \u00e0 distance avec un contr\u00f4le total.<\/p>\n<p>Le RCU55 est synonyme de polyvalence totale avec un contr\u00f4le absolu. Il est con\u00e7u pour garantir une stabilit\u00e9 et des performances maximales, m\u00eame sur les terrains les plus difficiles.<\/p>\n<p>Avec un moteur Rehlko de 56,8 cv, il s'adapte facilement \u00e0 diff\u00e9rentes conditions de travail, permettant des op\u00e9rations avec une efficacit\u00e9 totale.<\/p>\n<p><img decoding=\"async\" src=\"https:\/\/maquinasflorestais.com\/wp-content\/uploads\/2024\/10\/pdf.png\" \/> <a href=\"https:\/\/maquinasflorestais.com\/wp-content\/uploads\/2026\/03\/RCU55.pdf\" target=\"_blank\" rel=\"noopener\"><strong> Fiche technique.<\/strong><\/a><\/p>\n<table style=\"border-top: 1px solid #c0c0c0;\">\n<tbody>\n<tr>\n<td style=\"width: 15%; border-bottom: none;\"><img decoding=\"async\" src=\"https:\/\/maquinasflorestais.com\/wp-content\/uploads\/2024\/10\/henrique.jpeg\" width=\"90\" \/><\/td>\n<td style=\"border-bottom: none;\">\n<h3>David Magalh\u00e3es<\/h3>\n<p><img loading=\"lazy\" decoding=\"async\" src=\"https:\/\/maquinasflorestais.com\/wp-content\/uploads\/2024\/06\/flag-pt.svg\" alt=\"\" width=\"20\" height=\"20\" \/> <img loading=\"lazy\" decoding=\"async\" src=\"https:\/\/maquinasflorestais.com\/wp-content\/uploads\/2024\/06\/flag-sp.svg\" alt=\"\" width=\"20\" height=\"20\" \/><\/p>\n<p>D\u00e9partement commercial<br \/>\nT. (+351) 915 508 925<\/td>\n<\/tr>\n<tr>\n<td><\/td>\n<td><a class=\"btn btn-color-default btn-style-default btn-style-rectangle btn-size-small btn-icon-pos-right\" title=\"\" href=\"mailto:david@forestcortemaquinas.pt\">E-mail<\/a><\/td>\n<\/tr>\n<\/tbody>\n<\/table>","protected":false},"featured_media":14013,"template":"","meta":[],"product_brand":[],"product_cat":[307],"product_tag":[],"class_list":{"0":"post-13996","1":"product","2":"type-product","3":"status-publish","4":"has-post-thumbnail","6":"product_cat-destrocadores","8":"first","9":"instock","10":"shipping-taxable","11":"product-type-simple"},"_links":{"self":[{"href":"https:\/\/maquinasflorestais.com\/fr\/wp-json\/wp\/v2\/product\/13996","targetHints":{"allow":["GET"]}}],"collection":[{"href":"https:\/\/maquinasflorestais.com\/fr\/wp-json\/wp\/v2\/product"}],"about":[{"href":"https:\/\/maquinasflorestais.com\/fr\/wp-json\/wp\/v2\/types\/product"}],"wp:featuredmedia":[{"embeddable":true,"href":"https:\/\/maquinasflorestais.com\/fr\/wp-json\/wp\/v2\/media\/14013"}],"wp:attachment":[{"href":"https:\/\/maquinasflorestais.com\/fr\/wp-json\/wp\/v2\/media?parent=13996"}],"wp:term":[{"taxonomy":"product_brand","embeddable":true,"href":"https:\/\/maquinasflorestais.com\/fr\/wp-json\/wp\/v2\/product_brand?post=13996"},{"taxonomy":"product_cat","embeddable":true,"href":"https:\/\/maquinasflorestais.com\/fr\/wp-json\/wp\/v2\/product_cat?post=13996"},{"taxonomy":"product_tag","embeddable":true,"href":"https:\/\/maquinasflorestais.com\/fr\/wp-json\/wp\/v2\/product_tag?post=13996"}],"curies":[{"name":"wp","href":"https:\/\/api.w.org\/{rel}","templated":true}]}}