{"id":13979,"date":"2026-03-24T09:27:30","date_gmt":"2026-03-24T09:27:30","guid":{"rendered":"https:\/\/maquinasflorestais.com\/?post_type=product&#038;p=13979"},"modified":"2026-03-25T08:46:33","modified_gmt":"2026-03-25T08:46:33","slug":"pt550","status":"publish","type":"product","link":"https:\/\/maquinasflorestais.com\/fr\/produtos\/pt550\/","title":{"rendered":"PT550"},"content":{"rendered":"<div class=\"wpb-content-wrapper\"><div class=\"vc_row wpb_row vc_row-fluid\"><div class=\"wpb_column vc_column_container vc_col-sm-12\"><div class=\"vc_column-inner vc_custom_1493038156710\"><div class=\"wpb_wrapper\">\n\t\t<div id=\"wd-69c259437aced\" class=\"title-wrapper wd-wpb set-mb-s reset-last-child  wd-rs-69c259437aced wd-title-color-default wd-title-style-default text-left  wd-underline-colored\">\n\t\t\t\n\t\t\t<div class=\"liner-continer\">\n\t\t\t\t<h4 class=\"woodmart-title-container title  wd-font-weight- wd-fontsize-m\" >PT550<\/h4>\n\t\t\t\t\t\t\t<\/div>\n\t\t\t\n\t\t\t\n\t\t\t\n\t\t<\/div>\n\t\t\n\t\t<\/div><\/div><\/div><\/div><div class=\"vc_row wpb_row vc_row-fluid vc_row-o-content-top vc_row-flex\"><div class=\"wpb_column vc_column_container vc_col-sm-12 vc_col-md-6\"><div class=\"vc_column-inner\"><div class=\"wpb_wrapper\">\t\t<div id=\"wd-69c2595041c81\" class=\"wd-text-block wd-wpb reset-last-child wd-rs-69c2595041c81 text-left\">\n\t\t\t<p>Le FAE PT550 est la solution de chenilles con\u00e7ue pour les grands travaux dans des environnements forestiers exigeants, id\u00e9ale pour les interventions dans les zones bois\u00e9es, les for\u00eats et l'entretien des chemins le long des ol\u00e9oducs et gazoducs.<\/p>\n<p>Sa structure extr\u00eamement robuste avec ch\u00e2ssis oscillant permet l'utilisation de broyeurs et de t\u00eates multifonctions, garantissant une efficacit\u00e9 maximale dans toutes les applications.<\/p>\n<p>Au coeur de cette machine se trouve le puissant moteur de six cylindres en ligne CAT C13B (Stage V), qui offre une puissance impressionnante et des performances sup\u00e9rieures m\u00eame sur terrains mous, irr\u00e9guliers ou mar\u00e9cageux.<\/p>\n<p>Le syst\u00e8me hydraulique avanc\u00e9 assure une fiabilit\u00e9 continue et une grande efficacit\u00e9, tandis que l'habitacle FAE offre un confort maximal, une ergonomie sup\u00e9rieure et une s\u00e9curit\u00e9 maximale, permettant de longues heures de travail avec un contr\u00f4le total.<\/p>\n\t\t<\/div>\n\t\t<\/div><\/div><\/div><\/div>\n<\/div>","protected":false},"excerpt":{"rendered":"<p>Le FAE PT550 est la solution de chenilles con\u00e7ue pour les grands travaux dans des environnements forestiers exigeants, id\u00e9ale pour les interventions dans les zones bois\u00e9es, les for\u00eats et l'entretien des chemins le long des ol\u00e9oducs et gazoducs.<\/p>\n<p>Sa structure extr\u00eamement robuste avec ch\u00e2ssis oscillant permet l'utilisation de broyeurs et de t\u00eates multifonctions, garantissant une efficacit\u00e9 maximale dans toutes les applications.<\/p>\n<p>Au coeur de cette machine se trouve le puissant moteur de six cylindres en ligne CAT C13B (Stage V), qui offre une puissance impressionnante et des performances sup\u00e9rieures m\u00eame sur terrains mous, irr\u00e9guliers ou mar\u00e9cageux.<\/p>\n<p>Le syst\u00e8me hydraulique avanc\u00e9 assure une fiabilit\u00e9 continue et une grande efficacit\u00e9, tandis que l'habitacle FAE offre un confort maximal, une ergonomie sup\u00e9rieure et une s\u00e9curit\u00e9 maximale, permettant de longues heures de travail avec un contr\u00f4le total.<\/p>\n<p><img decoding=\"async\" src=\"https:\/\/maquinasflorestais.com\/wp-content\/uploads\/2024\/10\/pdf.png\" \/> <a href=\"https:\/\/maquinasflorestais.com\/wp-content\/uploads\/2026\/03\/PT550.pdf\" target=\"_blank\" rel=\"noopener\"><strong> Fiche technique.<\/strong><\/a><\/p>\n<table style=\"border-top: 1px solid #c0c0c0;\">\n<tbody>\n<tr>\n<td style=\"width: 15%; border-bottom: none;\"><img decoding=\"async\" src=\"https:\/\/maquinasflorestais.com\/wp-content\/uploads\/2024\/10\/henrique.jpeg\" width=\"90\" \/><\/td>\n<td style=\"border-bottom: none;\">\n<h3>David Magalh\u00e3es<\/h3>\n<p><img loading=\"lazy\" decoding=\"async\" src=\"https:\/\/maquinasflorestais.com\/wp-content\/uploads\/2024\/06\/flag-pt.svg\" alt=\"\" width=\"20\" height=\"20\" \/> <img loading=\"lazy\" decoding=\"async\" src=\"https:\/\/maquinasflorestais.com\/wp-content\/uploads\/2024\/06\/flag-sp.svg\" alt=\"\" width=\"20\" height=\"20\" \/><\/p>\n<p>D\u00e9partement commercial<br \/>\nT. (+351) 915 508 925<\/td>\n<\/tr>\n<tr>\n<td><\/td>\n<td><a class=\"btn btn-color-default btn-style-default btn-style-rectangle btn-size-small btn-icon-pos-right\" title=\"\" href=\"mailto:david@forestcortemaquinas.pt\">E-mail<\/a><\/td>\n<\/tr>\n<\/tbody>\n<\/table>","protected":false},"featured_media":14010,"template":"","meta":[],"product_brand":[],"product_cat":[307],"product_tag":[],"class_list":{"0":"post-13979","1":"product","2":"type-product","3":"status-publish","4":"has-post-thumbnail","6":"product_cat-destrocadores","8":"first","9":"instock","10":"shipping-taxable","11":"product-type-simple"},"_links":{"self":[{"href":"https:\/\/maquinasflorestais.com\/fr\/wp-json\/wp\/v2\/product\/13979","targetHints":{"allow":["GET"]}}],"collection":[{"href":"https:\/\/maquinasflorestais.com\/fr\/wp-json\/wp\/v2\/product"}],"about":[{"href":"https:\/\/maquinasflorestais.com\/fr\/wp-json\/wp\/v2\/types\/product"}],"wp:featuredmedia":[{"embeddable":true,"href":"https:\/\/maquinasflorestais.com\/fr\/wp-json\/wp\/v2\/media\/14010"}],"wp:attachment":[{"href":"https:\/\/maquinasflorestais.com\/fr\/wp-json\/wp\/v2\/media?parent=13979"}],"wp:term":[{"taxonomy":"product_brand","embeddable":true,"href":"https:\/\/maquinasflorestais.com\/fr\/wp-json\/wp\/v2\/product_brand?post=13979"},{"taxonomy":"product_cat","embeddable":true,"href":"https:\/\/maquinasflorestais.com\/fr\/wp-json\/wp\/v2\/product_cat?post=13979"},{"taxonomy":"product_tag","embeddable":true,"href":"https:\/\/maquinasflorestais.com\/fr\/wp-json\/wp\/v2\/product_tag?post=13979"}],"curies":[{"name":"wp","href":"https:\/\/api.w.org\/{rel}","templated":true}]}}