{"id":13953,"date":"2026-03-21T09:55:57","date_gmt":"2026-03-21T09:55:57","guid":{"rendered":"https:\/\/maquinasflorestais.com\/?post_type=product&#038;p=13953"},"modified":"2026-03-30T08:19:12","modified_gmt":"2026-03-30T08:19:12","slug":"pt200","status":"publish","type":"product","link":"https:\/\/maquinasflorestais.com\/fr\/produtos\/pt200\/","title":{"rendered":"PT200"},"content":{"rendered":"<div class=\"wpb-content-wrapper\"><div class=\"vc_row wpb_row vc_row-fluid\"><div class=\"wpb_column vc_column_container vc_col-sm-12\"><div class=\"vc_column-inner vc_custom_1493038156710\"><div class=\"wpb_wrapper\">\n\t\t<div id=\"wd-69be6d6504310\" class=\"title-wrapper wd-wpb set-mb-s reset-last-child  wd-rs-69be6d6504310 wd-title-color-default wd-title-style-default text-left  wd-underline-colored\">\n\t\t\t\n\t\t\t<div class=\"liner-continer\">\n\t\t\t\t<h4 class=\"woodmart-title-container title  wd-font-weight- wd-fontsize-m\" >PT200<\/h4>\n\t\t\t\t\t\t\t<\/div>\n\t\t\t\n\t\t\t\n\t\t\t\n\t\t<\/div>\n\t\t\n\t\t<\/div><\/div><\/div><\/div><div class=\"vc_row wpb_row vc_row-fluid vc_row-o-content-top vc_row-flex\"><div class=\"wpb_column vc_column_container vc_col-sm-12 vc_col-md-6\"><div class=\"vc_column-inner\"><div class=\"wpb_wrapper\">\t\t<div id=\"wd-69ca31c78844b\" class=\"wd-text-block wd-wpb reset-last-child wd-rs-69ca31c78844b text-left\">\n\t\t\t<p>Le FAE PT200 est un automoteur sur chenilles con\u00e7u pour offrir une efficacit\u00e9 maximale, une polyvalence et un contr\u00f4le maximal, ce qui le rend id\u00e9al pour les travaux forestiers, la gestion de la v\u00e9g\u00e9tation et l'entretien exigeant du terrain.<\/p>\n<p>\u00c9quip\u00e9e d'un puissant moteur CAT C4.4 Acert de 190,6 ch, le PT200 garantit d'excellentes performances avec une grande efficacit\u00e9, vous permettant de travailler en toute confiance sur des terrains inclin\u00e9s, irr\u00e9guliers et difficiles.<\/p>\n<p>Sa structure robuste avec ch\u00e2ssis oscillant et un syst\u00e8me hydraulique haute performance lui permet de fonctionner avec diff\u00e9rents accessoires FAE, garantissant une productivit\u00e9 et une polyvalence maximales.<\/p>\n<p>La cabine professionnelle certifi\u00e9e ROPS\/FOPS\/OPS offre un confort sup\u00e9rieur, une excellente visibilit\u00e9 et une s\u00e9curit\u00e9 maximale, permettant des journ\u00e9es de travail sous un contr\u00f4le total.<\/p>\n\t\t<\/div>\n\t\t<\/div><\/div><\/div><\/div>\n<\/div>","protected":false},"excerpt":{"rendered":"<p>Le FAE PT200 est un automoteur sur chenilles con\u00e7u pour offrir une efficacit\u00e9 maximale, une polyvalence et un contr\u00f4le maximal, ce qui le rend id\u00e9al pour les travaux forestiers, la gestion de la v\u00e9g\u00e9tation et l'entretien exigeant du terrain.<\/p>\n<p>\u00c9quip\u00e9e d'un puissant moteur CAT C4.4 Acert de 190,6 ch, le PT200 garantit d'excellentes performances avec une grande efficacit\u00e9, vous permettant de travailler en toute confiance sur des terrains inclin\u00e9s, irr\u00e9guliers et difficiles.<\/p>\n<p>Sa structure robuste avec ch\u00e2ssis oscillant et un syst\u00e8me hydraulique haute performance lui permet de fonctionner avec diff\u00e9rents accessoires FAE, garantissant une productivit\u00e9 et une polyvalence maximales.<\/p>\n<p>La cabine professionnelle certifi\u00e9e ROPS\/FOPS\/OPS offre un confort sup\u00e9rieur, une excellente visibilit\u00e9 et une s\u00e9curit\u00e9 maximale, permettant des journ\u00e9es de travail sous un contr\u00f4le total.<\/p>\n<p><img decoding=\"async\" src=\"https:\/\/maquinasflorestais.com\/wp-content\/uploads\/2024\/10\/pdf.png\" \/> <a href=\"https:\/\/maquinasflorestais.com\/wp-content\/uploads\/2026\/03\/PT200.pdf\" target=\"_blank\" rel=\"noopener\"><strong> Fiche technique.<\/strong><\/a><\/p>\n<table style=\"border-top: 1px solid #c0c0c0;\">\n<tbody>\n<tr>\n<td style=\"width: 15%; border-bottom: none;\"><img decoding=\"async\" src=\"https:\/\/maquinasflorestais.com\/wp-content\/uploads\/2024\/10\/henrique.jpeg\" width=\"90\" \/><\/td>\n<td style=\"border-bottom: none;\">\n<h3>David Magalh\u00e3es<\/h3>\n<p><img loading=\"lazy\" decoding=\"async\" src=\"https:\/\/maquinasflorestais.com\/wp-content\/uploads\/2024\/06\/flag-pt.svg\" alt=\"\" width=\"20\" height=\"20\" \/> <img loading=\"lazy\" decoding=\"async\" src=\"https:\/\/maquinasflorestais.com\/wp-content\/uploads\/2024\/06\/flag-sp.svg\" alt=\"\" width=\"20\" height=\"20\" \/><\/p>\n<p>D\u00e9partement commercial<br \/>\nT. (+351) 915 508 925<\/td>\n<\/tr>\n<tr>\n<td><\/td>\n<td><a class=\"btn btn-color-default btn-style-default btn-style-rectangle btn-size-small btn-icon-pos-right\" title=\"\" href=\"mailto:david@forestcortemaquinas.pt\">E-mail<\/a><\/td>\n<\/tr>\n<\/tbody>\n<\/table>","protected":false},"featured_media":14006,"template":"","meta":[],"product_brand":[],"product_cat":[307],"product_tag":[],"class_list":{"0":"post-13953","1":"product","2":"type-product","3":"status-publish","4":"has-post-thumbnail","6":"product_cat-destrocadores","8":"first","9":"instock","10":"shipping-taxable","11":"product-type-simple"},"_links":{"self":[{"href":"https:\/\/maquinasflorestais.com\/fr\/wp-json\/wp\/v2\/product\/13953","targetHints":{"allow":["GET"]}}],"collection":[{"href":"https:\/\/maquinasflorestais.com\/fr\/wp-json\/wp\/v2\/product"}],"about":[{"href":"https:\/\/maquinasflorestais.com\/fr\/wp-json\/wp\/v2\/types\/product"}],"wp:featuredmedia":[{"embeddable":true,"href":"https:\/\/maquinasflorestais.com\/fr\/wp-json\/wp\/v2\/media\/14006"}],"wp:attachment":[{"href":"https:\/\/maquinasflorestais.com\/fr\/wp-json\/wp\/v2\/media?parent=13953"}],"wp:term":[{"taxonomy":"product_brand","embeddable":true,"href":"https:\/\/maquinasflorestais.com\/fr\/wp-json\/wp\/v2\/product_brand?post=13953"},{"taxonomy":"product_cat","embeddable":true,"href":"https:\/\/maquinasflorestais.com\/fr\/wp-json\/wp\/v2\/product_cat?post=13953"},{"taxonomy":"product_tag","embeddable":true,"href":"https:\/\/maquinasflorestais.com\/fr\/wp-json\/wp\/v2\/product_tag?post=13953"}],"curies":[{"name":"wp","href":"https:\/\/api.w.org\/{rel}","templated":true}]}}