{"id":13690,"date":"2025-01-14T19:54:59","date_gmt":"2025-01-14T19:54:59","guid":{"rendered":"https:\/\/maquinasflorestais.com\/?post_type=product&#038;p=13690"},"modified":"2025-05-22T09:08:17","modified_gmt":"2025-05-22T09:08:17","slug":"woodcracker-c","status":"publish","type":"product","link":"https:\/\/maquinasflorestais.com\/fr\/produtos\/woodcracker-c\/","title":{"rendered":"WOODCRACKER C"},"content":{"rendered":"<div class=\"wpb-content-wrapper\"><div class=\"vc_row wpb_row vc_row-fluid\"><div class=\"wpb_column vc_column_container vc_col-sm-3\"><div class=\"vc_column-inner\"><div class=\"wpb_wrapper\"><\/div><\/div><\/div><div class=\"wpb_column vc_column_container vc_col-sm-6\"><div class=\"vc_column-inner\"><div class=\"wpb_wrapper\">\t\t<div class=\"wd-wpb wd-rs-678ff75210a3f\">\n\t\t\t<div class=\"wd-el-table-wrap wd-reset-all-last\">\n\t\t\t\t<table class=\"wd-el-table\">\n\t\t\t\t\t<tbody class=\"text-center\">\n\t\t\t\t\t\t\t\t<tr class=\"wd-rs-678ff4e9592fe\">\n\t\t\t\t\t\t\t\t\t\t\t\t\t\t<th colspan=\"1\" rowspan=\"1\">\n\t\t\t\t\t\t\t\t\t\t\t<\/th>\n\t\t\t\t\t\t\t\t\t\t\t\t\t\t<th colspan=\"1\" rowspan=\"1\">\n\t\t\t\t\t\t\t\t\t\t\t\t\tC250\t\t\t\t\t\t\t\t\t\t\t<\/th>\n\t\t\t\t\t\t\t\t\t\t\t\t\t\t<th colspan=\"1\" rowspan=\"1\">\n\t\t\t\t\t\t\t\t\t\t\t\t\tC350\t\t\t\t\t\t\t\t\t\t\t<\/th>\n\t\t\t\t\t\t\t\t\t\t\t\t\t\t<th colspan=\"1\" rowspan=\"1\">\n\t\t\t\t\t\t\t\t\t\t\t\t\tC450\t\t\t\t\t\t\t\t\t\t\t<\/th>\n\t\t\t\t\t\t\t\t\t\t\t\t\t\t<th colspan=\"1\" rowspan=\"1\">\n\t\t\t\t\t\t\t\t\t\t\t\t\tC550\t\t\t\t\t\t\t\t\t\t\t<\/th>\n\t\t\t\t\t\t\t<\/tr>\n\t\t\t\t\t<tr class=\"wd-rs-678ff5c243f7c\">\n\t\t\t\t\t\t\t\t\t\t\t\t\t\t<td colspan=\"1\" rowspan=\"1\">\n\t\t\t\t\t\t\t\t\t\t\t\t\tDiam\u00e8tre de coupe (bois tendre) \u2013 mm \t\t\t\t\t\t\t\t\t\t\t<\/td>\n\t\t\t\t\t\t\t\t\t\t\t\t\t\t<td colspan=\"1\" rowspan=\"1\">\n\t\t\t\t\t\t\t\t\t\t\t\t\t330\t\t\t\t\t\t\t\t\t\t\t<\/td>\n\t\t\t\t\t\t\t\t\t\t\t\t\t\t<td colspan=\"1\" rowspan=\"1\">\n\t\t\t\t\t\t\t\t\t\t\t\t\t400\t\t\t\t\t\t\t\t\t\t\t<\/td>\n\t\t\t\t\t\t\t\t\t\t\t\t\t\t<td colspan=\"1\" rowspan=\"1\">\n\t\t\t\t\t\t\t\t\t\t\t\t\t500\t\t\t\t\t\t\t\t\t\t\t<\/td>\n\t\t\t\t\t\t\t\t\t\t\t\t\t\t<td colspan=\"1\" rowspan=\"1\">\n\t\t\t\t\t\t\t\t\t\t\t\t\t600\t\t\t\t\t\t\t\t\t\t\t<\/td>\n\t\t\t\t\t\t\t<\/tr>\n\t\t\t\t\t<tr class=\"wd-rs-678ff60c59840\">\n\t\t\t\t\t\t\t\t\t\t\t\t\t\t<td colspan=\"1\" rowspan=\"1\">\n\t\t\t\t\t\t\t\t\t\t\t\t\tDiam\u00e8tre de coupe (bois dur) \u2013 mm \t\t\t\t\t\t\t\t\t\t\t<\/td>\n\t\t\t\t\t\t\t\t\t\t\t\t\t\t<td colspan=\"1\" rowspan=\"1\">\n\t\t\t\t\t\t\t\t\t\t\t\t\t280\t\t\t\t\t\t\t\t\t\t\t<\/td>\n\t\t\t\t\t\t\t\t\t\t\t\t\t\t<td colspan=\"1\" rowspan=\"1\">\n\t\t\t\t\t\t\t\t\t\t\t\t\t350\t\t\t\t\t\t\t\t\t\t\t<\/td>\n\t\t\t\t\t\t\t\t\t\t\t\t\t\t<td colspan=\"1\" rowspan=\"1\">\n\t\t\t\t\t\t\t\t\t\t\t\t\t450\t\t\t\t\t\t\t\t\t\t\t<\/td>\n\t\t\t\t\t\t\t\t\t\t\t\t\t\t<td colspan=\"1\" rowspan=\"1\">\n\t\t\t\t\t\t\t\t\t\t\t\t\t550\t\t\t\t\t\t\t\t\t\t\t<\/td>\n\t\t\t\t\t\t\t<\/tr>\n\t\t\t\t\t<tr class=\"wd-rs-678ff663180f2\">\n\t\t\t\t\t\t\t\t\t\t\t\t\t\t<td colspan=\"1\" rowspan=\"1\">\n\t\t\t\t\t\t\t\t\t\t\t\t\tOuverture de la t\u00eate de coupe - mm \t\t\t\t\t\t\t\t\t\t\t<\/td>\n\t\t\t\t\t\t\t\t\t\t\t\t\t\t<td colspan=\"1\" rowspan=\"1\">\n\t\t\t\t\t\t\t\t\t\t\t\t\t930\t\t\t\t\t\t\t\t\t\t\t<\/td>\n\t\t\t\t\t\t\t\t\t\t\t\t\t\t<td colspan=\"1\" rowspan=\"1\">\n\t\t\t\t\t\t\t\t\t\t\t\t\t1.430\t\t\t\t\t\t\t\t\t\t\t<\/td>\n\t\t\t\t\t\t\t\t\t\t\t\t\t\t<td colspan=\"1\" rowspan=\"1\">\n\t\t\t\t\t\t\t\t\t\t\t\t\t1.600\t\t\t\t\t\t\t\t\t\t\t<\/td>\n\t\t\t\t\t\t\t\t\t\t\t\t\t\t<td colspan=\"1\" rowspan=\"1\">\n\t\t\t\t\t\t\t\t\t\t\t\t\t1.600\t\t\t\t\t\t\t\t\t\t\t<\/td>\n\t\t\t\t\t\t\t<\/tr>\n\t\t\t\t\t<tr class=\"wd-rs-678ff69bb9b68\">\n\t\t\t\t\t\t\t\t\t\t\t\t\t\t<td colspan=\"1\" rowspan=\"1\">\n\t\t\t\t\t\t\t\t\t\t\t\t\tOuverture de ciseau \u2013 mm \t\t\t\t\t\t\t\t\t\t\t<\/td>\n\t\t\t\t\t\t\t\t\t\t\t\t\t\t<td colspan=\"1\" rowspan=\"1\">\n\t\t\t\t\t\t\t\t\t\t\t\t\t450\t\t\t\t\t\t\t\t\t\t\t<\/td>\n\t\t\t\t\t\t\t\t\t\t\t\t\t\t<td colspan=\"1\" rowspan=\"1\">\n\t\t\t\t\t\t\t\t\t\t\t\t\t700\t\t\t\t\t\t\t\t\t\t\t<\/td>\n\t\t\t\t\t\t\t\t\t\t\t\t\t\t<td colspan=\"1\" rowspan=\"1\">\n\t\t\t\t\t\t\t\t\t\t\t\t\t800\t\t\t\t\t\t\t\t\t\t\t<\/td>\n\t\t\t\t\t\t\t\t\t\t\t\t\t\t<td colspan=\"1\" rowspan=\"1\">\n\t\t\t\t\t\t\t\t\t\t\t\t\t900\t\t\t\t\t\t\t\t\t\t\t<\/td>\n\t\t\t\t\t\t\t<\/tr>\n\t\t\t\t\t<tr class=\"wd-rs-67bda6909d52d\">\n\t\t\t\t\t\t\t\t\t\t\t\t\t\t<td colspan=\"1\" rowspan=\"1\">\n\t\t\t\t\t\t\t\t\t\t\t\t\tPoids (base \u2013 \u00e9quipement complet) \u2013 kg \t\t\t\t\t\t\t\t\t\t\t<\/td>\n\t\t\t\t\t\t\t\t\t\t\t\t\t\t<td colspan=\"1\" rowspan=\"1\">\n\t\t\t\t\t\t\t\t\t\t\t\t\t580 - 970\t\t\t\t\t\t\t\t\t\t\t<\/td>\n\t\t\t\t\t\t\t\t\t\t\t\t\t\t<td colspan=\"1\" rowspan=\"1\">\n\t\t\t\t\t\t\t\t\t\t\t\t\t1.150 \u2013 1.620\t\t\t\t\t\t\t\t\t\t\t<\/td>\n\t\t\t\t\t\t\t\t\t\t\t\t\t\t<td colspan=\"1\" rowspan=\"1\">\n\t\t\t\t\t\t\t\t\t\t\t\t\t1.760 - 2.350\t\t\t\t\t\t\t\t\t\t\t<\/td>\n\t\t\t\t\t\t\t\t\t\t\t\t\t\t<td colspan=\"1\" rowspan=\"1\">\n\t\t\t\t\t\t\t\t\t\t\t\t\t2.000 - 2.620\t\t\t\t\t\t\t\t\t\t\t<\/td>\n\t\t\t\t\t\t\t<\/tr>\n\t\t\t\t\t<tr class=\"wd-rs-678ff77cc559d\">\n\t\t\t\t\t\t\t\t\t\t\t\t\t\t<td colspan=\"1\" rowspan=\"1\">\n\t\t\t\t\t\t\t\t\t\t\t\t\tCapacit\u00e9 de d\u00e9bit de pompe recommand\u00e9e dans le circuit principal \u2013 L\/min. \t\t\t\t\t\t\t\t\t\t\t<\/td>\n\t\t\t\t\t\t\t\t\t\t\t\t\t\t<td colspan=\"1\" rowspan=\"1\">\n\t\t\t\t\t\t\t\t\t\t\t\t\t50 - 100\t\t\t\t\t\t\t\t\t\t\t<\/td>\n\t\t\t\t\t\t\t\t\t\t\t\t\t\t<td colspan=\"1\" rowspan=\"1\">\n\t\t\t\t\t\t\t\t\t\t\t\t\t70 - 150\t\t\t\t\t\t\t\t\t\t\t<\/td>\n\t\t\t\t\t\t\t\t\t\t\t\t\t\t<td colspan=\"1\" rowspan=\"1\">\n\t\t\t\t\t\t\t\t\t\t\t\t\t80 - 160\t\t\t\t\t\t\t\t\t\t\t<\/td>\n\t\t\t\t\t\t\t\t\t\t\t\t\t\t<td colspan=\"1\" rowspan=\"1\">\n\t\t\t\t\t\t\t\t\t\t\t\t\t100 - 190\t\t\t\t\t\t\t\t\t\t\t<\/td>\n\t\t\t\t\t\t\t<\/tr>\n\t\t\t\t\t<tr class=\"wd-rs-678ff7c9ba7db\">\n\t\t\t\t\t\t\t\t\t\t\t\t\t\t<td colspan=\"1\" rowspan=\"1\">\n\t\t\t\t\t\t\t\t\t\t\t\t\tPression de service recommand\u00e9e \u2013 bar \t\t\t\t\t\t\t\t\t\t\t<\/td>\n\t\t\t\t\t\t\t\t\t\t\t\t\t\t<td colspan=\"1\" rowspan=\"1\">\n\t\t\t\t\t\t\t\t\t\t\t\t\t280\t\t\t\t\t\t\t\t\t\t\t<\/td>\n\t\t\t\t\t\t\t\t\t\t\t\t\t\t<td colspan=\"1\" rowspan=\"1\">\n\t\t\t\t\t\t\t\t\t\t\t\t\t280\t\t\t\t\t\t\t\t\t\t\t<\/td>\n\t\t\t\t\t\t\t\t\t\t\t\t\t\t<td colspan=\"1\" rowspan=\"1\">\n\t\t\t\t\t\t\t\t\t\t\t\t\t280\t\t\t\t\t\t\t\t\t\t\t<\/td>\n\t\t\t\t\t\t\t\t\t\t\t\t\t\t<td colspan=\"1\" rowspan=\"1\">\n\t\t\t\t\t\t\t\t\t\t\t\t\t280\t\t\t\t\t\t\t\t\t\t\t<\/td>\n\t\t\t\t\t\t\t<\/tr>\n\t\t\t\t\t\t\t<\/tbody>\n\t\t\t\t<\/table>\n\t\t\t<\/div>\n\t\t<\/div>\n\t\t<\/div><\/div><\/div><div class=\"wpb_column vc_column_container vc_col-sm-3\"><div class=\"vc_column-inner\"><div class=\"wpb_wrapper\"><\/div><\/div><\/div><\/div>\n<\/div>","protected":false},"excerpt":{"rendered":"<p>Les t\u00eates de coupe Woodcracker C facilitent la r\u00e9colte en toute s\u00e9curit\u00e9 des arbres et des arbustes. Convient pour la r\u00e9colte des cultures, les terrains accident\u00e9s, les zones montagneuses, l'exploitation foresti\u00e8re, les pentes probl\u00e9matiques ou dangereuses et les environnements humides.<\/p>\n<p><img decoding=\"async\" src=\"https:\/\/maquinasflorestais.com\/wp-content\/uploads\/2024\/10\/pdf.png\" \/> <a href=\"https:\/\/maquinasflorestais.com\/wp-content\/uploads\/2025\/01\/WOODCRACKER-C-FR.pdf\" target=\"_blank\"><strong> Fiche technique.<\/strong><\/a><\/p>\n<table style=\"border-top: 1px solid #c0c0c0;\">\n<tbody>\n<tr>\n<td style=\"width: 15%; border-bottom: none;\"><img decoding=\"async\" src=\"https:\/\/maquinasflorestais.com\/wp-content\/uploads\/2024\/10\/henrique.jpeg\" width=\"90\" \/><\/td>\n<td style=\"border-bottom: none;\">\n<h3>David Magalh\u00e3es<\/h3>\n<p><img loading=\"lazy\" decoding=\"async\" src=\"https:\/\/maquinasflorestais.com\/wp-content\/uploads\/2024\/06\/flag-pt.svg\" alt=\"\" width=\"20\" height=\"20\" \/> <img loading=\"lazy\" decoding=\"async\" src=\"https:\/\/maquinasflorestais.com\/wp-content\/uploads\/2024\/06\/flag-sp.svg\" alt=\"\" width=\"20\" height=\"20\" \/><\/p>\n<p>D\u00e9partement commercial<br \/>\nT. (+351) 915 508 925<\/td>\n<\/tr>\n<tr>\n<td><\/td>\n<td><a class=\"btn btn-color-default btn-style-default btn-style-rectangle btn-size-small btn-icon-pos-right\" title=\"\" href=\"mailto:david@forestcortemaquinas.pt\">E-mail<\/a><\/td>\n<\/tr>\n<\/tbody>\n<\/table>","protected":false},"featured_media":13846,"template":"","meta":[],"product_brand":[],"product_cat":[80],"product_tag":[81,82,187,294],"class_list":{"0":"post-13690","1":"product","2":"type-product","3":"status-publish","4":"has-post-thumbnail","6":"product_cat-cabecas-de-corte","7":"product_tag-cabeca-de-corte","8":"product_tag-maquinas-florestais","9":"product_tag-woodcracker","10":"product_tag-woodtracker-c","12":"first","13":"instock","14":"shipping-taxable","15":"product-type-simple"},"_links":{"self":[{"href":"https:\/\/maquinasflorestais.com\/fr\/wp-json\/wp\/v2\/product\/13690","targetHints":{"allow":["GET"]}}],"collection":[{"href":"https:\/\/maquinasflorestais.com\/fr\/wp-json\/wp\/v2\/product"}],"about":[{"href":"https:\/\/maquinasflorestais.com\/fr\/wp-json\/wp\/v2\/types\/product"}],"wp:featuredmedia":[{"embeddable":true,"href":"https:\/\/maquinasflorestais.com\/fr\/wp-json\/wp\/v2\/media\/13846"}],"wp:attachment":[{"href":"https:\/\/maquinasflorestais.com\/fr\/wp-json\/wp\/v2\/media?parent=13690"}],"wp:term":[{"taxonomy":"product_brand","embeddable":true,"href":"https:\/\/maquinasflorestais.com\/fr\/wp-json\/wp\/v2\/product_brand?post=13690"},{"taxonomy":"product_cat","embeddable":true,"href":"https:\/\/maquinasflorestais.com\/fr\/wp-json\/wp\/v2\/product_cat?post=13690"},{"taxonomy":"product_tag","embeddable":true,"href":"https:\/\/maquinasflorestais.com\/fr\/wp-json\/wp\/v2\/product_tag?post=13690"}],"curies":[{"name":"wp","href":"https:\/\/api.w.org\/{rel}","templated":true}]}}