{"id":13151,"date":"2024-10-17T10:25:27","date_gmt":"2024-10-17T10:25:27","guid":{"rendered":"https:\/\/maquinasflorestais.com\/?post_type=product&#038;p=13151"},"modified":"2025-05-22T10:22:04","modified_gmt":"2025-05-22T10:22:04","slug":"pincas-mesera-mf","status":"publish","type":"product","link":"https:\/\/maquinasflorestais.com\/fr\/produtos\/pincas-mesera-mf\/","title":{"rendered":"GRAPPINS MESERA MF"},"content":{"rendered":"<div class=\"wpb-content-wrapper\"><div class=\"vc_row wpb_row vc_row-fluid\"><div class=\"wpb_column vc_column_container vc_col-sm-12\"><div class=\"vc_column-inner\"><div class=\"wpb_wrapper\">\t\t<div class=\"wd-wpb wd-rs-6693833b09cb6\">\n\t\t\t<div class=\"wd-el-table-wrap wd-reset-all-last\">\n\t\t\t\t<table class=\"wd-el-table\">\n\t\t\t\t\t<tbody class=\"text-left\">\n\t\t\t\t\t\t\t\t<tr class=\"wd-rs-66a9fef54a674\">\n\t\t\t\t\t\t\t\t\t\t\t\t\t\t<th colspan=\"1\" rowspan=\"1\">\n\t\t\t\t\t\t\t\t\t\t\t<\/th>\n\t\t\t\t\t\t\t\t\t\t\t\t\t\t<th colspan=\"1\" rowspan=\"1\" class=\"text-center\">\n\t\t\t\t\t\t\t\t\t\t\t\t\tMF 26\t\t\t\t\t\t\t\t\t\t\t<\/th>\n\t\t\t\t\t\t\t\t\t\t\t\t\t\t<th colspan=\"1\" rowspan=\"1\" class=\"text-center\">\n\t\t\t\t\t\t\t\t\t\t\t\t\tMF 36\t\t\t\t\t\t\t\t\t\t\t<\/th>\n\t\t\t\t\t\t\t\t\t\t\t\t\t\t<th colspan=\"1\" rowspan=\"1\" class=\"text-center\">\n\t\t\t\t\t\t\t\t\t\t\t\t\tMF 42\t\t\t\t\t\t\t\t\t\t\t<\/th>\n\t\t\t\t\t\t\t\t\t\t\t\t\t\t<th colspan=\"1\" rowspan=\"1\" class=\"text-center\">\n\t\t\t\t\t\t\t\t\t\t\t\t\tMF 52\t\t\t\t\t\t\t\t\t\t\t<\/th>\n\t\t\t\t\t\t\t<\/tr>\n\t\t\t\t\t<tr class=\"wd-rs-66a9ff3e1d3cb\">\n\t\t\t\t\t\t\t\t\t\t\t\t\t\t<th colspan=\"1\" rowspan=\"1\">\n\t\t\t\t\t\t\t\t\t\t\t\t\tPression maximale (Bar)\t\t\t\t\t\t\t\t\t\t\t<\/th>\n\t\t\t\t\t\t\t\t\t\t\t\t\t\t<td colspan=\"1\" rowspan=\"1\" class=\"text-center\">\n\t\t\t\t\t\t\t\t\t\t\t\t\t250\t\t\t\t\t\t\t\t\t\t\t<\/td>\n\t\t\t\t\t\t\t\t\t\t\t\t\t\t<td colspan=\"1\" rowspan=\"1\" class=\"text-center\">\n\t\t\t\t\t\t\t\t\t\t\t\t\t250\t\t\t\t\t\t\t\t\t\t\t<\/td>\n\t\t\t\t\t\t\t\t\t\t\t\t\t\t<td colspan=\"1\" rowspan=\"1\" class=\"text-center\">\n\t\t\t\t\t\t\t\t\t\t\t\t\t250\t\t\t\t\t\t\t\t\t\t\t<\/td>\n\t\t\t\t\t\t\t\t\t\t\t\t\t\t<td colspan=\"1\" rowspan=\"1\" class=\"text-center\">\n\t\t\t\t\t\t\t\t\t\t\t\t\t250\t\t\t\t\t\t\t\t\t\t\t<\/td>\n\t\t\t\t\t\t\t<\/tr>\n\t\t\t\t\t<tr class=\"wd-rs-66a9ff7d0caae\">\n\t\t\t\t\t\t\t\t\t\t\t\t\t\t<th colspan=\"1\" rowspan=\"1\">\n\t\t\t\t\t\t\t\t\t\t\t\t\tPoids (kg)\t\t\t\t\t\t\t\t\t\t\t<\/th>\n\t\t\t\t\t\t\t\t\t\t\t\t\t\t<td colspan=\"1\" rowspan=\"1\" class=\"text-center\">\n\t\t\t\t\t\t\t\t\t\t\t\t\t175\t\t\t\t\t\t\t\t\t\t\t<\/td>\n\t\t\t\t\t\t\t\t\t\t\t\t\t\t<td colspan=\"1\" rowspan=\"1\" class=\"text-center\">\n\t\t\t\t\t\t\t\t\t\t\t\t\t185\t\t\t\t\t\t\t\t\t\t\t<\/td>\n\t\t\t\t\t\t\t\t\t\t\t\t\t\t<td colspan=\"1\" rowspan=\"1\" class=\"text-center\">\n\t\t\t\t\t\t\t\t\t\t\t\t\t260\t\t\t\t\t\t\t\t\t\t\t<\/td>\n\t\t\t\t\t\t\t\t\t\t\t\t\t\t<td colspan=\"1\" rowspan=\"1\" class=\"text-center\">\n\t\t\t\t\t\t\t\t\t\t\t\t\t270\t\t\t\t\t\t\t\t\t\t\t<\/td>\n\t\t\t\t\t\t\t<\/tr>\n\t\t\t\t\t<tr class=\"wd-rs-66aa0063b3cd9\">\n\t\t\t\t\t\t\t\t\t\t\t\t\t\t<th colspan=\"1\" rowspan=\"1\">\n\t\t\t\t\t\t\t\t\t\t\t\t\tAire (m2)\t\t\t\t\t\t\t\t\t\t\t<\/th>\n\t\t\t\t\t\t\t\t\t\t\t\t\t\t<td colspan=\"1\" rowspan=\"1\" class=\"text-center\">\n\t\t\t\t\t\t\t\t\t\t\t\t\t0.25\t\t\t\t\t\t\t\t\t\t\t<\/td>\n\t\t\t\t\t\t\t\t\t\t\t\t\t\t<td colspan=\"1\" rowspan=\"1\" class=\"text-center\">\n\t\t\t\t\t\t\t\t\t\t\t\t\t0.35\t\t\t\t\t\t\t\t\t\t\t<\/td>\n\t\t\t\t\t\t\t\t\t\t\t\t\t\t<td colspan=\"1\" rowspan=\"1\" class=\"text-center\">\n\t\t\t\t\t\t\t\t\t\t\t\t\t0.40\t\t\t\t\t\t\t\t\t\t\t<\/td>\n\t\t\t\t\t\t\t\t\t\t\t\t\t\t<td colspan=\"1\" rowspan=\"1\" class=\"text-center\">\n\t\t\t\t\t\t\t\t\t\t\t\t\t0.50\t\t\t\t\t\t\t\t\t\t\t<\/td>\n\t\t\t\t\t\t\t<\/tr>\n\t\t\t\t\t<tr class=\"wd-rs-66aa0090f366d\">\n\t\t\t\t\t\t\t\t\t\t\t\t\t\t<th colspan=\"1\" rowspan=\"1\">\n\t\t\t\t\t\t\t\t\t\t\t\t\tCharge maximale (kg)\t\t\t\t\t\t\t\t\t\t\t<\/th>\n\t\t\t\t\t\t\t\t\t\t\t\t\t\t<td colspan=\"1\" rowspan=\"1\" class=\"text-center\">\n\t\t\t\t\t\t\t\t\t\t\t\t\t4 500\t\t\t\t\t\t\t\t\t\t\t<\/td>\n\t\t\t\t\t\t\t\t\t\t\t\t\t\t<td colspan=\"1\" rowspan=\"1\" class=\"text-center\">\n\t\t\t\t\t\t\t\t\t\t\t\t\t4 500\t\t\t\t\t\t\t\t\t\t\t<\/td>\n\t\t\t\t\t\t\t\t\t\t\t\t\t\t<td colspan=\"1\" rowspan=\"1\" class=\"text-center\">\n\t\t\t\t\t\t\t\t\t\t\t\t\t6 500\t\t\t\t\t\t\t\t\t\t\t<\/td>\n\t\t\t\t\t\t\t\t\t\t\t\t\t\t<td colspan=\"1\" rowspan=\"1\" class=\"text-center\">\n\t\t\t\t\t\t\t\t\t\t\t\t\t6 500\t\t\t\t\t\t\t\t\t\t\t<\/td>\n\t\t\t\t\t\t\t<\/tr>\n\t\t\t\t\t<tr class=\"wd-rs-66aa00c813298\">\n\t\t\t\t\t\t\t\t\t\t\t\t\t\t<th colspan=\"1\" rowspan=\"1\">\n\t\t\t\t\t\t\t\t\t\t\t\t\tPression (kN\/MPa)\t\t\t\t\t\t\t\t\t\t\t<\/th>\n\t\t\t\t\t\t\t\t\t\t\t\t\t\t<td colspan=\"1\" rowspan=\"1\" class=\"text-center\">\n\t\t\t\t\t\t\t\t\t\t\t\t\t14.1\/25\t\t\t\t\t\t\t\t\t\t\t<\/td>\n\t\t\t\t\t\t\t\t\t\t\t\t\t\t<td colspan=\"1\" rowspan=\"1\" class=\"text-center\">\n\t\t\t\t\t\t\t\t\t\t\t\t\t13.1\/25\t\t\t\t\t\t\t\t\t\t\t<\/td>\n\t\t\t\t\t\t\t\t\t\t\t\t\t\t<td colspan=\"1\" rowspan=\"1\" class=\"text-center\">\n\t\t\t\t\t\t\t\t\t\t\t\t\t20\/25\t\t\t\t\t\t\t\t\t\t\t<\/td>\n\t\t\t\t\t\t\t\t\t\t\t\t\t\t<td colspan=\"1\" rowspan=\"1\" class=\"text-center\">\n\t\t\t\t\t\t\t\t\t\t\t\t\t18.8\/25\t\t\t\t\t\t\t\t\t\t\t<\/td>\n\t\t\t\t\t\t\t<\/tr>\n\t\t\t\t\t<tr class=\"wd-rs-66aa0120c6ab7\">\n\t\t\t\t\t\t\t\t\t\t\t\t\t\t<th colspan=\"1\" rowspan=\"1\">\n\t\t\t\t\t\t\t\t\t\t\t\t\tLargeur (mm)\t\t\t\t\t\t\t\t\t\t\t<\/th>\n\t\t\t\t\t\t\t\t\t\t\t\t\t\t<td colspan=\"1\" rowspan=\"1\" class=\"text-center\">\n\t\t\t\t\t\t\t\t\t\t\t\t\t422\t\t\t\t\t\t\t\t\t\t\t<\/td>\n\t\t\t\t\t\t\t\t\t\t\t\t\t\t<td colspan=\"1\" rowspan=\"1\" class=\"text-center\">\n\t\t\t\t\t\t\t\t\t\t\t\t\t422\t\t\t\t\t\t\t\t\t\t\t<\/td>\n\t\t\t\t\t\t\t\t\t\t\t\t\t\t<td colspan=\"1\" rowspan=\"1\" class=\"text-center\">\n\t\t\t\t\t\t\t\t\t\t\t\t\t548\t\t\t\t\t\t\t\t\t\t\t<\/td>\n\t\t\t\t\t\t\t\t\t\t\t\t\t\t<td colspan=\"1\" rowspan=\"1\" class=\"text-center\">\n\t\t\t\t\t\t\t\t\t\t\t\t\t548\t\t\t\t\t\t\t\t\t\t\t<\/td>\n\t\t\t\t\t\t\t<\/tr>\n\t\t\t\t\t<tr class=\"wd-rs-66aa0185489ba\">\n\t\t\t\t\t\t\t\t\t\t\t\t\t\t<th colspan=\"1\" rowspan=\"1\">\n\t\t\t\t\t\t\t\t\t\t\t\t\tHauteur ouvert (mm)\t\t\t\t\t\t\t\t\t\t\t<\/th>\n\t\t\t\t\t\t\t\t\t\t\t\t\t\t<td colspan=\"1\" rowspan=\"1\" class=\"text-center\">\n\t\t\t\t\t\t\t\t\t\t\t\t\t718\t\t\t\t\t\t\t\t\t\t\t<\/td>\n\t\t\t\t\t\t\t\t\t\t\t\t\t\t<td colspan=\"1\" rowspan=\"1\" class=\"text-center\">\n\t\t\t\t\t\t\t\t\t\t\t\t\t784\t\t\t\t\t\t\t\t\t\t\t<\/td>\n\t\t\t\t\t\t\t\t\t\t\t\t\t\t<td colspan=\"1\" rowspan=\"1\" class=\"text-center\">\n\t\t\t\t\t\t\t\t\t\t\t\t\t853\t\t\t\t\t\t\t\t\t\t\t<\/td>\n\t\t\t\t\t\t\t\t\t\t\t\t\t\t<td colspan=\"1\" rowspan=\"1\" class=\"text-center\">\n\t\t\t\t\t\t\t\t\t\t\t\t\t811\t\t\t\t\t\t\t\t\t\t\t<\/td>\n\t\t\t\t\t\t\t<\/tr>\n\t\t\t\t\t<tr class=\"wd-rs-66aa06116bfbb\">\n\t\t\t\t\t\t\t\t\t\t\t\t\t\t<th colspan=\"1\" rowspan=\"1\">\n\t\t\t\t\t\t\t\t\t\t\t\t\tHauteur ferm\u00e9 (mm)\t\t\t\t\t\t\t\t\t\t\t<\/th>\n\t\t\t\t\t\t\t\t\t\t\t\t\t\t<td colspan=\"1\" rowspan=\"1\" class=\"text-center\">\n\t\t\t\t\t\t\t\t\t\t\t\t\t862\t\t\t\t\t\t\t\t\t\t\t<\/td>\n\t\t\t\t\t\t\t\t\t\t\t\t\t\t<td colspan=\"1\" rowspan=\"1\" class=\"text-center\">\n\t\t\t\t\t\t\t\t\t\t\t\t\t925\t\t\t\t\t\t\t\t\t\t\t<\/td>\n\t\t\t\t\t\t\t\t\t\t\t\t\t\t<td colspan=\"1\" rowspan=\"1\" class=\"text-center\">\n\t\t\t\t\t\t\t\t\t\t\t\t\t1047\t\t\t\t\t\t\t\t\t\t\t<\/td>\n\t\t\t\t\t\t\t\t\t\t\t\t\t\t<td colspan=\"1\" rowspan=\"1\" class=\"text-center\">\n\t\t\t\t\t\t\t\t\t\t\t\t\t1078\t\t\t\t\t\t\t\t\t\t\t<\/td>\n\t\t\t\t\t\t\t<\/tr>\n\t\t\t\t\t<tr class=\"wd-rs-66aa065d1b773\">\n\t\t\t\t\t\t\t\t\t\t\t\t\t\t<th colspan=\"1\" rowspan=\"1\">\n\t\t\t\t\t\t\t\t\t\t\t\t\tLongueur ferm\u00e9 (mm)\t\t\t\t\t\t\t\t\t\t\t<\/th>\n\t\t\t\t\t\t\t\t\t\t\t\t\t\t<td colspan=\"1\" rowspan=\"1\" class=\"text-center\">\n\t\t\t\t\t\t\t\t\t\t\t\t\t824\t\t\t\t\t\t\t\t\t\t\t<\/td>\n\t\t\t\t\t\t\t\t\t\t\t\t\t\t<td colspan=\"1\" rowspan=\"1\" class=\"text-center\">\n\t\t\t\t\t\t\t\t\t\t\t\t\t932\t\t\t\t\t\t\t\t\t\t\t<\/td>\n\t\t\t\t\t\t\t\t\t\t\t\t\t\t<td colspan=\"1\" rowspan=\"1\" class=\"text-center\">\n\t\t\t\t\t\t\t\t\t\t\t\t\t980\t\t\t\t\t\t\t\t\t\t\t<\/td>\n\t\t\t\t\t\t\t\t\t\t\t\t\t\t<td colspan=\"1\" rowspan=\"1\" class=\"text-center\">\n\t\t\t\t\t\t\t\t\t\t\t\t\t1047\t\t\t\t\t\t\t\t\t\t\t<\/td>\n\t\t\t\t\t\t\t<\/tr>\n\t\t\t\t\t<tr class=\"wd-rs-66bca39693cac\">\n\t\t\t\t\t\t\t\t\t\t\t\t\t\t<th colspan=\"1\" rowspan=\"1\">\n\t\t\t\t\t\t\t\t\t\t\t\t\tOuverture maximale (mm)\t\t\t\t\t\t\t\t\t\t\t<\/th>\n\t\t\t\t\t\t\t\t\t\t\t\t\t\t<td colspan=\"1\" rowspan=\"1\" class=\"text-center\">\n\t\t\t\t\t\t\t\t\t\t\t\t\t1 492\t\t\t\t\t\t\t\t\t\t\t<\/td>\n\t\t\t\t\t\t\t\t\t\t\t\t\t\t<td colspan=\"1\" rowspan=\"1\" class=\"text-center\">\n\t\t\t\t\t\t\t\t\t\t\t\t\t1 560\t\t\t\t\t\t\t\t\t\t\t<\/td>\n\t\t\t\t\t\t\t\t\t\t\t\t\t\t<td colspan=\"1\" rowspan=\"1\" class=\"text-center\">\n\t\t\t\t\t\t\t\t\t\t\t\t\t1 820\t\t\t\t\t\t\t\t\t\t\t<\/td>\n\t\t\t\t\t\t\t\t\t\t\t\t\t\t<td colspan=\"1\" rowspan=\"1\" class=\"text-center\">\n\t\t\t\t\t\t\t\t\t\t\t\t\t1 978\t\t\t\t\t\t\t\t\t\t\t<\/td>\n\t\t\t\t\t\t\t<\/tr>\n\t\t\t\t\t\t\t<\/tbody>\n\t\t\t\t<\/table>\n\t\t\t<\/div>\n\t\t<\/div>\n\t\t<\/div><\/div><\/div><\/div>\n<\/div>","protected":false},"excerpt":{"rendered":"<p>Les grappins de la s\u00e9rie MF sont utilis\u00e9s pour une manipulation facile et efficace du bois. Cette gamme garantit qu\u2019il s\u2019agit du choix parfait pour n\u2019importe quel utilisateur. Gr\u00e2ce \u00e0 la tige de cylindre prot\u00e9g\u00e9e, au dimensionnement optimis\u00e9 de la tige et \u00e0 sa forme, ces grappins sont un choix solide pour tous les professionnels.<\/p>\n<p><img decoding=\"async\" src=\"https:\/\/maquinasflorestais.com\/wp-content\/uploads\/2024\/10\/pdf.png\" \/> <a href=\"https:\/\/maquinasflorestais.com\/wp-content\/uploads\/2024\/06\/MESERA_PINCAS_MF_-_FR.pdf\" target=\"_blank\"><strong> Fiche technique.<\/strong><\/a><\/p>\n<table style=\"border-top: 1px solid #c0c0c0;\">\n<tr>\n<td style=\"width: 15%; border-bottom: none;\"><img decoding=\"async\" src=\"https:\/\/maquinasflorestais.com\/wp-content\/uploads\/2024\/10\/henrique.jpeg\" width=\"90\" \/><\/td>\n<td style=\"border-bottom: none;\">\n<h3>David Magalh\u00e3es<\/h3>\n<p>\t\t<img loading=\"lazy\" decoding=\"async\" src=\"https:\/\/maquinasflorestais.com\/wp-content\/uploads\/2024\/06\/flag-pt.svg\" alt=\"\" width=\"20\" height=\"20\" \/> <img loading=\"lazy\" decoding=\"async\" src=\"https:\/\/maquinasflorestais.com\/wp-content\/uploads\/2024\/06\/flag-sp.svg\" alt=\"\" width=\"20\" height=\"20\" \/><\/p>\n<p>D\u00e9partement commercial<br \/>T. (+351) 915 508 925<\/p>\n<\/td>\n<\/tr>\n<tr>\n<td><\/td>\n<td><a href=\"mailto:david@forestcortemaquinas.pt\" title=\"\" class=\"btn btn-color-default btn-style-default btn-style-rectangle btn-size-small btn-icon-pos-right\">E-mail<span class=\"wd-btn-icon\"><span class=\"wd-icon far fa-envelope\"><\/span><\/span><\/a><\/td>\n<\/tr>\n<\/table>","protected":false},"featured_media":13164,"template":"","meta":[],"product_brand":[],"product_cat":[21],"product_tag":[82,216,231,230,229,98],"class_list":{"0":"post-13151","1":"product","2":"type-product","3":"status-publish","4":"has-post-thumbnail","6":"product_cat-pincas","7":"product_tag-maquinas-florestais","8":"product_tag-mesera","9":"product_tag-mf36","10":"product_tag-mf42","11":"product_tag-mf52","12":"product_tag-pincas","14":"first","15":"instock","16":"shipping-taxable","17":"product-type-simple"},"_links":{"self":[{"href":"https:\/\/maquinasflorestais.com\/fr\/wp-json\/wp\/v2\/product\/13151","targetHints":{"allow":["GET"]}}],"collection":[{"href":"https:\/\/maquinasflorestais.com\/fr\/wp-json\/wp\/v2\/product"}],"about":[{"href":"https:\/\/maquinasflorestais.com\/fr\/wp-json\/wp\/v2\/types\/product"}],"wp:featuredmedia":[{"embeddable":true,"href":"https:\/\/maquinasflorestais.com\/fr\/wp-json\/wp\/v2\/media\/13164"}],"wp:attachment":[{"href":"https:\/\/maquinasflorestais.com\/fr\/wp-json\/wp\/v2\/media?parent=13151"}],"wp:term":[{"taxonomy":"product_brand","embeddable":true,"href":"https:\/\/maquinasflorestais.com\/fr\/wp-json\/wp\/v2\/product_brand?post=13151"},{"taxonomy":"product_cat","embeddable":true,"href":"https:\/\/maquinasflorestais.com\/fr\/wp-json\/wp\/v2\/product_cat?post=13151"},{"taxonomy":"product_tag","embeddable":true,"href":"https:\/\/maquinasflorestais.com\/fr\/wp-json\/wp\/v2\/product_tag?post=13151"}],"curies":[{"name":"wp","href":"https:\/\/api.w.org\/{rel}","templated":true}]}}