{"id":12108,"date":"2024-06-27T07:42:49","date_gmt":"2024-06-27T07:42:49","guid":{"rendered":"https:\/\/maquinasflorestais.com\/innovation\/"},"modified":"2024-07-03T10:22:23","modified_gmt":"2024-07-03T10:22:23","slug":"innovation","status":"publish","type":"page","link":"https:\/\/maquinasflorestais.com\/fr\/innovation\/","title":{"rendered":"Innovation"},"content":{"rendered":"<div class=\"wpb-content-wrapper\"><div class=\"vc_row wpb_row vc_row-fluid\"><div class=\"wpb_column vc_column_container vc_col-sm-6\"><div class=\"vc_column-inner\"><div class=\"wpb_wrapper\">\t\t<div id=\"wd-667d17575bad1\" class=\"wd-image wd-wpb wd-rs-667d17575bad1 text-left vc_custom_1719474047932\">\n\t\t\t\n\t\t\t<img loading=\"lazy\" decoding=\"async\" width=\"1460\" height=\"1215\" src=\"https:\/\/maquinasflorestais.com\/wp-content\/uploads\/2024\/06\/maquinas_florestais_inovacao.jpeg\" class=\"attachment-full\" alt=\"M\u00e1quinas Florestais Inova\u00e7\u00e3o\" title=\"M\u00e1quinas Florestais Inova\u00e7\u00e3o\" srcset=\"https:\/\/maquinasflorestais.com\/wp-content\/uploads\/2024\/06\/maquinas_florestais_inovacao.jpeg 1460w, https:\/\/maquinasflorestais.com\/wp-content\/uploads\/2024\/06\/maquinas_florestais_inovacao-360x300.jpeg 360w, https:\/\/maquinasflorestais.com\/wp-content\/uploads\/2024\/06\/maquinas_florestais_inovacao-961x800.jpeg 961w, https:\/\/maquinasflorestais.com\/wp-content\/uploads\/2024\/06\/maquinas_florestais_inovacao-768x639.jpeg 768w, https:\/\/maquinasflorestais.com\/wp-content\/uploads\/2024\/06\/maquinas_florestais_inovacao-860x716.jpeg 860w, https:\/\/maquinasflorestais.com\/wp-content\/uploads\/2024\/06\/maquinas_florestais_inovacao-430x358.jpeg 430w, https:\/\/maquinasflorestais.com\/wp-content\/uploads\/2024\/06\/maquinas_florestais_inovacao-700x583.jpeg 700w, https:\/\/maquinasflorestais.com\/wp-content\/uploads\/2024\/06\/maquinas_florestais_inovacao-150x125.jpeg 150w\" sizes=\"auto, (max-width: 1460px) 100vw, 1460px\" \/>\n\t\t\t\t\t<\/div>\n\t\t<\/div><\/div><\/div><div class=\"wpb_column vc_column_container vc_col-sm-6\"><div class=\"vc_column-inner\"><div class=\"wpb_wrapper\">\n\t\t<div id=\"wd-667d178738008\" class=\"title-wrapper wd-wpb set-mb-s reset-last-child  wd-rs-667d178738008 wd-title-color-primary wd-title-style-default text-left vc_custom_1719474069166 wd-underline-colored\">\n\t\t\t\n\t\t\t<div class=\"liner-continer\">\n\t\t\t\t<h4 class=\"woodmart-title-container title  wd-font-weight- wd-fontsize-xxl\" >Innovation<\/h4>\n\t\t\t\t\t\t\t<\/div>\n\t\t\t\n\t\t\t\n\t\t\t\n\t\t<\/div>\n\t\t\n\t\t\t\t<div id=\"wd-667d1798a1259\" class=\"wd-text-block wd-wpb reset-last-child wd-rs-667d1798a1259 text-left wd-width-enabled wd-fontsize-s vc_custom_1719474087053\" style=\"--wd-max-width: 90%;\">\n\t\t\t<p style=\"font-weight: 400;\">Forestcorte M\u00e1quinas&#8217; main innovation is its customer service. Knowing how difficult it is to satisfy customers in the forestry sector, the company works to facilitate and improve the relationship between customer and supplier.<\/p>\n\t\t<\/div>\n\t\t\t\t<div id=\"wd-667d17ab77ab8\" class=\"wd-text-block wd-wpb reset-last-child wd-rs-667d17ab77ab8 text-left wd-fontsize-custom vc_custom_1719474111865\">\n\t\t\t<p style=\"font-weight: 400;\">With the aim of becoming increasingly competitive and innovative, the company invests in frequent training for its technicians and tries to attend the most diverse trade fairs around the world in order to find the best and most innovative forestry solutions.<\/p>\n<p style=\"font-weight: 400;\">Thanks to its vast knowledge of the forestry sector, Forestcorte M\u00e1quinas is able to advise its customers on the best equipment for a particular job, i.e. it can tell them, based on the experience it has acquired, which solution is the best on the market.<\/p>\n<p style=\"font-weight: 400;\">As a result of the high level of know-how of its technicians, especially in the areas of hydraulics, mechanics and electronics, Forestcorte M\u00e1quinas offers effective assistance in a short space of time. What&#8217;s more, knowing the urgency of the sector, the company has a large stock in order to speed up and optimize its customers&#8217; needs.<\/p>\n<p style=\"font-weight: 400;\"><span style=\"font-weight: 400;\">As the entire Forestcorte Group is extremely concerned about the vitality of forests and their sustainability, all the equipment sold and solutions offered have highly innovative technology in order to drastically reduce the impact of logging on the environment.<\/span><\/p>\n\t\t<\/div>\n\t\t<\/div><\/div><\/div><\/div>\n<\/div>","protected":false},"excerpt":{"rendered":"Innovation Forestcorte M\u00e1quinas' main innovation is its customer service. Knowing how difficult it is to satisfy customers in the forestry","protected":false},"author":1,"featured_media":0,"parent":0,"menu_order":0,"comment_status":"closed","ping_status":"closed","template":"","meta":{"footnotes":""},"class_list":["post-12108","page","type-page","status-publish","hentry"],"_links":{"self":[{"href":"https:\/\/maquinasflorestais.com\/fr\/wp-json\/wp\/v2\/pages\/12108","targetHints":{"allow":["GET"]}}],"collection":[{"href":"https:\/\/maquinasflorestais.com\/fr\/wp-json\/wp\/v2\/pages"}],"about":[{"href":"https:\/\/maquinasflorestais.com\/fr\/wp-json\/wp\/v2\/types\/page"}],"author":[{"embeddable":true,"href":"https:\/\/maquinasflorestais.com\/fr\/wp-json\/wp\/v2\/users\/1"}],"replies":[{"embeddable":true,"href":"https:\/\/maquinasflorestais.com\/fr\/wp-json\/wp\/v2\/comments?post=12108"}],"version-history":[{"count":2,"href":"https:\/\/maquinasflorestais.com\/fr\/wp-json\/wp\/v2\/pages\/12108\/revisions"}],"predecessor-version":[{"id":12110,"href":"https:\/\/maquinasflorestais.com\/fr\/wp-json\/wp\/v2\/pages\/12108\/revisions\/12110"}],"wp:attachment":[{"href":"https:\/\/maquinasflorestais.com\/fr\/wp-json\/wp\/v2\/media?parent=12108"}],"curies":[{"name":"wp","href":"https:\/\/api.w.org\/{rel}","templated":true}]}}