{"id":12046,"date":"2021-08-25T07:26:28","date_gmt":"2021-08-25T07:26:28","guid":{"rendered":"https:\/\/maquinasflorestais.com\/about-us\/"},"modified":"2024-06-30T19:29:40","modified_gmt":"2024-06-30T19:29:40","slug":"about-us","status":"publish","type":"page","link":"https:\/\/maquinasflorestais.com\/fr\/about-us\/","title":{"rendered":"About us"},"content":{"rendered":"<div class=\"wpb-content-wrapper\"><div class=\"vc_row wpb_row vc_row-fluid vc_custom_1716194926517 row-reverse-mobile row-reverse-tablet wd-rs-664b0e5b335db\"><div class=\"wpb_column vc_column_container vc_col-sm-12 vc_col-lg-6 vc_col-md-6 wd-rs-6125f30edad72\"><div class=\"vc_column-inner vc_custom_1629877010833\"><div class=\"wpb_wrapper\">\t\t<div id=\"wd-667051e93f91d\" class=\"wd-image wd-wpb wd-rs-667051e93f91d text-left vc_custom_1718637041041\">\n\t\t\t\n\t\t\t<img loading=\"lazy\" decoding=\"async\" width=\"1441\" height=\"1282\" src=\"https:\/\/maquinasflorestais.com\/wp-content\/uploads\/2024\/05\/forestcorte_maquinas_florestais_a_empresa-w.jpg\" class=\"attachment-full\" alt=\"\" title=\"forestcorte_maquinas_florestais_a_empresa-w\" srcset=\"https:\/\/maquinasflorestais.com\/wp-content\/uploads\/2024\/05\/forestcorte_maquinas_florestais_a_empresa-w.jpg 1441w, https:\/\/maquinasflorestais.com\/wp-content\/uploads\/2024\/05\/forestcorte_maquinas_florestais_a_empresa-w-337x300.jpg 337w, https:\/\/maquinasflorestais.com\/wp-content\/uploads\/2024\/05\/forestcorte_maquinas_florestais_a_empresa-w-899x800.jpg 899w, https:\/\/maquinasflorestais.com\/wp-content\/uploads\/2024\/05\/forestcorte_maquinas_florestais_a_empresa-w-768x683.jpg 768w, https:\/\/maquinasflorestais.com\/wp-content\/uploads\/2024\/05\/forestcorte_maquinas_florestais_a_empresa-w-860x765.jpg 860w, https:\/\/maquinasflorestais.com\/wp-content\/uploads\/2024\/05\/forestcorte_maquinas_florestais_a_empresa-w-430x383.jpg 430w, https:\/\/maquinasflorestais.com\/wp-content\/uploads\/2024\/05\/forestcorte_maquinas_florestais_a_empresa-w-700x623.jpg 700w, https:\/\/maquinasflorestais.com\/wp-content\/uploads\/2024\/05\/forestcorte_maquinas_florestais_a_empresa-w-150x133.jpg 150w\" sizes=\"auto, (max-width: 1441px) 100vw, 1441px\" \/>\n\t\t\t\t\t<\/div>\n\t\t<\/div><\/div><\/div><div class=\"wpb_column vc_column_container vc_col-sm-12 vc_col-lg-offset-1 vc_col-lg-5 vc_col-md-6 vc_col-xs-12 wd-rs-664b0e9d209f6\"><div class=\"vc_column-inner vc_custom_1716195005651\"><div class=\"wpb_wrapper\">\n\t\t<div id=\"wd-664b0c5bc8cab\" class=\"title-wrapper wd-wpb set-mb-s reset-last-child  wd-rs-664b0c5bc8cab wd-title-color-primary wd-title-style-default text-left vc_custom_1716194438260 wd-underline-colored\">\n\t\t\t\t\t\t\t<div class=\"title-subtitle  subtitle-color-primary font-default subtitle-style-default wd-font-weight-600 wd-fontsize-xs\">MACHINES FORESTI\u00c8RES<\/div>\n\t\t\t\n\t\t\t<div class=\"liner-continer\">\n\t\t\t\t<h4 class=\"woodmart-title-container title  wd-font-weight- wd-fontsize-xxl\" >Forestcorte M\u00e1quinas S.A.<\/h4>\n\t\t\t\t\t\t\t<\/div>\n\t\t\t\n\t\t\t\n\t\t\t\n\t\t<\/div>\n\t\t\n\t\t\t\t<div id=\"wd-664b0c89cf06d\" class=\"wd-text-block wd-wpb reset-last-child wd-rs-664b0c89cf06d text-left wd-width-enabled wd-fontsize-s vc_custom_1716194479179\" style=\"--wd-max-width: 90%;\">\n\t\t\t<p style=\"font-weight: 400;\">Forestcorte M\u00e1quinas, S.A. is one of several companies belonging to the Forestcorte Group that currently operates in the Portuguese, Spanish and French markets, specialising in technical assistance and the sale of new and used forestry equipment.<\/p>\n\t\t<\/div>\n\t\t\t\t<div id=\"wd-66704f909d509\" class=\"wd-text-block wd-wpb reset-last-child wd-rs-66704f909d509 text-left wd-fontsize-custom vc_custom_1718636443421\">\n\t\t\t<p style=\"font-weight: 400;\">As part of a Group that has been a leader in providing forestry services since 2001, Forestcorte M\u00e1quinas has a comparative advantage over other companies and as a result is able to provide the customer with appropriate advice on the best equipment to use for a particular job. Forestcorte M\u00e1quinas guarantees excellent purchasing advice, based on its vast experience in the forestry sector, as well as total efficiency in after-sales service, thanks to the high level of know-how of its technicians: Forestcorte invests heavily in training its employees, so they are able to provide technical assistance to customers in an efficient and personalised manner.<\/p>\n<p style=\"font-weight: 400;\">In this way, Forestcorte sees itself as a competitive and differentiated company whose primary goal is to satisfy its customers.<\/p>\n<p style=\"font-weight: 400;\">With its current positioning of &#8220;Innovation by Nature&#8221;, Forestcorte M\u00e1quinas invests in highly sophisticated equipment adapted to different operations, making it possible to carry out more efficient forestry operations while respecting the ecosystem being worked on.<\/p>\n\t\t<\/div>\n\t\t<div class=\"vc_row wpb_row vc_inner vc_row-fluid\"><div class=\"wpb_column vc_column_container vc_col-sm-4 text-center wd-rs-6670516ab07fb\"><div class=\"vc_column-inner\"><div class=\"wpb_wrapper\">\n\t<div  class=\"wpb_single_image wpb_content_element vc_align_left\">\n\t\t\n\t\t<figure class=\"wpb_wrapper vc_figure\">\n\t\t\t<div class=\"vc_single_image-wrapper   vc_box_border_grey\"><img loading=\"lazy\" decoding=\"async\" width=\"150\" height=\"150\" src=\"https:\/\/maquinasflorestais.com\/wp-content\/uploads\/2024\/05\/contactos-laetitia-150x150.png\" class=\"vc_single_image-img attachment-thumbnail\" alt=\"\" title=\"contactos-laetitia\" srcset=\"https:\/\/maquinasflorestais.com\/wp-content\/uploads\/2024\/05\/contactos-laetitia-150x150.png 150w, https:\/\/maquinasflorestais.com\/wp-content\/uploads\/2024\/05\/contactos-laetitia.png 239w\" sizes=\"auto, (max-width: 150px) 100vw, 150px\" \/><\/div>\n\t\t<\/figure>\n\t<\/div>\n<\/div><\/div><\/div><div class=\"wpb_column vc_column_container vc_col-sm-8\"><div class=\"vc_column-inner\"><div class=\"wpb_wrapper\">\n\t<div class=\"wpb_text_column wpb_content_element\" >\n\t\t<div class=\"wpb_wrapper\">\n\t\t\t<h4 class=\"member-name\">Laetitia Costa<\/h4>\n<div class=\"member-position\">Administrative Department<\/div>\n<div class=\"member-bio\">Phone (+351) 256 920 010<br \/>\nE-mail:<\/div>\n\n\t\t<\/div>\n\t<\/div>\n<\/div><\/div><\/div><\/div><div class=\"vc_separator wpb_content_element vc_separator_align_center vc_sep_width_100 vc_sep_pos_align_center vc_separator_no_text vc_custom_1615616514122\" ><span class=\"vc_sep_holder vc_sep_holder_l\"><span style=\"border-color:rgb(10,10,10);border-color:rgba(10,10,10,0.12);\" class=\"vc_sep_line\"><\/span><\/span><span class=\"vc_sep_holder vc_sep_holder_r\"><span style=\"border-color:rgb(10,10,10);border-color:rgba(10,10,10,0.12);\" class=\"vc_sep_line\"><\/span><\/span>\n<\/div><\/div><\/div><\/div><\/div>\n<\/div>","protected":false},"excerpt":{"rendered":"M\u00c1QUINAS FLORESTAIS Forestcorte M\u00e1quinas S.A. Forestcorte M\u00e1quinas, S.A. is one of several companies belonging to the Forestcorte Group that currently","protected":false},"author":1,"featured_media":0,"parent":0,"menu_order":0,"comment_status":"closed","ping_status":"closed","template":"","meta":{"footnotes":""},"class_list":["post-12046","page","type-page","status-publish","hentry"],"_links":{"self":[{"href":"https:\/\/maquinasflorestais.com\/fr\/wp-json\/wp\/v2\/pages\/12046","targetHints":{"allow":["GET"]}}],"collection":[{"href":"https:\/\/maquinasflorestais.com\/fr\/wp-json\/wp\/v2\/pages"}],"about":[{"href":"https:\/\/maquinasflorestais.com\/fr\/wp-json\/wp\/v2\/types\/page"}],"author":[{"embeddable":true,"href":"https:\/\/maquinasflorestais.com\/fr\/wp-json\/wp\/v2\/users\/1"}],"replies":[{"embeddable":true,"href":"https:\/\/maquinasflorestais.com\/fr\/wp-json\/wp\/v2\/comments?post=12046"}],"version-history":[{"count":1,"href":"https:\/\/maquinasflorestais.com\/fr\/wp-json\/wp\/v2\/pages\/12046\/revisions"}],"predecessor-version":[{"id":12047,"href":"https:\/\/maquinasflorestais.com\/fr\/wp-json\/wp\/v2\/pages\/12046\/revisions\/12047"}],"wp:attachment":[{"href":"https:\/\/maquinasflorestais.com\/fr\/wp-json\/wp\/v2\/media?parent=12046"}],"curies":[{"name":"wp","href":"https:\/\/api.w.org\/{rel}","templated":true}]}}