{"id":11425,"date":"2024-06-27T07:42:49","date_gmt":"2024-06-27T07:42:49","guid":{"rendered":"https:\/\/maquinasflorestais.com\/?page_id=11425"},"modified":"2025-01-23T15:26:27","modified_gmt":"2025-01-23T15:26:27","slug":"inovacao","status":"publish","type":"page","link":"https:\/\/maquinasflorestais.com\/fr\/inovacao\/","title":{"rendered":"Innovation"},"content":{"rendered":"<div class=\"wpb-content-wrapper\"><div class=\"vc_row wpb_row vc_row-fluid\"><div class=\"wpb_column vc_column_container vc_col-sm-6\"><div class=\"vc_column-inner\"><div class=\"wpb_wrapper\">\t\t<div id=\"wd-67925f4f47e5a\" class=\"wd-image wd-wpb wd-rs-67925f4f47e5a text-center vc_custom_1737645981406\">\n\t\t\t\n\t\t\t<img loading=\"lazy\" decoding=\"async\" width=\"1119\" height=\"790\" src=\"https:\/\/maquinasflorestais.com\/wp-content\/uploads\/2025\/01\/INOVACAO.jpg\" class=\"attachment-full\" alt=\"\" title=\"INNOVATION\" srcset=\"https:\/\/maquinasflorestais.com\/wp-content\/uploads\/2025\/01\/INOVACAO.jpg 1119w, https:\/\/maquinasflorestais.com\/wp-content\/uploads\/2025\/01\/INOVACAO-400x282.jpg 400w, https:\/\/maquinasflorestais.com\/wp-content\/uploads\/2025\/01\/INOVACAO-768x542.jpg 768w, https:\/\/maquinasflorestais.com\/wp-content\/uploads\/2025\/01\/INOVACAO-18x12.jpg 18w, https:\/\/maquinasflorestais.com\/wp-content\/uploads\/2025\/01\/INOVACAO-860x607.jpg 860w, https:\/\/maquinasflorestais.com\/wp-content\/uploads\/2025\/01\/INOVACAO-430x304.jpg 430w, https:\/\/maquinasflorestais.com\/wp-content\/uploads\/2025\/01\/INOVACAO-700x494.jpg 700w, https:\/\/maquinasflorestais.com\/wp-content\/uploads\/2025\/01\/INOVACAO-150x106.jpg 150w\" sizes=\"auto, (max-width: 1119px) 100vw, 1119px\" \/>\n\t\t\t\t\t<\/div>\n\t\t<\/div><\/div><\/div><div class=\"wpb_column vc_column_container vc_col-sm-6\"><div class=\"vc_column-inner\"><div class=\"wpb_wrapper\">\n\t\t<div id=\"wd-667d178738008\" class=\"title-wrapper wd-wpb set-mb-s reset-last-child  wd-rs-667d178738008 wd-title-color-primary wd-title-style-default text-left vc_custom_1719474069166 wd-underline-colored\">\n\t\t\t\n\t\t\t<div class=\"liner-continer\">\n\t\t\t\t<h4 class=\"woodmart-title-container title  wd-font-weight- wd-fontsize-xxl\" >Innovation<\/h4>\n\t\t\t\t\t\t\t<\/div>\n\t\t\t\n\t\t\t\n\t\t\t\n\t\t<\/div>\n\t\t\n\t\t\t\t<div id=\"wd-667d1798a1259\" class=\"wd-text-block wd-wpb reset-last-child wd-rs-667d1798a1259 text-left wd-width-enabled wd-fontsize-s vc_custom_1719474087053\" style=\"--wd-max-width: 90%;\">\n\t\t\t<p style=\"font-weight: 400;\">La principale innovation de Forestcorte M\u00e1quinas est le service client. Conscient des difficult\u00e9s de satisfaire les clients dans le secteur forestier, l'entreprise travaille \u00e0 faciliter et \u00e0 am\u00e9liorer la relation entre clients et fournisseurs.<\/p>\n\t\t<\/div>\n\t\t\t\t<div id=\"wd-667d17ab77ab8\" class=\"wd-text-block wd-wpb reset-last-child wd-rs-667d17ab77ab8 text-left wd-fontsize-custom vc_custom_1719474111865\">\n\t\t\t<p style=\"font-weight: 400;\">Dans le but de devenir de plus en plus comp\u00e9titive et innovante, l'entreprise investit dans la formation fr\u00e9quente de ses techniciens et cherche \u00e0 \u00eatre pr\u00e9sente dans les salons les plus divers du monde afin de rechercher les meilleures et les plus innovantes solutions foresti\u00e8res.<\/p>\n<p style=\"font-weight: 400;\">Gr\u00e2ce \u00e0 sa vaste connaissance du secteur forestier, Forestcorte M\u00e1quinas peut guider ad\u00e9quatement ses clients sur l'\u00e9quipement le mieux adapt\u00e9 \u00e0 la r\u00e9alisation d'un service donn\u00e9, c'est-\u00e0-dire qu'elle peut informer, sur la base de l'exp\u00e9rience acquise, quelle est la meilleure solution disponible sur le march\u00e9.<\/p>\n<p style=\"font-weight: 400;\">Gr\u00e2ce au vaste savoir-faire de ses techniciens, notamment dans les domaines de l'hydraulique, de la m\u00e9canique et de l'\u00e9lectronique, Forestcorte M\u00e1quinas offre une assistance efficace dans des d\u00e9lais courts. De plus, connaissant les besoins urgents du secteur, l'entreprise dispose d'un stock important afin de rationaliser et d'optimiser les besoins de ses clients.<\/p>\n<p style=\"font-weight: 400;\"><span style=\"font-weight: 400;\">L\u2019ensemble du Groupe Forestcorte \u00e9tant extr\u00eamement soucieux de la vitalit\u00e9 des for\u00eats et de leur durabilit\u00e9, tous les \u00e9quipements vendus et les solutions propos\u00e9es sont dot\u00e9s d\u2019une technologie hautement innovante afin de r\u00e9duire drastiquement l\u2019impact de l\u2019exploitation foresti\u00e8re sur l\u2019environnement.<\/span><\/p>\n\t\t<\/div>\n\t\t<\/div><\/div><\/div><\/div>\n<\/div>","protected":false},"excerpt":{"rendered":"Inova\u00e7\u00e3o A principal inova\u00e7\u00e3o da Forestcorte M\u00e1quinas \u00e9 o tratamento ao cliente. Sabendo das dificuldades de conseguir satisfazer o cliente","protected":false},"author":1,"featured_media":0,"parent":0,"menu_order":0,"comment_status":"closed","ping_status":"closed","template":"","meta":{"footnotes":""},"class_list":["post-11425","page","type-page","status-publish","hentry"],"_links":{"self":[{"href":"https:\/\/maquinasflorestais.com\/fr\/wp-json\/wp\/v2\/pages\/11425","targetHints":{"allow":["GET"]}}],"collection":[{"href":"https:\/\/maquinasflorestais.com\/fr\/wp-json\/wp\/v2\/pages"}],"about":[{"href":"https:\/\/maquinasflorestais.com\/fr\/wp-json\/wp\/v2\/types\/page"}],"author":[{"embeddable":true,"href":"https:\/\/maquinasflorestais.com\/fr\/wp-json\/wp\/v2\/users\/1"}],"replies":[{"embeddable":true,"href":"https:\/\/maquinasflorestais.com\/fr\/wp-json\/wp\/v2\/comments?post=11425"}],"version-history":[{"count":2,"href":"https:\/\/maquinasflorestais.com\/fr\/wp-json\/wp\/v2\/pages\/11425\/revisions"}],"predecessor-version":[{"id":13798,"href":"https:\/\/maquinasflorestais.com\/fr\/wp-json\/wp\/v2\/pages\/11425\/revisions\/13798"}],"wp:attachment":[{"href":"https:\/\/maquinasflorestais.com\/fr\/wp-json\/wp\/v2\/media?parent=11425"}],"curies":[{"name":"wp","href":"https:\/\/api.w.org\/{rel}","templated":true}]}}