{"id":370,"date":"2017-06-22T09:11:07","date_gmt":"2017-06-22T09:11:07","guid":{"rendered":"http:\/\/dummy.xtemos.com\/woodmart\/?post_type=product&#038;p=370"},"modified":"2025-05-22T08:35:15","modified_gmt":"2025-05-22T08:35:15","slug":"monra-mrf-60","status":"publish","type":"product","link":"https:\/\/maquinasflorestais.com\/es\/produtos\/monra-mrf-60\/","title":{"rendered":"MONRA MRF-60"},"content":{"rendered":"<div class=\"wpb-content-wrapper\"><div class=\"vc_row wpb_row vc_row-fluid\"><div class=\"wpb_column vc_column_container vc_col-sm-12\"><div class=\"vc_column-inner vc_custom_1493038156710\"><div class=\"wpb_wrapper\">\n\t\t<div id=\"wd-66516aa335878\" class=\"title-wrapper wd-wpb set-mb-s reset-last-child  wd-rs-66516aa335878 wd-title-color-default wd-title-style-default text-left  wd-underline-colored\">\n\t\t\t\n\t\t\t<div class=\"liner-continer\">\n\t\t\t\t<h4 class=\"woodmart-title-container title  wd-font-weight- wd-fontsize-m\" >MONRA MRF-60<\/h4>\n\t\t\t\t\t\t\t<\/div>\n\t\t\t\n\t\t\t\n\t\t\t\n\t\t<\/div>\n\t\t\n\t\t<\/div><\/div><\/div><\/div><div class=\"vc_row wpb_row vc_row-fluid vc_row-o-content-top vc_row-flex\"><div class=\"wpb_column vc_column_container vc_col-sm-12 vc_col-md-6\"><div class=\"vc_column-inner\"><div class=\"wpb_wrapper\">\t\t<div id=\"wd-67608dba5623b\" class=\"wd-text-block wd-wpb reset-last-child wd-rs-67608dba5623b text-left\">\n\t\t\t<div class=\"page\" title=\"Page 1\">\n<div class=\"section\">\n<div class=\"layoutArea\">\n<div class=\"column\">\n<p>CARACTER\u00cdSTICAS:<\/p>\n<ul>\n<li>Con sistema acumulador de \u00e1rboles.<\/li>\n<li>Capacidad de corte: 650 mm<\/li>\n<li>Cuchillas de corte tratadas<\/li>\n<li>Chasis de acero de alto l\u00edmite el\u00e1stico<\/li>\n<li>Inclinaci\u00f3n: -20\u00ba, +20\u00ba<\/li>\n<li>Distribuidor hidr\u00e1ulico Parker<\/li>\n<li>Presi\u00f3n m\u00e1xima de trabajo: 300 kg\/cm2<\/li>\n<li>Altitud: 2.564m<\/li>\n<li>Largura: 2 120 m<\/li>\n<li>Ancho:1,490m<\/li>\n<\/ul>\n<\/div>\n<\/div>\n<\/div>\n<\/div>\n\t\t<\/div>\n\t\t<\/div><\/div><\/div><\/div>\n<\/div>","protected":false},"excerpt":{"rendered":"<p>El Cabezal Talador Monra MRF-60 se caracteriza por su gran rendimiento y capacidad, adem\u00e1s el uso de materiales de alta calidad en su fabricaci\u00f3n que le proporciona una gran robustez y fiabilidad. Dise\u00f1ado para realizar un trabajo exigente y continuo de forma segura y sencilla, el Monra MRF-60 resulta id\u00f3neo para talar cualquier tipo de \u00e1rbol. Es adaptable a cualquier maquina base del mercado a partir de 20tn.<\/p>\n<p><img decoding=\"async\" src=\"https:\/\/maquinasflorestais.com\/wp-content\/uploads\/2024\/10\/pdf.png\" \/> <a href=\"https:\/\/maquinasflorestais.com\/wp-content\/uploads\/2025\/05\/MRF-60-ES.pdf\" target=\"_blank\" rel=\"noopener\"><strong> Ficha t\u00e9cnica.<\/strong><\/a><\/p>\n<table style=\"border-top: 1px solid #c0c0c0;\">\n<tbody>\n<tr>\n<td style=\"width: 15%; border-bottom: none;\"><img decoding=\"async\" src=\"https:\/\/maquinasflorestais.com\/wp-content\/uploads\/2024\/10\/henrique.jpeg\" width=\"90\" \/><\/td>\n<td style=\"border-bottom: none;\">\n<h3>David Magalh\u00e3es<\/h3>\n<p><img loading=\"lazy\" decoding=\"async\" src=\"https:\/\/maquinasflorestais.com\/wp-content\/uploads\/2024\/06\/flag-pt.svg\" alt=\"\" width=\"20\" height=\"20\" \/> <img loading=\"lazy\" decoding=\"async\" src=\"https:\/\/maquinasflorestais.com\/wp-content\/uploads\/2024\/06\/flag-sp.svg\" alt=\"\" width=\"20\" height=\"20\" \/><\/p>\n<p>Departamento comercial<br \/>\nT. (+351) 915 508 925<\/td>\n<\/tr>\n<tr>\n<td><\/td>\n<td><a class=\"btn btn-color-default btn-style-default btn-style-rectangle btn-size-small btn-icon-pos-right\" title=\"\" href=\"mailto:david@forestcortemaquinas.pt\">E-mail<\/a><\/td>\n<\/tr>\n<\/tbody>\n<\/table>","protected":false},"featured_media":9785,"template":"","meta":[],"product_brand":[],"product_cat":[145],"product_tag":[81,82,83,84],"class_list":{"0":"post-370","1":"product","2":"type-product","3":"status-publish","4":"has-post-thumbnail","6":"product_cat-abatedores","7":"product_tag-cabeca-de-corte","8":"product_tag-maquinas-florestais","9":"product_tag-monra","10":"product_tag-monra-mrf-60","12":"first","13":"instock","14":"shipping-taxable","15":"product-type-simple"},"_links":{"self":[{"href":"https:\/\/maquinasflorestais.com\/es\/wp-json\/wp\/v2\/product\/370","targetHints":{"allow":["GET"]}}],"collection":[{"href":"https:\/\/maquinasflorestais.com\/es\/wp-json\/wp\/v2\/product"}],"about":[{"href":"https:\/\/maquinasflorestais.com\/es\/wp-json\/wp\/v2\/types\/product"}],"wp:featuredmedia":[{"embeddable":true,"href":"https:\/\/maquinasflorestais.com\/es\/wp-json\/wp\/v2\/media\/9785"}],"wp:attachment":[{"href":"https:\/\/maquinasflorestais.com\/es\/wp-json\/wp\/v2\/media?parent=370"}],"wp:term":[{"taxonomy":"product_brand","embeddable":true,"href":"https:\/\/maquinasflorestais.com\/es\/wp-json\/wp\/v2\/product_brand?post=370"},{"taxonomy":"product_cat","embeddable":true,"href":"https:\/\/maquinasflorestais.com\/es\/wp-json\/wp\/v2\/product_cat?post=370"},{"taxonomy":"product_tag","embeddable":true,"href":"https:\/\/maquinasflorestais.com\/es\/wp-json\/wp\/v2\/product_tag?post=370"}],"curies":[{"name":"wp","href":"https:\/\/api.w.org\/{rel}","templated":true}]}}