{"id":12831,"date":"2024-07-08T09:11:27","date_gmt":"2024-07-08T09:11:27","guid":{"rendered":"https:\/\/maquinasflorestais.com\/produtos\/olofsfors-tracks\/"},"modified":"2025-05-22T17:59:03","modified_gmt":"2025-05-22T17:59:03","slug":"olofsfors-tracks","status":"publish","type":"product","link":"https:\/\/maquinasflorestais.com\/es\/produtos\/olofsfors-tracks\/","title":{"rendered":"Olofsfors Tracks"},"content":{"rendered":"<div class=\"wpb-content-wrapper\"><div class=\"vc_row wpb_row vc_row-fluid\"><div class=\"wpb_column vc_column_container vc_col-sm-4\"><div class=\"vc_column-inner\"><div class=\"wpb_wrapper\">\n\t\t<div id=\"wd-6710f9f8459cf\" class=\"title-wrapper wd-wpb set-mb-s reset-last-child  wd-rs-6710f9f8459cf wd-title-color-default wd-title-style-default text-center  wd-underline-colored\">\n\t\t\t\n\t\t\t<div class=\"liner-continer\">\n\t\t\t\t<h4 class=\"woodmart-title-container title  wd-font-weight- wd-fontsize-l\" >Cinco razones para escoger ECO-Tracks\u2122 de Olofsfors<\/h4>\n\t\t\t\t\t\t\t<\/div>\n\t\t\t\n\t\t\t\n\t\t\t\n\t\t<\/div>\n\t\t\n\t\t\n\t<div class=\"wpb_text_column wpb_content_element\" >\n\t\t<div class=\"wpb_wrapper\">\n\t\t\t<p>Sabemos que el terreno en el que trabaja exige un alto rendimiento y tambi\u00e9n sabemos que este trabajo puede tener un impacto significativo sobre el medio ambiente. Es por eso que nuestras pistas se desarrollan pensando en ti y el medio ambiente.<\/p>\n\n\t\t<\/div>\n\t<\/div>\n<\/div><\/div><\/div><div class=\"wpb_column vc_column_container vc_col-sm-4 wd-rs-668bce9ccd1d3\"><div class=\"vc_column-inner\"><div class=\"wpb_wrapper\">\n\t<div  class=\"wpb_single_image wpb_content_element vc_align_left\">\n\t\t\n\t\t<figure class=\"wpb_wrapper vc_figure\">\n\t\t\t<div class=\"vc_single_image-wrapper   vc_box_border_grey\"><img loading=\"lazy\" decoding=\"async\" width=\"600\" height=\"300\" src=\"https:\/\/maquinasflorestais.com\/wp-content\/uploads\/2024\/07\/olofsfors-1.webp\" class=\"vc_single_image-img attachment-full\" alt=\"\" title=\"olofsfors-1\" srcset=\"https:\/\/maquinasflorestais.com\/wp-content\/uploads\/2024\/07\/olofsfors-1.webp 600w, https:\/\/maquinasflorestais.com\/wp-content\/uploads\/2024\/07\/olofsfors-1-400x200.webp 400w, https:\/\/maquinasflorestais.com\/wp-content\/uploads\/2024\/07\/olofsfors-1-430x215.webp 430w, https:\/\/maquinasflorestais.com\/wp-content\/uploads\/2024\/07\/olofsfors-1-150x75.webp 150w\" sizes=\"auto, (max-width: 600px) 100vw, 600px\" \/><\/div>\n\t\t<\/figure>\n\t<\/div>\n\n\t\t<div id=\"wd-6710fa26f377d\" class=\"title-wrapper wd-wpb set-mb-s reset-last-child  wd-rs-6710fa26f377d wd-title-color-default wd-title-style-default text-center  wd-underline-colored\">\n\t\t\t\n\t\t\t<div class=\"liner-continer\">\n\t\t\t\t<h4 class=\"woodmart-title-container title  wd-font-weight- wd-fontsize-l\" >Trabaja con mayor estabilidad y carga m\u00e1s<\/h4>\n\t\t\t\t\t\t\t<\/div>\n\t\t\t\n\t\t\t\n\t\t\t\n\t\t<\/div>\n\t\t\n\t\t\n\t<div class=\"wpb_text_column wpb_content_element\" >\n\t\t<div class=\"wpb_wrapper\">\n\t\t\t<p>Gracias a una mayor superficie de contacto, tu m\u00e1quina ser\u00e1 m\u00e1s estable en terrenos inestables. Reduce el riesgo de vuelcos para que puedas conducir m\u00e1s r\u00e1pido y transportar m\u00e1s. Ahorre tiempo y brinde una mejor experiencia operativa.<\/p>\n\n\t\t<\/div>\n\t<\/div>\n<\/div><\/div><\/div><div class=\"wpb_column vc_column_container vc_col-sm-4 wd-rs-668bcea87237a\"><div class=\"vc_column-inner\"><div class=\"wpb_wrapper\">\n\t<div  class=\"wpb_single_image wpb_content_element vc_align_left\">\n\t\t\n\t\t<figure class=\"wpb_wrapper vc_figure\">\n\t\t\t<div class=\"vc_single_image-wrapper   vc_box_border_grey\"><img loading=\"lazy\" decoding=\"async\" width=\"600\" height=\"300\" src=\"https:\/\/maquinasflorestais.com\/wp-content\/uploads\/2024\/07\/olofsfors-2.webp\" class=\"vc_single_image-img attachment-full\" alt=\"\" title=\"olofsfors-2\" srcset=\"https:\/\/maquinasflorestais.com\/wp-content\/uploads\/2024\/07\/olofsfors-2.webp 600w, https:\/\/maquinasflorestais.com\/wp-content\/uploads\/2024\/07\/olofsfors-2-400x200.webp 400w, https:\/\/maquinasflorestais.com\/wp-content\/uploads\/2024\/07\/olofsfors-2-430x215.webp 430w, https:\/\/maquinasflorestais.com\/wp-content\/uploads\/2024\/07\/olofsfors-2-150x75.webp 150w\" sizes=\"auto, (max-width: 600px) 100vw, 600px\" \/><\/div>\n\t\t<\/figure>\n\t<\/div>\n\n\t\t<div id=\"wd-6710fa4d65547\" class=\"title-wrapper wd-wpb set-mb-s reset-last-child  wd-rs-6710fa4d65547 wd-title-color-default wd-title-style-default text-center  wd-underline-colored\">\n\t\t\t\n\t\t\t<div class=\"liner-continer\">\n\t\t\t\t<h4 class=\"woodmart-title-container title  wd-font-weight- wd-fontsize-l\" >Respetuosas con el bosque y el suelo<\/h4>\n\t\t\t\t\t\t\t<\/div>\n\t\t\t\n\t\t\t\n\t\t\t\n\t\t<\/div>\n\t\t\n\t\t\n\t<div class=\"wpb_text_column wpb_content_element\" >\n\t\t<div class=\"wpb_wrapper\">\n\t\t\t<p>Sin tracks, tus llantas se hunden y dejan surcos profundos que da\u00f1an las ra\u00edces de los \u00e1rboles. El suelo se comprime y el agua se acumula en los surcos, lo que impide que la tierra la absorba. Con des tracks de Olofsfors, aseguras el recrecimiento del bosque para que siga siendo rentable en el futuro.<\/p>\n\n\t\t<\/div>\n\t<\/div>\n<\/div><\/div><\/div><\/div><div class=\"vc_row wpb_row vc_row-fluid\"><div class=\"wpb_column vc_column_container vc_col-sm-4 wd-rs-668bceb63bb31\"><div class=\"vc_column-inner\"><div class=\"wpb_wrapper\">\n\t<div  class=\"wpb_single_image wpb_content_element vc_align_left\">\n\t\t\n\t\t<figure class=\"wpb_wrapper vc_figure\">\n\t\t\t<div class=\"vc_single_image-wrapper   vc_box_border_grey\"><img loading=\"lazy\" decoding=\"async\" width=\"600\" height=\"300\" src=\"https:\/\/maquinasflorestais.com\/wp-content\/uploads\/2024\/07\/olofsfors-3.webp\" class=\"vc_single_image-img attachment-full\" alt=\"\" title=\"olofsfors-3\" srcset=\"https:\/\/maquinasflorestais.com\/wp-content\/uploads\/2024\/07\/olofsfors-3.webp 600w, https:\/\/maquinasflorestais.com\/wp-content\/uploads\/2024\/07\/olofsfors-3-400x200.webp 400w, https:\/\/maquinasflorestais.com\/wp-content\/uploads\/2024\/07\/olofsfors-3-430x215.webp 430w, https:\/\/maquinasflorestais.com\/wp-content\/uploads\/2024\/07\/olofsfors-3-150x75.webp 150w\" sizes=\"auto, (max-width: 600px) 100vw, 600px\" \/><\/div>\n\t\t<\/figure>\n\t<\/div>\n\n\t\t<div id=\"wd-6710fa7613561\" class=\"title-wrapper wd-wpb set-mb-s reset-last-child  wd-rs-6710fa7613561 wd-title-color-default wd-title-style-default text-center  wd-underline-colored\">\n\t\t\t\n\t\t\t<div class=\"liner-continer\">\n\t\t\t\t<h4 class=\"woodmart-title-container title  wd-font-weight- wd-fontsize-l\" >Mejor agarre y potencia de tracci\u00f3n<\/h4>\n\t\t\t\t\t\t\t<\/div>\n\t\t\t\n\t\t\t\n\t\t\t\n\t\t<\/div>\n\t\t\n\t\t\n\t<div class=\"wpb_text_column wpb_content_element\" >\n\t\t<div class=\"wpb_wrapper\">\n\t\t\t<p>Nuestras tracks proporcionan un mejor agarre y m\u00e1s potencia de tracci\u00f3n, independientemente del terreno. Ello se debe a la mayor superficie de contacto y, en parte, tambi\u00e9n a la singular forma de los travesa\u00f1os. Personaliza el tama\u00f1o y el perfil de los travesa\u00f1os para adaptarlos a tu terreno.<\/p>\n\n\t\t<\/div>\n\t<\/div>\n<\/div><\/div><\/div><div class=\"wpb_column vc_column_container vc_col-sm-4 wd-rs-668bcec42ff9d\"><div class=\"vc_column-inner\"><div class=\"wpb_wrapper\">\n\t<div  class=\"wpb_single_image wpb_content_element vc_align_left\">\n\t\t\n\t\t<figure class=\"wpb_wrapper vc_figure\">\n\t\t\t<div class=\"vc_single_image-wrapper   vc_box_border_grey\"><img loading=\"lazy\" decoding=\"async\" width=\"600\" height=\"300\" src=\"https:\/\/maquinasflorestais.com\/wp-content\/uploads\/2024\/07\/olofsfors-4.webp\" class=\"vc_single_image-img attachment-full\" alt=\"\" title=\"olofsfors-4\" srcset=\"https:\/\/maquinasflorestais.com\/wp-content\/uploads\/2024\/07\/olofsfors-4.webp 600w, https:\/\/maquinasflorestais.com\/wp-content\/uploads\/2024\/07\/olofsfors-4-400x200.webp 400w, https:\/\/maquinasflorestais.com\/wp-content\/uploads\/2024\/07\/olofsfors-4-430x215.webp 430w, https:\/\/maquinasflorestais.com\/wp-content\/uploads\/2024\/07\/olofsfors-4-150x75.webp 150w\" sizes=\"auto, (max-width: 600px) 100vw, 600px\" \/><\/div>\n\t\t<\/figure>\n\t<\/div>\n\n\t\t<div id=\"wd-6710fa9becda4\" class=\"title-wrapper wd-wpb set-mb-s reset-last-child  wd-rs-6710fa9becda4 wd-title-color-default wd-title-style-default text-center  wd-underline-colored\">\n\t\t\t\n\t\t\t<div class=\"liner-continer\">\n\t\t\t\t<h4 class=\"woodmart-title-container title  wd-font-weight- wd-fontsize-l\" >Tus llantas durar\u00e1n m\u00e1s<\/h4>\n\t\t\t\t\t\t\t<\/div>\n\t\t\t\n\t\t\t\n\t\t\t\n\t\t<\/div>\n\t\t\n\t\t\n\t<div class=\"wpb_text_column wpb_content_element\" >\n\t\t<div class=\"wpb_wrapper\">\n\t\t\t<p>Sin tracks, aumenta el desgaste de los neum\u00e1ticos y el riesgo de pinchazos y da\u00f1os, lo que acaba dando lugar a m\u00e1s paradas y a una disminuci\u00f3n de la producci\u00f3n. Con nuestras tracks, tus llantas est\u00e1n bien protegidas y prolongas su vida de servicio en un 65-75 %.<\/p>\n\n\t\t<\/div>\n\t<\/div>\n<\/div><\/div><\/div><div class=\"wpb_column vc_column_container vc_col-sm-4 wd-rs-668bced0ae8db\"><div class=\"vc_column-inner\"><div class=\"wpb_wrapper\">\n\t<div  class=\"wpb_single_image wpb_content_element vc_align_left\">\n\t\t\n\t\t<figure class=\"wpb_wrapper vc_figure\">\n\t\t\t<div class=\"vc_single_image-wrapper   vc_box_border_grey\"><img loading=\"lazy\" decoding=\"async\" width=\"600\" height=\"300\" src=\"https:\/\/maquinasflorestais.com\/wp-content\/uploads\/2024\/07\/olofsfors-5.webp\" class=\"vc_single_image-img attachment-full\" alt=\"\" title=\"olofsfors-5\" srcset=\"https:\/\/maquinasflorestais.com\/wp-content\/uploads\/2024\/07\/olofsfors-5.webp 600w, https:\/\/maquinasflorestais.com\/wp-content\/uploads\/2024\/07\/olofsfors-5-400x200.webp 400w, https:\/\/maquinasflorestais.com\/wp-content\/uploads\/2024\/07\/olofsfors-5-430x215.webp 430w, https:\/\/maquinasflorestais.com\/wp-content\/uploads\/2024\/07\/olofsfors-5-150x75.webp 150w\" sizes=\"auto, (max-width: 600px) 100vw, 600px\" \/><\/div>\n\t\t<\/figure>\n\t<\/div>\n\n\t\t<div id=\"wd-6710fac123f4a\" class=\"title-wrapper wd-wpb set-mb-s reset-last-child  wd-rs-6710fac123f4a wd-title-color-default wd-title-style-default text-center  wd-underline-colored\">\n\t\t\t\n\t\t\t<div class=\"liner-continer\">\n\t\t\t\t<h4 class=\"woodmart-title-container title  wd-font-weight- wd-fontsize-l\" >Menor consumo de combustible<\/h4>\n\t\t\t\t\t\t\t<\/div>\n\t\t\t\n\t\t\t\n\t\t\t\n\t\t<\/div>\n\t\t\n\t\t\n\t<div class=\"wpb_text_column wpb_content_element\" >\n\t\t<div class=\"wpb_wrapper\">\n\t\t\t<p>Las Olofsfors ECO-Tracks\u2122 distribuyen la presi\u00f3n de la m\u00e1quina de manera m\u00e1s uniforme sobre el suelo. Las llantas no se hunden tan profundamente, por lo que la m\u00e1quina no tiene que esforzarse tanto y, en consecuencia, consume menos combustible.<\/p>\n\n\t\t<\/div>\n\t<\/div>\n<\/div><\/div><\/div><\/div>\n<\/div>","protected":false},"excerpt":{"rendered":"<p>Las tracks forestales ofrecen un agarre fiable en todos los subsuelos y ejercen una presi\u00f3n m\u00ednima sobre el suelo para proteger la naturaleza. En terrenos dif\u00edciles, la fiabilidad y la estabilidad son factores decisivos para un trabajo seguro y eficiente. Forestcorte M\u00e1quinas produce llaves para sus tracks.<\/p>\n<table style=\"border-top: 1px solid #c0c0c0;\">\n<tbody>\n<tr>\n<td style=\"width: 15%; border-bottom: none;\"><img decoding=\"async\" src=\"https:\/\/maquinasflorestais.com\/wp-content\/uploads\/2024\/10\/henrique.jpeg\" width=\"90\" \/><\/td>\n<td style=\"border-bottom: none;\">\n<h3>David Magalh\u00e3es<\/h3>\n<p><img loading=\"lazy\" decoding=\"async\" src=\"https:\/\/maquinasflorestais.com\/wp-content\/uploads\/2024\/06\/flag-pt.svg\" alt=\"\" width=\"20\" height=\"20\" \/> <img loading=\"lazy\" decoding=\"async\" src=\"https:\/\/maquinasflorestais.com\/wp-content\/uploads\/2024\/06\/flag-sp.svg\" alt=\"\" width=\"20\" height=\"20\" \/><\/p>\n<p>Departamento comercial<br \/>\nT. (+351) 915 508 925<\/td>\n<\/tr>\n<tr>\n<td><\/td>\n<td><a class=\"btn btn-color-default btn-style-default btn-style-rectangle btn-size-small btn-icon-pos-right\" title=\"\" href=\"mailto:david@forestcortemaquinas.pt\">E-mail<\/a><\/td>\n<\/tr>\n<\/tbody>\n<\/table>","protected":false},"featured_media":12731,"template":"","meta":[],"product_brand":[],"product_cat":[211],"product_tag":[204,81,82,241,198,203],"class_list":{"0":"post-12831","1":"product","2":"type-product","3":"status-publish","4":"has-post-thumbnail","6":"product_cat-consumiveis-2","7":"product_tag-461-lf","8":"product_tag-cabeca-de-corte","9":"product_tag-maquinas-florestais","10":"product_tag-olofsfors","11":"product_tag-sp","12":"product_tag-sp-461-lf","14":"first","15":"instock","16":"shipping-taxable","17":"product-type-simple"},"_links":{"self":[{"href":"https:\/\/maquinasflorestais.com\/es\/wp-json\/wp\/v2\/product\/12831","targetHints":{"allow":["GET"]}}],"collection":[{"href":"https:\/\/maquinasflorestais.com\/es\/wp-json\/wp\/v2\/product"}],"about":[{"href":"https:\/\/maquinasflorestais.com\/es\/wp-json\/wp\/v2\/types\/product"}],"wp:featuredmedia":[{"embeddable":true,"href":"https:\/\/maquinasflorestais.com\/es\/wp-json\/wp\/v2\/media\/12731"}],"wp:attachment":[{"href":"https:\/\/maquinasflorestais.com\/es\/wp-json\/wp\/v2\/media?parent=12831"}],"wp:term":[{"taxonomy":"product_brand","embeddable":true,"href":"https:\/\/maquinasflorestais.com\/es\/wp-json\/wp\/v2\/product_brand?post=12831"},{"taxonomy":"product_cat","embeddable":true,"href":"https:\/\/maquinasflorestais.com\/es\/wp-json\/wp\/v2\/product_cat?post=12831"},{"taxonomy":"product_tag","embeddable":true,"href":"https:\/\/maquinasflorestais.com\/es\/wp-json\/wp\/v2\/product_tag?post=12831"}],"curies":[{"name":"wp","href":"https:\/\/api.w.org\/{rel}","templated":true}]}}