{"id":12396,"date":"2024-07-05T12:11:31","date_gmt":"2024-07-05T12:11:31","guid":{"rendered":"https:\/\/maquinasflorestais.com\/?post_type=product&#038;p=12396"},"modified":"2025-05-22T09:32:35","modified_gmt":"2025-05-22T09:32:35","slug":"kobelco-sk130lc-11","status":"publish","type":"product","link":"https:\/\/maquinasflorestais.com\/es\/produtos\/kobelco-sk130lc-11\/","title":{"rendered":"Kobelco SK130LC-11"},"content":{"rendered":"<div class=\"wpb-content-wrapper\"><div class=\"vc_row wpb_row vc_row-fluid\"><div class=\"wpb_column vc_column_container vc_col-sm-4 vc_col-has-fill color-scheme-light wd-rs-6687cf803245b\"><div class=\"vc_column-inner vc_custom_1720176552026\"><div class=\"wpb_wrapper\">\n\t\t<div id=\"wd-6687e333bfab8\" class=\"title-wrapper wd-wpb set-mb-s reset-last-child  wd-rs-6687e333bfab8 wd-title-color-default wd-title-style-default text-center  wd-underline-colored\">\n\t\t\t\n\t\t\t<div class=\"liner-continer\">\n\t\t\t\t<h4 class=\"woodmart-title-container title  wd-font-weight- wd-fontsize-l\" >14.200 - 17.100 kg<\/h4>\n\t\t\t\t\t\t\t<\/div>\n\t\t\t\n\t\t\t\t\t\t\t<div class=\"title-after_title  set-cont-mb-s reset-last-child  wd-fontsize-xs\">Peso operativo<\/div>\n\t\t\t\n\t\t\t\n\t\t<\/div>\n\t\t\n\t\t<\/div><\/div><\/div><div class=\"wpb_column vc_column_container vc_col-sm-4 vc_col-has-fill color-scheme-light wd-rs-6687cfab4d36d\"><div class=\"vc_column-inner vc_custom_1720176564416\"><div class=\"wpb_wrapper\">\n\t\t<div id=\"wd-6687e33f94a9d\" class=\"title-wrapper wd-wpb set-mb-s reset-last-child  wd-rs-6687e33f94a9d wd-title-color-default wd-title-style-default text-center  wd-underline-colored\">\n\t\t\t\n\t\t\t<div class=\"liner-continer\">\n\t\t\t\t<h4 class=\"woodmart-title-container title  wd-font-weight- wd-fontsize-l\" >78.5 kW \/ 2,000 min-1 (ISO 14396)<\/h4>\n\t\t\t\t\t\t\t<\/div>\n\t\t\t\n\t\t\t\t\t\t\t<div class=\"title-after_title  set-cont-mb-s reset-last-child  wd-fontsize-xs\">Potencia del motor<\/div>\n\t\t\t\n\t\t\t\n\t\t<\/div>\n\t\t\n\t\t<\/div><\/div><\/div><div class=\"wpb_column vc_column_container vc_col-sm-4 vc_col-has-fill color-scheme-light wd-rs-6687cfb78558b\"><div class=\"vc_column-inner vc_custom_1720176577595\"><div class=\"wpb_wrapper\">\n\t\t<div id=\"wd-6687e3537e3f7\" class=\"title-wrapper wd-wpb set-mb-s reset-last-child  wd-rs-6687e3537e3f7 wd-title-color-default wd-title-style-default text-center  wd-underline-colored\">\n\t\t\t\n\t\t\t<div class=\"liner-continer\">\n\t\t\t\t<h4 class=\"woodmart-title-container title  wd-font-weight- wd-fontsize-l\" >0,24 - 0,70 m3<\/h4>\n\t\t\t\t\t\t\t<\/div>\n\t\t\t\n\t\t\t\t\t\t\t<div class=\"title-after_title  set-cont-mb-s reset-last-child  wd-fontsize-xs\">Capacidad del cazo<\/div>\n\t\t\t\n\t\t\t\n\t\t<\/div>\n\t\t\n\t\t<\/div><\/div><\/div><\/div><div class=\"vc_row wpb_row vc_row-fluid wd-rs-665184f4d41dc\"><div class=\"wpb_column vc_column_container vc_col-sm-6\"><div class=\"vc_column-inner\"><div class=\"wpb_wrapper\">\t\t<div class=\"wd-wpb wd-rs-6651811bc262a\">\n\t\t\t<div class=\"wd-el-table-wrap wd-reset-all-last\">\n\t\t\t\t<table class=\"wd-el-table\">\n\t\t\t\t\t<tbody class=\"text-left\">\n\t\t\t\t\t\t\t\t<tr class=\"wd-rs-665190f885fbf\">\n\t\t\t\t\t\t\t\t\t\t\t\t\t\t<th colspan=\"1\" rowspan=\"1\">\n\t\t\t\t\t\t\t\t\t\t\t\t\tMotor:\t\t\t\t\t\t\t\t\t\t\t<\/th>\n\t\t\t\t\t\t\t\t\t\t\t\t\t\t<td colspan=\"1\" rowspan=\"1\">\n\t\t\t\t\t\t\t\t\t\t\t<\/td>\n\t\t\t\t\t\t\t<\/tr>\n\t\t\t\t\t<tr class=\"wd-rs-6687e7b71bdf4\">\n\t\t\t\t\t\t\t\t\t\t\t\t\t\t<td colspan=\"3\" rowspan=\"1\">\n\t\t\t\t\t\t\t\t\t\t\t\t\tISUZU MOTORS LIMITED 4JJ1XDDV A01\t\t\t\t\t\t\t\t\t\t\t<\/td>\n\t\t\t\t\t\t\t\t\t\t\t\t\t\t<td colspan=\"1\" rowspan=\"1\" class=\"text-left\">\n\t\t\t\t\t\t\t\t\t\t\t<\/td>\n\t\t\t\t\t\t\t<\/tr>\n\t\t\t\t\t<tr class=\"wd-rs-6687e7fe655c9\">\n\t\t\t\t\t\t\t\t\t\t\t\t\t\t<td colspan=\"1\" rowspan=\"1\">\n\t\t\t\t\t\t\t\t\t\t\t\t\tTipo\t\t\t\t\t\t\t\t\t\t\t<\/td>\n\t\t\t\t\t\t\t\t\t\t\t\t\t\t<td colspan=\"3\" rowspan=\"1\">\n\t\t\t\t\t\t\t\t\t\t\t\t\tInyecci\u00f3n directa, cuatro tiempos, refrigerado por l\u00edquido, turboalimentado, cumple con la normativa de emisiones de escape Stage V de la UE\t\t\t\t\t\t\t\t\t\t\t<\/td>\n\t\t\t\t\t\t\t<\/tr>\n\t\t\t\t\t<tr class=\"wd-rs-6687e3fb319fa\">\n\t\t\t\t\t\t\t\t\t\t\t\t\t\t<td colspan=\"1\" rowspan=\"1\">\n\t\t\t\t\t\t\t\t\t\t\t\t\tDep\u00f3sito de combustible\t\t\t\t\t\t\t\t\t\t\t<\/td>\n\t\t\t\t\t\t\t\t\t\t\t\t\t\t<td colspan=\"1\" rowspan=\"1\">\n\t\t\t\t\t\t\t\t\t\t\t\t\t280 L\t\t\t\t\t\t\t\t\t\t\t<\/td>\n\t\t\t\t\t\t\t<\/tr>\n\t\t\t\t\t<tr class=\"wd-rs-6687e40c3cc72\">\n\t\t\t\t\t\t\t\t\t\t\t\t\t\t<td colspan=\"1\" rowspan=\"1\">\n\t\t\t\t\t\t\t\t\t\t\t\t\tCilindrada\t\t\t\t\t\t\t\t\t\t\t<\/td>\n\t\t\t\t\t\t\t\t\t\t\t\t\t\t<td colspan=\"1\" rowspan=\"1\">\n\t\t\t\t\t\t\t\t\t\t\t\t\t2.999 L\t\t\t\t\t\t\t\t\t\t\t<\/td>\n\t\t\t\t\t\t\t<\/tr>\n\t\t\t\t\t<tr class=\"wd-rs-6687e4185377d\">\n\t\t\t\t\t\t\t\t\t\t\t\t\t\t<td colspan=\"1\" rowspan=\"1\">\n\t\t\t\t\t\t\t\t\t\t\t\t\tPotencia nominal de salida\t\t\t\t\t\t\t\t\t\t\t<\/td>\n\t\t\t\t\t\t\t\t\t\t\t\t\t\t<td colspan=\"1\" rowspan=\"1\">\n\t\t\t\t\t\t\t\t\t\t\t\t\t78,5 kW \/ 2.000 min-1 (ISO 14396)\t\t\t\t\t\t\t\t\t\t\t<\/td>\n\t\t\t\t\t\t\t<\/tr>\n\t\t\t\t\t\t\t<\/tbody>\n\t\t\t\t<\/table>\n\t\t\t<\/div>\n\t\t<\/div>\n\t\t\t\t<div class=\"wd-wpb wd-rs-6651811bc262a\">\n\t\t\t<div class=\"wd-el-table-wrap wd-reset-all-last\">\n\t\t\t\t<table class=\"wd-el-table\">\n\t\t\t\t\t<tbody class=\"text-left\">\n\t\t\t\t\t\t\t\t<tr class=\"wd-rs-6687cd8cc0f06\">\n\t\t\t\t\t\t\t\t\t\t\t\t\t\t<th colspan=\"1\" rowspan=\"1\">\n\t\t\t\t\t\t\t\t\t\t\t\t\tSISTEMA HIDR\u00c1ULICO\t\t\t\t\t\t\t\t\t\t\t<\/th>\n\t\t\t\t\t\t\t\t\t\t\t\t\t\t<td colspan=\"1\" rowspan=\"1\">\n\t\t\t\t\t\t\t\t\t\t\t<\/td>\n\t\t\t\t\t\t\t<\/tr>\n\t\t\t\t\t<tr class=\"wd-rs-6687e44e4caf3\">\n\t\t\t\t\t\t\t\t\t\t\t\t\t\t<td colspan=\"1\" rowspan=\"1\">\n\t\t\t\t\t\t\t\t\t\t\t\t\tTipo\t\t\t\t\t\t\t\t\t\t\t<\/td>\n\t\t\t\t\t\t\t\t\t\t\t\t\t\t<td colspan=\"1\" rowspan=\"1\">\n\t\t\t\t\t\t\t\t\t\t\t\t\tDos bombas de de pist\u00f3n de desplazamiento variable y una bomba de engranajes\t\t\t\t\t\t\t\t\t\t\t<\/td>\n\t\t\t\t\t\t\t<\/tr>\n\t\t\t\t\t<tr class=\"wd-rs-6687e45e1dc88\">\n\t\t\t\t\t\t\t\t\t\t\t\t\t\t<td colspan=\"1\" rowspan=\"1\">\n\t\t\t\t\t\t\t\t\t\t\t\t\tCaudal m\u00e1ximo\t\t\t\t\t\t\t\t\t\t\t<\/td>\n\t\t\t\t\t\t\t\t\t\t\t\t\t\t<td colspan=\"1\" rowspan=\"1\">\n\t\t\t\t\t\t\t\t\t\t\t\t\t2 x 130 L\/min, 1 x 50 L\/min (extra)\t\t\t\t\t\t\t\t\t\t\t<\/td>\n\t\t\t\t\t\t\t<\/tr>\n\t\t\t\t\t<tr class=\"wd-rs-6687e47018a06\">\n\t\t\t\t\t\t\t\t\t\t\t\t\t\t<td colspan=\"1\" rowspan=\"1\">\n\t\t\t\t\t\t\t\t\t\t\t\t\tAjuste de la v\u00e1lvula de descarga\t\t\t\t\t\t\t\t\t\t\t<\/td>\n\t\t\t\t\t\t\t\t\t\t\t\t\t\t<td colspan=\"1\" rowspan=\"1\">\n\t\t\t\t\t\t\t\t\t\t\t\t\t34,3 MPa (balanc\u00edn, brazo y cazo)\t\t\t\t\t\t\t\t\t\t\t<\/td>\n\t\t\t\t\t\t\t<\/tr>\n\t\t\t\t\t<tr class=\"wd-rs-6687e47de8c33\">\n\t\t\t\t\t\t\t\t\t\t\t\t\t\t<td colspan=\"1\" rowspan=\"1\">\n\t\t\t\t\t\t\t\t\t\t\t\t\tDep\u00f3sito de aceite hidr\u00e1ulico\t\t\t\t\t\t\t\t\t\t\t<\/td>\n\t\t\t\t\t\t\t\t\t\t\t\t\t\t<td colspan=\"1\" rowspan=\"1\">\n\t\t\t\t\t\t\t\t\t\t\t\t\tNivel del aceite hidr\u00e1ulico de 96,7 L, sistema hidr\u00e1ulico de 180 L\t\t\t\t\t\t\t\t\t\t\t<\/td>\n\t\t\t\t\t\t\t<\/tr>\n\t\t\t\t\t\t\t<\/tbody>\n\t\t\t\t<\/table>\n\t\t\t<\/div>\n\t\t<\/div>\n\t\t<\/div><\/div><\/div><div class=\"wpb_column vc_column_container vc_col-sm-6\"><div class=\"vc_column-inner\"><div class=\"wpb_wrapper\">\t\t<div class=\"wd-wpb wd-rs-6651811bc262a\">\n\t\t\t<div class=\"wd-el-table-wrap wd-reset-all-last\">\n\t\t\t\t<table class=\"wd-el-table\">\n\t\t\t\t\t<tbody class=\"text-left\">\n\t\t\t\t\t\t\t\t<tr class=\"wd-rs-6687ce14e871a\">\n\t\t\t\t\t\t\t\t\t\t\t\t\t\t<th colspan=\"1\" rowspan=\"1\">\n\t\t\t\t\t\t\t\t\t\t\t\t\tFUERZA DE CAVADO\t\t\t\t\t\t\t\t\t\t\t<\/th>\n\t\t\t\t\t\t\t\t\t\t\t\t\t\t<td colspan=\"1\" rowspan=\"1\">\n\t\t\t\t\t\t\t\t\t\t\t<\/td>\n\t\t\t\t\t\t\t<\/tr>\n\t\t\t\t\t<tr class=\"wd-rs-6687ce2968c66\">\n\t\t\t\t\t\t\t\t\t\t\t\t\t\t<td colspan=\"1\" rowspan=\"1\">\n\t\t\t\t\t\t\t\t\t\t\t\t\tFuerza de cavado del cazo (standard)\t\t\t\t\t\t\t\t\t\t\t<\/td>\n\t\t\t\t\t\t\t\t\t\t\t\t\t\t<td colspan=\"1\" rowspan=\"1\">\n\t\t\t\t\t\t\t\t\t\t\t\t\t105,4 kN\t\t\t\t\t\t\t\t\t\t\t<\/td>\n\t\t\t\t\t\t\t<\/tr>\n\t\t\t\t\t<tr class=\"wd-rs-6687ce390bcfb\">\n\t\t\t\t\t\t\t\t\t\t\t\t\t\t<td colspan=\"1\" rowspan=\"1\">\n\t\t\t\t\t\t\t\t\t\t\t\t\tFuerza de empuje del brazo(standard)\t\t\t\t\t\t\t\t\t\t\t<\/td>\n\t\t\t\t\t\t\t\t\t\t\t\t\t\t<td colspan=\"1\" rowspan=\"1\">\n\t\t\t\t\t\t\t\t\t\t\t\t\t64 kN\t\t\t\t\t\t\t\t\t\t\t<\/td>\n\t\t\t\t\t\t\t<\/tr>\n\t\t\t\t\t<tr class=\"wd-rs-6687ce536fd88\">\n\t\t\t\t\t\t\t\t\t\t\t\t\t\t<td colspan=\"1\" rowspan=\"1\">\n\t\t\t\t\t\t\t\t\t\t\t\t\tFuerza de empuje del brazo (longo)\t\t\t\t\t\t\t\t\t\t\t<\/td>\n\t\t\t\t\t\t\t\t\t\t\t\t\t\t<td colspan=\"1\" rowspan=\"1\">\n\t\t\t\t\t\t\t\t\t\t\t\t\t58 kN\t\t\t\t\t\t\t\t\t\t\t<\/td>\n\t\t\t\t\t\t\t<\/tr>\n\t\t\t\t\t<tr class=\"wd-rs-6687ce65c837d\">\n\t\t\t\t\t\t\t\t\t\t\t\t\t\t<td colspan=\"1\" rowspan=\"1\">\n\t\t\t\t\t\t\t\t\t\t\t\t\tBrazo standard\t\t\t\t\t\t\t\t\t\t\t<\/td>\n\t\t\t\t\t\t\t\t\t\t\t\t\t\t<td colspan=\"1\" rowspan=\"1\">\n\t\t\t\t\t\t\t\t\t\t\t\t\t2,38 m\t\t\t\t\t\t\t\t\t\t\t<\/td>\n\t\t\t\t\t\t\t<\/tr>\n\t\t\t\t\t<tr class=\"wd-rs-6687ce8599d3f\">\n\t\t\t\t\t\t\t\t\t\t\t\t\t\t<td colspan=\"1\" rowspan=\"1\">\n\t\t\t\t\t\t\t\t\t\t\t\t\tBrazo longo\t\t\t\t\t\t\t\t\t\t\t<\/td>\n\t\t\t\t\t\t\t\t\t\t\t\t\t\t<td colspan=\"1\" rowspan=\"1\">\n\t\t\t\t\t\t\t\t\t\t\t\t\t2,84 m\t\t\t\t\t\t\t\t\t\t\t<\/td>\n\t\t\t\t\t\t\t<\/tr>\n\t\t\t\t\t\t\t<\/tbody>\n\t\t\t\t<\/table>\n\t\t\t<\/div>\n\t\t<\/div>\n\t\t\t\t<div class=\"wd-wpb wd-rs-6651811bc262a\">\n\t\t\t<div class=\"wd-el-table-wrap wd-reset-all-last\">\n\t\t\t\t<table class=\"wd-el-table\">\n\t\t\t\t\t<tbody class=\"text-left\">\n\t\t\t\t\t\t\t\t<tr class=\"wd-rs-6687ced71e750\">\n\t\t\t\t\t\t\t\t\t\t\t\t\t\t<th colspan=\"1\" rowspan=\"1\">\n\t\t\t\t\t\t\t\t\t\t\t\t\tSISTEMA DE TRASLACI\u00d3N\t\t\t\t\t\t\t\t\t\t\t<\/th>\n\t\t\t\t\t\t\t\t\t\t\t\t\t\t<td colspan=\"1\" rowspan=\"1\">\n\t\t\t\t\t\t\t\t\t\t\t<\/td>\n\t\t\t\t\t\t\t<\/tr>\n\t\t\t\t\t<tr class=\"wd-rs-68259be1a4c7d\">\n\t\t\t\t\t\t\t\t\t\t\t\t\t\t<td colspan=\"1\" rowspan=\"1\">\n\t\t\t\t\t\t\t\t\t\t\t\t\tMotores de traslaci\u00f3n\t\t\t\t\t\t\t\t\t\t\t<\/td>\n\t\t\t\t\t\t\t\t\t\t\t\t\t\t<td colspan=\"1\" rowspan=\"1\">\n\t\t\t\t\t\t\t\t\t\t\t\t\tMotores de dos velocidades\nde pist\u00f3n de cubicaje variable\t\t\t\t\t\t\t\t\t\t\t<\/td>\n\t\t\t\t\t\t\t<\/tr>\n\t\t\t\t\t<tr class=\"wd-rs-6687e4e53ad3e\">\n\t\t\t\t\t\t\t\t\t\t\t\t\t\t<td colspan=\"1\" rowspan=\"1\">\n\t\t\t\t\t\t\t\t\t\t\t\t\tOrugas de traslaci\u00f3n\t\t\t\t\t\t\t\t\t\t\t<\/td>\n\t\t\t\t\t\t\t\t\t\t\t\t\t\t<td colspan=\"1\" rowspan=\"1\">\n\t\t\t\t\t\t\t\t\t\t\t\t\t46 en cada lado\t\t\t\t\t\t\t\t\t\t\t<\/td>\n\t\t\t\t\t\t\t<\/tr>\n\t\t\t\t\t<tr class=\"wd-rs-6687e4f557bf6\">\n\t\t\t\t\t\t\t\t\t\t\t\t\t\t<td colspan=\"1\" rowspan=\"1\">\n\t\t\t\t\t\t\t\t\t\t\t\t\tVelocidad de traslaci\u00f3n\t\t\t\t\t\t\t\t\t\t\t<\/td>\n\t\t\t\t\t\t\t\t\t\t\t\t\t\t<td colspan=\"1\" rowspan=\"1\">\n\t\t\t\t\t\t\t\t\t\t\t\t\t3,4\/5,6 km\/h\t\t\t\t\t\t\t\t\t\t\t<\/td>\n\t\t\t\t\t\t\t<\/tr>\n\t\t\t\t\t<tr class=\"wd-rs-6687e5175807c\">\n\t\t\t\t\t\t\t\t\t\t\t\t\t\t<td colspan=\"1\" rowspan=\"1\">\n\t\t\t\t\t\t\t\t\t\t\t\t\tVelocidad de rotaci\u00f3n\t\t\t\t\t\t\t\t\t\t\t<\/td>\n\t\t\t\t\t\t\t\t\t\t\t\t\t\t<td colspan=\"1\" rowspan=\"1\">\n\t\t\t\t\t\t\t\t\t\t\t\t\t11 min-1\t\t\t\t\t\t\t\t\t\t\t<\/td>\n\t\t\t\t\t\t\t<\/tr>\n\t\t\t\t\t<tr class=\"wd-rs-6687e5029d99f\">\n\t\t\t\t\t\t\t\t\t\t\t\t\t\t<td colspan=\"1\" rowspan=\"1\">\n\t\t\t\t\t\t\t\t\t\t\t\t\tFuerza de tracci\u00f3n de la barra de arrastre\t\t\t\t\t\t\t\t\t\t\t<\/td>\n\t\t\t\t\t\t\t\t\t\t\t\t\t\t<td colspan=\"1\" rowspan=\"1\">\n\t\t\t\t\t\t\t\t\t\t\t\t\t141 kN (SAE)\t\t\t\t\t\t\t\t\t\t\t<\/td>\n\t\t\t\t\t\t\t<\/tr>\n\t\t\t\t\t\t\t<\/tbody>\n\t\t\t\t<\/table>\n\t\t\t<\/div>\n\t\t<\/div>\n\t\t<\/div><\/div><\/div><\/div>\n<\/div>","protected":false},"excerpt":{"rendered":"<p>La excavadora KOBELCO SK130LC-11 marca el comienzo de una nueva era de rentabilidad, ofreciendo un rendimiento excepcional, mayor eficiencia y productividad gracias a m\u00e1s potencia y velocidad. Su nuevo dise\u00f1o ofrece una ergonom\u00eda y comodidad excepcionales al operador.<\/p>\n<p><img decoding=\"async\" src=\"https:\/\/maquinasflorestais.com\/wp-content\/uploads\/2024\/10\/pdf.png\" \/> <a href=\"https:\/\/maquinasflorestais.com\/wp-content\/uploads\/2024\/06\/KOBELCO_SK130LC-11_-_ES.pdf\" target=\"_blank\"><strong> Ficha t\u00e9cnica.<\/strong><\/a><\/p>\n<table style=\"border-top: 1px solid #c0c0c0;\">\n<tbody>\n<tr>\n<td style=\"width: 15%; border-bottom: none;\"><img decoding=\"async\" src=\"https:\/\/maquinasflorestais.com\/wp-content\/uploads\/2024\/10\/henrique.jpeg\" width=\"90\" \/><\/td>\n<td style=\"border-bottom: none;\">\n<h3>David Magalh\u00e3es<\/h3>\n<p><img loading=\"lazy\" decoding=\"async\" src=\"https:\/\/maquinasflorestais.com\/wp-content\/uploads\/2024\/06\/flag-pt.svg\" alt=\"\" width=\"20\" height=\"20\" \/> <img loading=\"lazy\" decoding=\"async\" src=\"https:\/\/maquinasflorestais.com\/wp-content\/uploads\/2024\/06\/flag-sp.svg\" alt=\"\" width=\"20\" height=\"20\" \/><\/p>\n<p>Departamento comercial<br \/>\nT. (+351) 915 508 925<\/td>\n<\/tr>\n<tr>\n<td><\/td>\n<td><a class=\"btn btn-color-default btn-style-default btn-style-rectangle btn-size-small btn-icon-pos-right\" title=\"\" href=\"mailto:david@forestcortemaquinas.pt\">E-mail<\/a><\/td>\n<\/tr>\n<\/tbody>\n<\/table>","protected":false},"featured_media":12405,"template":"","meta":[],"product_brand":[],"product_cat":[144],"product_tag":[166,167,173,170,82,172],"class_list":{"0":"post-12396","1":"product","2":"type-product","3":"status-publish","4":"has-post-thumbnail","6":"product_cat-escavadoras","7":"product_tag-escavadora","8":"product_tag-kobelco","9":"product_tag-kobelco-sk130lc-11","10":"product_tag-maquina-escavadora","11":"product_tag-maquinas-florestais","12":"product_tag-sk130lc-11","14":"first","15":"instock","16":"shipping-taxable","17":"product-type-simple"},"_links":{"self":[{"href":"https:\/\/maquinasflorestais.com\/es\/wp-json\/wp\/v2\/product\/12396","targetHints":{"allow":["GET"]}}],"collection":[{"href":"https:\/\/maquinasflorestais.com\/es\/wp-json\/wp\/v2\/product"}],"about":[{"href":"https:\/\/maquinasflorestais.com\/es\/wp-json\/wp\/v2\/types\/product"}],"wp:featuredmedia":[{"embeddable":true,"href":"https:\/\/maquinasflorestais.com\/es\/wp-json\/wp\/v2\/media\/12405"}],"wp:attachment":[{"href":"https:\/\/maquinasflorestais.com\/es\/wp-json\/wp\/v2\/media?parent=12396"}],"wp:term":[{"taxonomy":"product_brand","embeddable":true,"href":"https:\/\/maquinasflorestais.com\/es\/wp-json\/wp\/v2\/product_brand?post=12396"},{"taxonomy":"product_cat","embeddable":true,"href":"https:\/\/maquinasflorestais.com\/es\/wp-json\/wp\/v2\/product_cat?post=12396"},{"taxonomy":"product_tag","embeddable":true,"href":"https:\/\/maquinasflorestais.com\/es\/wp-json\/wp\/v2\/product_tag?post=12396"}],"curies":[{"name":"wp","href":"https:\/\/api.w.org\/{rel}","templated":true}]}}