{"id":12123,"date":"2024-06-27T08:07:08","date_gmt":"2024-06-27T08:07:08","guid":{"rendered":"https:\/\/maquinasflorestais.com\/financiacion\/"},"modified":"2024-07-03T10:34:30","modified_gmt":"2024-07-03T10:34:30","slug":"financiacion","status":"publish","type":"page","link":"https:\/\/maquinasflorestais.com\/es\/financiacion\/","title":{"rendered":"Financiaci\u00f3n"},"content":{"rendered":"<div class=\"wpb-content-wrapper\"><div class=\"vc_row wpb_row vc_row-fluid\"><div class=\"wpb_column vc_column_container vc_col-sm-6\"><div class=\"vc_column-inner\"><div class=\"wpb_wrapper\">\t\t<div id=\"wd-667d1d44e41a1\" class=\"wd-image wd-wpb wd-rs-667d1d44e41a1 text-left vc_custom_1719475575149\">\n\t\t\t\n\t\t\t<img loading=\"lazy\" decoding=\"async\" width=\"1000\" height=\"864\" src=\"https:\/\/maquinasflorestais.com\/wp-content\/uploads\/2024\/06\/maquinasflorestais_financiamento.jpg\" class=\"attachment-full\" alt=\"M\u00e1quinas Florestais Financiamento\" title=\"M\u00e1quinas Florestais Financiamento\" srcset=\"https:\/\/maquinasflorestais.com\/wp-content\/uploads\/2024\/06\/maquinasflorestais_financiamento.jpg 1000w, https:\/\/maquinasflorestais.com\/wp-content\/uploads\/2024\/06\/maquinasflorestais_financiamento-347x300.jpg 347w, https:\/\/maquinasflorestais.com\/wp-content\/uploads\/2024\/06\/maquinasflorestais_financiamento-926x800.jpg 926w, https:\/\/maquinasflorestais.com\/wp-content\/uploads\/2024\/06\/maquinasflorestais_financiamento-768x664.jpg 768w, https:\/\/maquinasflorestais.com\/wp-content\/uploads\/2024\/06\/maquinasflorestais_financiamento-860x743.jpg 860w, https:\/\/maquinasflorestais.com\/wp-content\/uploads\/2024\/06\/maquinasflorestais_financiamento-430x372.jpg 430w, https:\/\/maquinasflorestais.com\/wp-content\/uploads\/2024\/06\/maquinasflorestais_financiamento-700x605.jpg 700w, https:\/\/maquinasflorestais.com\/wp-content\/uploads\/2024\/06\/maquinasflorestais_financiamento-150x130.jpg 150w\" sizes=\"auto, (max-width: 1000px) 100vw, 1000px\" \/>\n\t\t\t\t\t<\/div>\n\t\t<\/div><\/div><\/div><div class=\"wpb_column vc_column_container vc_col-sm-6\"><div class=\"vc_column-inner\"><div class=\"wpb_wrapper\">\n\t\t<div id=\"wd-667d1d7a986c5\" class=\"title-wrapper wd-wpb set-mb-s reset-last-child  wd-rs-667d1d7a986c5 wd-title-color-primary wd-title-style-default text-left vc_custom_1719475585927 wd-underline-colored\">\n\t\t\t\n\t\t\t<div class=\"liner-continer\">\n\t\t\t\t<h4 class=\"woodmart-title-container title  wd-font-weight- wd-fontsize-xxl\" >Financiaci\u00f3n<\/h4>\n\t\t\t\t\t\t\t<\/div>\n\t\t\t\n\t\t\t\n\t\t\t\n\t\t<\/div>\n\t\t\n\t\t\t\t<div id=\"wd-667d1da25b042\" class=\"wd-text-block wd-wpb reset-last-child wd-rs-667d1da25b042 text-left wd-fontsize-custom vc_custom_1719475623546\">\n\t\t\t<p style=\"font-weight: 400;\">Nuestra empresa Forestcorte M\u00e1quinas, S.A. da soporte a soluciones crediticias flexibles y adaptadas a cada caso a trav\u00e9s de alianzas estrat\u00e9gicas con diversas entidades financieras.<\/p>\n\t\t<\/div>\n\t\t<\/div><\/div><\/div><\/div>\n<\/div>","protected":false},"excerpt":{"rendered":"Financiaci\u00f3n Nuestra empresa Forestcorte M\u00e1quinas, S.A. da soporte a soluciones crediticias flexibles y adaptadas a cada caso a trav\u00e9s de","protected":false},"author":1,"featured_media":0,"parent":0,"menu_order":0,"comment_status":"closed","ping_status":"closed","template":"","meta":{"footnotes":""},"class_list":["post-12123","page","type-page","status-publish","hentry"],"_links":{"self":[{"href":"https:\/\/maquinasflorestais.com\/es\/wp-json\/wp\/v2\/pages\/12123","targetHints":{"allow":["GET"]}}],"collection":[{"href":"https:\/\/maquinasflorestais.com\/es\/wp-json\/wp\/v2\/pages"}],"about":[{"href":"https:\/\/maquinasflorestais.com\/es\/wp-json\/wp\/v2\/types\/page"}],"author":[{"embeddable":true,"href":"https:\/\/maquinasflorestais.com\/es\/wp-json\/wp\/v2\/users\/1"}],"replies":[{"embeddable":true,"href":"https:\/\/maquinasflorestais.com\/es\/wp-json\/wp\/v2\/comments?post=12123"}],"version-history":[{"count":2,"href":"https:\/\/maquinasflorestais.com\/es\/wp-json\/wp\/v2\/pages\/12123\/revisions"}],"predecessor-version":[{"id":12125,"href":"https:\/\/maquinasflorestais.com\/es\/wp-json\/wp\/v2\/pages\/12123\/revisions\/12125"}],"wp:attachment":[{"href":"https:\/\/maquinasflorestais.com\/es\/wp-json\/wp\/v2\/media?parent=12123"}],"curies":[{"name":"wp","href":"https:\/\/api.w.org\/{rel}","templated":true}]}}