{"id":12057,"date":"2024-05-21T15:32:06","date_gmt":"2024-05-21T15:32:06","guid":{"rendered":"https:\/\/maquinasflorestais.com\/servicios\/"},"modified":"2024-07-01T12:33:33","modified_gmt":"2024-07-01T12:33:33","slug":"servicios","status":"publish","type":"page","link":"https:\/\/maquinasflorestais.com\/es\/servicios\/","title":{"rendered":"Servicios"},"content":{"rendered":"<div class=\"wpb-content-wrapper\"><div class=\"vc_row wpb_row vc_row-fluid\"><div class=\"wpb_column vc_column_container vc_col-sm-6\"><div class=\"vc_column-inner\"><div class=\"wpb_wrapper\">\t\t<div id=\"wd-664cc4f8e38d1\" class=\"wd-image wd-wpb wd-rs-664cc4f8e38d1 text-left vc_custom_1716307220673\">\n\t\t\t\n\t\t\t<img loading=\"lazy\" decoding=\"async\" width=\"1441\" height=\"1282\" src=\"https:\/\/maquinasflorestais.com\/wp-content\/uploads\/2024\/05\/servicos-oficina.jpg\" class=\"attachment-full\" alt=\"\" title=\"servicos-oficina\" srcset=\"https:\/\/maquinasflorestais.com\/wp-content\/uploads\/2024\/05\/servicos-oficina.jpg 1441w, https:\/\/maquinasflorestais.com\/wp-content\/uploads\/2024\/05\/servicos-oficina-337x300.jpg 337w, https:\/\/maquinasflorestais.com\/wp-content\/uploads\/2024\/05\/servicos-oficina-899x800.jpg 899w, https:\/\/maquinasflorestais.com\/wp-content\/uploads\/2024\/05\/servicos-oficina-768x683.jpg 768w, https:\/\/maquinasflorestais.com\/wp-content\/uploads\/2024\/05\/servicos-oficina-860x765.jpg 860w, https:\/\/maquinasflorestais.com\/wp-content\/uploads\/2024\/05\/servicos-oficina-430x383.jpg 430w, https:\/\/maquinasflorestais.com\/wp-content\/uploads\/2024\/05\/servicos-oficina-700x623.jpg 700w, https:\/\/maquinasflorestais.com\/wp-content\/uploads\/2024\/05\/servicos-oficina-150x133.jpg 150w\" sizes=\"auto, (max-width: 1441px) 100vw, 1441px\" \/>\n\t\t\t\t\t<\/div>\n\t\t<\/div><\/div><\/div><div class=\"wpb_column vc_column_container vc_col-sm-6\"><div class=\"vc_column-inner\"><div class=\"wpb_wrapper\">\n\t\t<div id=\"wd-664cc57c35a70\" class=\"title-wrapper wd-wpb set-mb-s reset-last-child  wd-rs-664cc57c35a70 wd-title-color-primary wd-title-style-default text-left vc_custom_1716307328595 wd-underline-colored\">\n\t\t\t\n\t\t\t<div class=\"liner-continer\">\n\t\t\t\t<h4 class=\"woodmart-title-container title  wd-font-weight- wd-fontsize-xxl\" >Servicios de taller<\/h4>\n\t\t\t\t\t\t\t<\/div>\n\t\t\t\n\t\t\t\n\t\t\t\n\t\t<\/div>\n\t\t\n\t\t\t\t<div id=\"wd-664cc3eecf699\" class=\"wd-text-block wd-wpb reset-last-child wd-rs-664cc3eecf699 text-left wd-width-enabled wd-fontsize-s vc_custom_1716306982710\" style=\"--wd-max-width: 90%;\">\n\t\t\t<p style=\"font-weight: 400;\">En Forestcorte M\u00e1quinas, disponemos de un taller donde podemos proporcionarle toda la asistencia que necesite para sus equipos forestales.<\/p>\n\t\t<\/div>\n\t\t\t\t<div id=\"wd-66705279e2a51\" class=\"wd-text-block wd-wpb reset-last-child wd-rs-66705279e2a51 text-left wd-fontsize-custom vc_custom_1718637212533\">\n\t\t\t<p style=\"font-weight: 400;\">. Con nuestro personal experimentado y debidamente capacitado, siempre somos capaces de llevar a cabo todas las reparaciones en nuestro taller.<\/p>\n\t\t<\/div>\n\t\t<div class=\"vc_row wpb_row vc_inner vc_row-fluid vc_custom_1718638754757 wd-rs-667058913a895\"><div class=\"wpb_column vc_column_container vc_col-sm-3\"><div class=\"vc_column-inner\"><div class=\"wpb_wrapper\">\n\t<div  class=\"wpb_single_image wpb_content_element vc_align_left\">\n\t\t\n\t\t<figure class=\"wpb_wrapper vc_figure\">\n\t\t\t<div class=\"vc_single_image-wrapper   vc_box_border_grey\"><img loading=\"lazy\" decoding=\"async\" width=\"150\" height=\"150\" src=\"https:\/\/maquinasflorestais.com\/wp-content\/uploads\/2024\/05\/contactos-marino-150x150.png\" class=\"vc_single_image-img attachment-thumbnail\" alt=\"\" title=\"contactos-marino\" srcset=\"https:\/\/maquinasflorestais.com\/wp-content\/uploads\/2024\/05\/contactos-marino-150x150.png 150w, https:\/\/maquinasflorestais.com\/wp-content\/uploads\/2024\/05\/contactos-marino.png 239w\" sizes=\"auto, (max-width: 150px) 100vw, 150px\" \/><\/div>\n\t\t<\/figure>\n\t<\/div>\n<\/div><\/div><\/div><div class=\"wpb_column vc_column_container vc_col-sm-6\"><div class=\"vc_column-inner\"><div class=\"wpb_wrapper\">\n\t<div class=\"wpb_text_column wpb_content_element\" >\n\t\t<div class=\"wpb_wrapper\">\n\t\t\t<h4 class=\"member-name\">Marino Pinho<\/h4>\n<div class=\"member-position\">Departamento t\u00e9cnico<\/div>\n<div class=\"member-bio\">T. (+351) 256 920 016<br \/>\nE-mail: <a href=\"mailto:marino@forestcortemaquinas.pt\">marino@forestcortemaquinas.pt<\/a><\/div>\n<div class=\"member-position\"><\/div>\n\n\t\t<\/div>\n\t<\/div>\n<\/div><\/div><\/div><div class=\"wpb_column vc_column_container vc_col-sm-3\"><div class=\"vc_column-inner\"><div class=\"wpb_wrapper\"><\/div><\/div><\/div><\/div><\/div><\/div><\/div><\/div><div class=\"vc_row wpb_row vc_row-fluid vc_custom_1718639933289 wd-rs-66705d23cde64\"><div class=\"wpb_column vc_column_container vc_col-sm-12\"><div class=\"vc_column-inner\"><div class=\"wpb_wrapper\"><div class=\"vc_row wpb_row vc_inner vc_row-fluid\"><div class=\"wpb_column vc_column_container vc_col-sm-3\"><div class=\"vc_column-inner\"><div class=\"wpb_wrapper\">\n\t<div  class=\"wpb_single_image wpb_content_element vc_align_center\">\n\t\t\n\t\t<figure class=\"wpb_wrapper vc_figure\">\n\t\t\t<div class=\"vc_single_image-wrapper   vc_box_border_grey\"><img decoding=\"async\" class=\"vc_single_image-img\" src=\"https:\/\/maquinasflorestais.com\/wp-content\/uploads\/2024\/05\/servicos_mecanica-150x150.png\" width=\"150\" height=\"150\" alt=\"Mec\u00e2nica\" title=\"servicos_mecanica\" loading=\"lazy\" \/><\/div>\n\t\t<\/figure>\n\t<\/div>\n\n\t\t<div id=\"wd-667056170a451\" class=\"title-wrapper wd-wpb set-mb-s reset-last-child  wd-rs-667056170a451 wd-title-color-default wd-title-style-default text-center vc_custom_1718638126479 wd-underline-colored\">\n\t\t\t\n\t\t\t<div class=\"liner-continer\">\n\t\t\t\t<h4 class=\"woodmart-title-container title  wd-font-weight- wd-fontsize-m\" >Mec\u00e1nica<\/h4>\n\t\t\t\t\t\t\t<\/div>\n\t\t\t\n\t\t\t\n\t\t\t\n\t\t<\/div>\n\t\t\n\t\t<\/div><\/div><\/div><div class=\"wpb_column vc_column_container vc_col-sm-3\"><div class=\"vc_column-inner\"><div class=\"wpb_wrapper\">\n\t<div  class=\"wpb_single_image wpb_content_element vc_align_center\">\n\t\t\n\t\t<figure class=\"wpb_wrapper vc_figure\">\n\t\t\t<div class=\"vc_single_image-wrapper   vc_box_border_grey\"><img decoding=\"async\" class=\"vc_single_image-img\" src=\"https:\/\/maquinasflorestais.com\/wp-content\/uploads\/2024\/05\/servicos_pintura-150x150.png\" width=\"150\" height=\"150\" alt=\"servicos_pintura\" title=\"servicos_pintura\" loading=\"lazy\" \/><\/div>\n\t\t<\/figure>\n\t<\/div>\n\n\t\t<div id=\"wd-664cca5e64722\" class=\"title-wrapper wd-wpb set-mb-s reset-last-child  wd-rs-664cca5e64722 wd-title-color-default wd-title-style-default text-center  wd-underline-colored\">\n\t\t\t\n\t\t\t<div class=\"liner-continer\">\n\t\t\t\t<h4 class=\"woodmart-title-container title  wd-font-weight- wd-fontsize-m\" >Pintura<\/h4>\n\t\t\t\t\t\t\t<\/div>\n\t\t\t\n\t\t\t\n\t\t\t\n\t\t<\/div>\n\t\t\n\t\t<\/div><\/div><\/div><div class=\"wpb_column vc_column_container vc_col-sm-3\"><div class=\"vc_column-inner\"><div class=\"wpb_wrapper\">\n\t<div  class=\"wpb_single_image wpb_content_element vc_align_center\">\n\t\t\n\t\t<figure class=\"wpb_wrapper vc_figure\">\n\t\t\t<div class=\"vc_single_image-wrapper   vc_box_border_grey\"><img decoding=\"async\" class=\"vc_single_image-img\" src=\"https:\/\/maquinasflorestais.com\/wp-content\/uploads\/2024\/05\/servicos_informatica-150x150.png\" width=\"150\" height=\"150\" alt=\"servicos_informatica\" title=\"servicos_informatica\" loading=\"lazy\" \/><\/div>\n\t\t<\/figure>\n\t<\/div>\n\n\t\t<div id=\"wd-664cca7c530e8\" class=\"title-wrapper wd-wpb set-mb-s reset-last-child  wd-rs-664cca7c530e8 wd-title-color-default wd-title-style-default text-center  wd-underline-colored\">\n\t\t\t\n\t\t\t<div class=\"liner-continer\">\n\t\t\t\t<h4 class=\"woodmart-title-container title  wd-font-weight- wd-fontsize-m\" >Electricidad e inform\u00e1tica<\/h4>\n\t\t\t\t\t\t\t<\/div>\n\t\t\t\n\t\t\t\n\t\t\t\n\t\t<\/div>\n\t\t\n\t\t<\/div><\/div><\/div><div class=\"wpb_column vc_column_container vc_col-sm-3\"><div class=\"vc_column-inner\"><div class=\"wpb_wrapper\">\n\t<div  class=\"wpb_single_image wpb_content_element vc_align_center\">\n\t\t\n\t\t<figure class=\"wpb_wrapper vc_figure\">\n\t\t\t<div class=\"vc_single_image-wrapper   vc_box_border_grey\"><img decoding=\"async\" class=\"vc_single_image-img\" src=\"https:\/\/maquinasflorestais.com\/wp-content\/uploads\/2024\/05\/servicos_manutencao_pecas-150x150.png\" width=\"150\" height=\"150\" alt=\"servicos_manutencao_pecas\" title=\"servicos_manutencao_pecas\" loading=\"lazy\" \/><\/div>\n\t\t<\/figure>\n\t<\/div>\n\n\t\t<div id=\"wd-667056b778235\" class=\"title-wrapper wd-wpb set-mb-s reset-last-child  wd-rs-667056b778235 wd-title-color-default wd-title-style-default text-center  wd-underline-colored\">\n\t\t\t\n\t\t\t<div class=\"liner-continer\">\n\t\t\t\t<h4 class=\"woodmart-title-container title  wd-font-weight- wd-fontsize-m\" >Mantenimiento y reparaci\u00f3n<\/h4>\n\t\t\t\t\t\t\t<\/div>\n\t\t\t\n\t\t\t\n\t\t\t\n\t\t<\/div>\n\t\t\n\t\t<\/div><\/div><\/div><div class=\"wpb_column vc_column_container vc_col-sm-3\"><div class=\"vc_column-inner\"><div class=\"wpb_wrapper\">\n\t<div  class=\"wpb_single_image wpb_content_element vc_align_center\">\n\t\t\n\t\t<figure class=\"wpb_wrapper vc_figure\">\n\t\t\t<div class=\"vc_single_image-wrapper   vc_box_border_grey\"><img decoding=\"async\" class=\"vc_single_image-img\" src=\"https:\/\/maquinasflorestais.com\/wp-content\/uploads\/2024\/05\/servicos_tornearia-150x150.png\" width=\"150\" height=\"150\" alt=\"servicos_tornearia\" title=\"servicos_tornearia\" loading=\"lazy\" \/><\/div>\n\t\t<\/figure>\n\t<\/div>\n\n\t\t<div id=\"wd-664ccb48519cf\" class=\"title-wrapper wd-wpb set-mb-s reset-last-child  wd-rs-664ccb48519cf wd-title-color-default wd-title-style-default text-center  wd-underline-colored\">\n\t\t\t\n\t\t\t<div class=\"liner-continer\">\n\t\t\t\t<h4 class=\"woodmart-title-container title  wd-font-weight- wd-fontsize-m\" >Cerrajer\u00eda \/ Metalurgia<\/h4>\n\t\t\t\t\t\t\t<\/div>\n\t\t\t\n\t\t\t\n\t\t\t\n\t\t<\/div>\n\t\t\n\t\t<\/div><\/div><\/div><div class=\"wpb_column vc_column_container vc_col-sm-3\"><div class=\"vc_column-inner\"><div class=\"wpb_wrapper\">\n\t<div  class=\"wpb_single_image wpb_content_element vc_align_center\">\n\t\t\n\t\t<figure class=\"wpb_wrapper vc_figure\">\n\t\t\t<div class=\"vc_single_image-wrapper   vc_box_border_grey\"><img decoding=\"async\" class=\"vc_single_image-img\" src=\"https:\/\/maquinasflorestais.com\/wp-content\/uploads\/2024\/05\/servicos_hidraulico-150x150.png\" width=\"150\" height=\"150\" alt=\"servicos_hidraulico\" title=\"servicos_hidraulico\" loading=\"lazy\" \/><\/div>\n\t\t<\/figure>\n\t<\/div>\n\n\t\t<div id=\"wd-664ccb5183831\" class=\"title-wrapper wd-wpb set-mb-s reset-last-child  wd-rs-664ccb5183831 wd-title-color-default wd-title-style-default text-center  wd-underline-colored\">\n\t\t\t\n\t\t\t<div class=\"liner-continer\">\n\t\t\t\t<h4 class=\"woodmart-title-container title  wd-font-weight- wd-fontsize-m\" >Hidr\u00e1ulica<\/h4>\n\t\t\t\t\t\t\t<\/div>\n\t\t\t\n\t\t\t\n\t\t\t\n\t\t<\/div>\n\t\t\n\t\t<\/div><\/div><\/div><div class=\"wpb_column vc_column_container vc_col-sm-3\"><div class=\"vc_column-inner\"><div class=\"wpb_wrapper\">\n\t<div  class=\"wpb_single_image wpb_content_element vc_align_center\">\n\t\t\n\t\t<figure class=\"wpb_wrapper vc_figure\">\n\t\t\t<div class=\"vc_single_image-wrapper   vc_box_border_grey\"><img decoding=\"async\" class=\"vc_single_image-img\" src=\"https:\/\/maquinasflorestais.com\/wp-content\/uploads\/2024\/05\/servicos_tornearia-150x150.png\" width=\"150\" height=\"150\" alt=\"servicos_tornearia\" title=\"servicos_tornearia\" loading=\"lazy\" \/><\/div>\n\t\t<\/figure>\n\t<\/div>\n\n\t\t<div id=\"wd-664ccbd455c30\" class=\"title-wrapper wd-wpb set-mb-s reset-last-child  wd-rs-664ccbd455c30 wd-title-color-default wd-title-style-default text-center  wd-underline-colored\">\n\t\t\t\n\t\t\t<div class=\"liner-continer\">\n\t\t\t\t<h4 class=\"woodmart-title-container title  wd-font-weight- wd-fontsize-m\" >Torneado<\/h4>\n\t\t\t\t\t\t\t<\/div>\n\t\t\t\n\t\t\t\n\t\t\t\n\t\t<\/div>\n\t\t\n\t\t<\/div><\/div><\/div><\/div><\/div><\/div><\/div><\/div><div class=\"vc_row wpb_row vc_row-fluid vc_custom_1716310796203 wd-rs-664cd3038f3ff\"><div class=\"wpb_column vc_column_container vc_col-sm-6\"><div class=\"vc_column-inner\"><div class=\"wpb_wrapper\">\n\t\t<div id=\"wd-664cc5854eb1d\" class=\"title-wrapper wd-wpb set-mb-s reset-last-child  wd-rs-664cc5854eb1d wd-title-color-primary wd-title-style-default text-left vc_custom_1716307337894 wd-underline-colored\">\n\t\t\t\n\t\t\t<div class=\"liner-continer\">\n\t\t\t\t<h4 class=\"woodmart-title-container title  wd-font-weight- wd-fontsize-xxl\" >Atenci\u00f3n al cliente<\/h4>\n\t\t\t\t\t\t\t<\/div>\n\t\t\t\n\t\t\t\n\t\t\t\n\t\t<\/div>\n\t\t\n\t\t\t\t<div id=\"wd-664cc14e17579\" class=\"wd-text-block wd-wpb reset-last-child wd-rs-664cc14e17579 text-left wd-fontsize-custom vc_custom_1716306266964\">\n\t\t\t<p style=\"font-weight: 400;\">Nuestra experiencia en el sector forestal y el desarrollo de esta industria nos ha proporcionado un conocimiento m\u00e1s amplio de todos los equipos forestales. Estamos preparados para dar una respuesta m\u00e1s eficaz a todos los clientes que buscan piezas o accesorios para sus equipos. Ofrecemos una amplia selecci\u00f3n de art\u00edculos para su m\u00e1quina o equipo, de todas las marcas que vendemos.<\/p>\n<p style=\"font-weight: 400;\">Ant\u00f3nio Quintas<br \/>\nTel.: (+351) 256 920 011<br \/>\nE-mail: <a href=\"mailto:aquintas@forestcortemaquinas.pt\">aquintas@forestcortemaquinas.pt<\/a><\/p>\n\t\t<\/div>\n\t\t<div class=\"vc_row wpb_row vc_inner vc_row-fluid vc_custom_1718638754757 wd-rs-667058913a895\"><div class=\"wpb_column vc_column_container vc_col-sm-3\"><div class=\"vc_column-inner\"><div class=\"wpb_wrapper\">\n\t<div  class=\"wpb_single_image wpb_content_element vc_align_left\">\n\t\t\n\t\t<figure class=\"wpb_wrapper vc_figure\">\n\t\t\t<div class=\"vc_single_image-wrapper   vc_box_border_grey\"><img loading=\"lazy\" decoding=\"async\" width=\"150\" height=\"150\" src=\"https:\/\/maquinasflorestais.com\/wp-content\/uploads\/2024\/05\/contactos-antonio-150x150.png\" class=\"vc_single_image-img attachment-thumbnail\" alt=\"\" title=\"contactos-antonio\" srcset=\"https:\/\/maquinasflorestais.com\/wp-content\/uploads\/2024\/05\/contactos-antonio-150x150.png 150w, https:\/\/maquinasflorestais.com\/wp-content\/uploads\/2024\/05\/contactos-antonio.png 239w\" sizes=\"auto, (max-width: 150px) 100vw, 150px\" \/><\/div>\n\t\t<\/figure>\n\t<\/div>\n<\/div><\/div><\/div><div class=\"wpb_column vc_column_container vc_col-sm-6\"><div class=\"vc_column-inner\"><div class=\"wpb_wrapper\">\n\t<div class=\"wpb_text_column wpb_content_element\" >\n\t\t<div class=\"wpb_wrapper\">\n\t\t\t<h4 class=\"member-name\">Ant\u00f3nio Quintas<\/h4>\n<div>Departamento de repuestos<br \/>\nTel.: (+351) 256 920 011<br \/>\nE-mail: <a href=\"mailto:aquintas@forestcortemaquinas.pt\">aquintas@forestcortemaquinas.pt<\/a><\/div>\n<div class=\"member-position\"><\/div>\n\n\t\t<\/div>\n\t<\/div>\n<\/div><\/div><\/div><div class=\"wpb_column vc_column_container vc_col-sm-3\"><div class=\"vc_column-inner\"><div class=\"wpb_wrapper\"><\/div><\/div><\/div><\/div><\/div><\/div><\/div><div class=\"wpb_column vc_column_container vc_col-sm-6\"><div class=\"vc_column-inner\"><div class=\"wpb_wrapper\">\t\t<div id=\"wd-664cd2325caa8\" class=\"wd-image wd-wpb wd-rs-664cd2325caa8 text-left vc_custom_1716310617337\">\n\t\t\t\n\t\t\t<img loading=\"lazy\" decoding=\"async\" width=\"1441\" height=\"1282\" src=\"https:\/\/maquinasflorestais.com\/wp-content\/uploads\/2024\/05\/servicos_atendimento_cliente.jpg\" class=\"attachment-full\" alt=\"\" title=\"servicos_atendimento_cliente\" srcset=\"https:\/\/maquinasflorestais.com\/wp-content\/uploads\/2024\/05\/servicos_atendimento_cliente.jpg 1441w, https:\/\/maquinasflorestais.com\/wp-content\/uploads\/2024\/05\/servicos_atendimento_cliente-337x300.jpg 337w, https:\/\/maquinasflorestais.com\/wp-content\/uploads\/2024\/05\/servicos_atendimento_cliente-899x800.jpg 899w, https:\/\/maquinasflorestais.com\/wp-content\/uploads\/2024\/05\/servicos_atendimento_cliente-768x683.jpg 768w, https:\/\/maquinasflorestais.com\/wp-content\/uploads\/2024\/05\/servicos_atendimento_cliente-860x765.jpg 860w, https:\/\/maquinasflorestais.com\/wp-content\/uploads\/2024\/05\/servicos_atendimento_cliente-430x383.jpg 430w, https:\/\/maquinasflorestais.com\/wp-content\/uploads\/2024\/05\/servicos_atendimento_cliente-700x623.jpg 700w, https:\/\/maquinasflorestais.com\/wp-content\/uploads\/2024\/05\/servicos_atendimento_cliente-150x133.jpg 150w\" sizes=\"auto, (max-width: 1441px) 100vw, 1441px\" \/>\n\t\t\t\t\t<\/div>\n\t\t<\/div><\/div><\/div><\/div><div class=\"vc_row wpb_row vc_row-fluid vc_custom_1716310901562 wd-rs-664cd36f66507\"><div class=\"wpb_column vc_column_container vc_col-sm-6\"><div class=\"vc_column-inner\"><div class=\"wpb_wrapper\">\t\t<div id=\"wd-664cd2c271fd6\" class=\"wd-image wd-wpb wd-rs-664cd2c271fd6 text-left vc_custom_1716310774454\">\n\t\t\t\n\t\t\t<img loading=\"lazy\" decoding=\"async\" width=\"1441\" height=\"1282\" src=\"https:\/\/maquinasflorestais.com\/wp-content\/uploads\/2024\/05\/servicos_assistencia_tecnica.jpg\" class=\"attachment-full\" alt=\"\" title=\"servicos_assistencia_tecnica\" srcset=\"https:\/\/maquinasflorestais.com\/wp-content\/uploads\/2024\/05\/servicos_assistencia_tecnica.jpg 1441w, https:\/\/maquinasflorestais.com\/wp-content\/uploads\/2024\/05\/servicos_assistencia_tecnica-337x300.jpg 337w, https:\/\/maquinasflorestais.com\/wp-content\/uploads\/2024\/05\/servicos_assistencia_tecnica-899x800.jpg 899w, https:\/\/maquinasflorestais.com\/wp-content\/uploads\/2024\/05\/servicos_assistencia_tecnica-768x683.jpg 768w, https:\/\/maquinasflorestais.com\/wp-content\/uploads\/2024\/05\/servicos_assistencia_tecnica-860x765.jpg 860w, https:\/\/maquinasflorestais.com\/wp-content\/uploads\/2024\/05\/servicos_assistencia_tecnica-430x383.jpg 430w, https:\/\/maquinasflorestais.com\/wp-content\/uploads\/2024\/05\/servicos_assistencia_tecnica-700x623.jpg 700w, https:\/\/maquinasflorestais.com\/wp-content\/uploads\/2024\/05\/servicos_assistencia_tecnica-150x133.jpg 150w\" sizes=\"auto, (max-width: 1441px) 100vw, 1441px\" \/>\n\t\t\t\t\t<\/div>\n\t\t<\/div><\/div><\/div><div class=\"wpb_column vc_column_container vc_col-sm-6\"><div class=\"vc_column-inner\"><div class=\"wpb_wrapper\">\n\t\t<div id=\"wd-664cd364b2a91\" class=\"title-wrapper wd-wpb set-mb-s reset-last-child  wd-rs-664cd364b2a91 wd-title-color-primary wd-title-style-default text-left vc_custom_1716310892827 wd-underline-colored\">\n\t\t\t\n\t\t\t<div class=\"liner-continer\">\n\t\t\t\t<h4 class=\"woodmart-title-container title  wd-font-weight- wd-fontsize-xxl\" >Asistencia t\u00e9cnica<\/h4>\n\t\t\t\t\t\t\t<\/div>\n\t\t\t\n\t\t\t\n\t\t\t\n\t\t<\/div>\n\t\t\n\t\t\t\t<div id=\"wd-66705af30232b\" class=\"wd-text-block wd-wpb reset-last-child wd-rs-66705af30232b text-left wd-fontsize-custom vc_custom_1718639357269\">\n\t\t\t<p style=\"font-weight: 400;\">Con experiencia en el sector forestal y una fuerte especializaci\u00f3n en este mercado altamente competitivo, Forestcorte M\u00e1quinas, consciente de su \u00e9xito y pensando en el \u00e9xito de sus clientes, ofrece un servicio post-venta altamente cualificado para la asistencia de maquinaria forestal.<\/p>\n<p style=\"font-weight: 400;\">Tambi\u00e9n disponemos de veh\u00edculos de asistencia t\u00e9cnica para atender a nuestros clientes en Portugal continental, Espa\u00f1a y Francia.<\/p>\n\t\t<\/div>\n\t\t<div class=\"vc_row wpb_row vc_inner vc_row-fluid vc_custom_1718638754757 wd-rs-667058913a895\"><div class=\"wpb_column vc_column_container vc_col-sm-3\"><div class=\"vc_column-inner\"><div class=\"wpb_wrapper\">\n\t<div  class=\"wpb_single_image wpb_content_element vc_align_left\">\n\t\t\n\t\t<figure class=\"wpb_wrapper vc_figure\">\n\t\t\t<div class=\"vc_single_image-wrapper   vc_box_border_grey\"><img loading=\"lazy\" decoding=\"async\" width=\"150\" height=\"150\" src=\"https:\/\/maquinasflorestais.com\/wp-content\/uploads\/2024\/05\/contactos-sem-foto-150x150.png\" class=\"vc_single_image-img attachment-thumbnail\" alt=\"\" title=\"contactos-sem-foto\" srcset=\"https:\/\/maquinasflorestais.com\/wp-content\/uploads\/2024\/05\/contactos-sem-foto-150x150.png 150w, https:\/\/maquinasflorestais.com\/wp-content\/uploads\/2024\/05\/contactos-sem-foto.png 239w\" sizes=\"auto, (max-width: 150px) 100vw, 150px\" \/><\/div>\n\t\t<\/figure>\n\t<\/div>\n<\/div><\/div><\/div><div class=\"wpb_column vc_column_container vc_col-sm-6\"><div class=\"vc_column-inner\"><div class=\"wpb_wrapper\">\n\t<div class=\"wpb_text_column wpb_content_element\" >\n\t\t<div class=\"wpb_wrapper\">\n\t\t\t<div>\n<h4 class=\"member-name\">Henrique Cardoso<\/h4>\n<div class=\"member-position\">Departamento t\u00e9cnico<\/div>\n<div class=\"member-bio\">T. (+351) 911 898 327<\/div>\n<\/div>\n<div class=\"member-position\">E-mail: <a href=\"mailto:hcardoso@forestcortemaquinas.pt\">hcardoso@forestcortemaquinas.pt<\/a><\/div>\n\n\t\t<\/div>\n\t<\/div>\n<\/div><\/div><\/div><div class=\"wpb_column vc_column_container vc_col-sm-3\"><div class=\"vc_column-inner\"><div class=\"wpb_wrapper\"><\/div><\/div><\/div><\/div><\/div><\/div><\/div><\/div>\n<\/div>","protected":false},"excerpt":{"rendered":"Servicios de taller En Forestcorte M\u00e1quinas, disponemos de un taller donde podemos proporcionarle toda la asistencia que necesite para sus","protected":false},"author":1,"featured_media":0,"parent":0,"menu_order":0,"comment_status":"closed","ping_status":"closed","template":"","meta":{"footnotes":""},"class_list":["post-12057","page","type-page","status-publish","hentry"],"_links":{"self":[{"href":"https:\/\/maquinasflorestais.com\/es\/wp-json\/wp\/v2\/pages\/12057","targetHints":{"allow":["GET"]}}],"collection":[{"href":"https:\/\/maquinasflorestais.com\/es\/wp-json\/wp\/v2\/pages"}],"about":[{"href":"https:\/\/maquinasflorestais.com\/es\/wp-json\/wp\/v2\/types\/page"}],"author":[{"embeddable":true,"href":"https:\/\/maquinasflorestais.com\/es\/wp-json\/wp\/v2\/users\/1"}],"replies":[{"embeddable":true,"href":"https:\/\/maquinasflorestais.com\/es\/wp-json\/wp\/v2\/comments?post=12057"}],"version-history":[{"count":1,"href":"https:\/\/maquinasflorestais.com\/es\/wp-json\/wp\/v2\/pages\/12057\/revisions"}],"predecessor-version":[{"id":12058,"href":"https:\/\/maquinasflorestais.com\/es\/wp-json\/wp\/v2\/pages\/12057\/revisions\/12058"}],"wp:attachment":[{"href":"https:\/\/maquinasflorestais.com\/es\/wp-json\/wp\/v2\/media?parent=12057"}],"curies":[{"name":"wp","href":"https:\/\/api.w.org\/{rel}","templated":true}]}}