{"id":11432,"date":"2024-06-27T08:07:08","date_gmt":"2024-06-27T08:07:08","guid":{"rendered":"https:\/\/maquinasflorestais.com\/?page_id=11432"},"modified":"2025-01-23T15:28:23","modified_gmt":"2025-01-23T15:28:23","slug":"financiamento","status":"publish","type":"page","link":"https:\/\/maquinasflorestais.com\/es\/financiamento\/","title":{"rendered":"Financiaci\u00f3n"},"content":{"rendered":"<div class=\"wpb-content-wrapper\"><div class=\"vc_row wpb_row vc_row-fluid\"><div class=\"wpb_column vc_column_container vc_col-sm-6\"><div class=\"vc_column-inner\"><div class=\"wpb_wrapper\">\t\t<div id=\"wd-67925fc1c511a\" class=\"wd-image wd-wpb wd-rs-67925fc1c511a text-center vc_custom_1737646090519\">\n\t\t\t\n\t\t\t<img loading=\"lazy\" decoding=\"async\" width=\"1441\" height=\"1282\" src=\"https:\/\/maquinasflorestais.com\/wp-content\/uploads\/2024\/10\/img-vendas.jpg\" class=\"attachment-full\" alt=\"\" title=\"img-vendas\" srcset=\"https:\/\/maquinasflorestais.com\/wp-content\/uploads\/2024\/10\/img-vendas.jpg 1441w, https:\/\/maquinasflorestais.com\/wp-content\/uploads\/2024\/10\/img-vendas-337x300.jpg 337w, https:\/\/maquinasflorestais.com\/wp-content\/uploads\/2024\/10\/img-vendas-899x800.jpg 899w, https:\/\/maquinasflorestais.com\/wp-content\/uploads\/2024\/10\/img-vendas-768x683.jpg 768w, https:\/\/maquinasflorestais.com\/wp-content\/uploads\/2024\/10\/img-vendas-13x12.jpg 13w, https:\/\/maquinasflorestais.com\/wp-content\/uploads\/2024\/10\/img-vendas-860x765.jpg 860w, https:\/\/maquinasflorestais.com\/wp-content\/uploads\/2024\/10\/img-vendas-430x383.jpg 430w, https:\/\/maquinasflorestais.com\/wp-content\/uploads\/2024\/10\/img-vendas-700x623.jpg 700w, https:\/\/maquinasflorestais.com\/wp-content\/uploads\/2024\/10\/img-vendas-150x133.jpg 150w\" sizes=\"auto, (max-width: 1441px) 100vw, 1441px\" \/>\n\t\t\t\t\t<\/div>\n\t\t<\/div><\/div><\/div><div class=\"wpb_column vc_column_container vc_col-sm-6\"><div class=\"vc_column-inner\"><div class=\"wpb_wrapper\">\n\t\t<div id=\"wd-667d1d7a986c5\" class=\"title-wrapper wd-wpb set-mb-s reset-last-child  wd-rs-667d1d7a986c5 wd-title-color-primary wd-title-style-default text-left vc_custom_1719475585927 wd-underline-colored\">\n\t\t\t\n\t\t\t<div class=\"liner-continer\">\n\t\t\t\t<h4 class=\"woodmart-title-container title  wd-font-weight- wd-fontsize-xxl\" >Financiaci\u00f3n<\/h4>\n\t\t\t\t\t\t\t<\/div>\n\t\t\t\n\t\t\t\n\t\t\t\n\t\t<\/div>\n\t\t\n\t\t\t\t<div id=\"wd-667d1da25b042\" class=\"wd-text-block wd-wpb reset-last-child wd-rs-667d1da25b042 text-left wd-fontsize-custom vc_custom_1719475623546\">\n\t\t\t<p style=\"font-weight: 400;\">Nuestra empresa Forestcorte M\u00e1quinas, S.A. brinda soporte en soluciones crediticias flexibles y adaptadas a cada caso con alianzas estrat\u00e9gicas con diversas entidades financieras.<\/p>\n\t\t<\/div>\n\t\t<\/div><\/div><\/div><\/div>\n<\/div>","protected":false},"excerpt":{"rendered":"Financiamento A nossa empresa Forestcorte M\u00e1quinas, S.A. disponibiliza apoio para solu\u00e7\u00f5es de cr\u00e9dito flex\u00edveis e ajustadas a cada caso com","protected":false},"author":1,"featured_media":0,"parent":0,"menu_order":0,"comment_status":"closed","ping_status":"closed","template":"","meta":{"footnotes":""},"class_list":["post-11432","page","type-page","status-publish","hentry"],"_links":{"self":[{"href":"https:\/\/maquinasflorestais.com\/es\/wp-json\/wp\/v2\/pages\/11432","targetHints":{"allow":["GET"]}}],"collection":[{"href":"https:\/\/maquinasflorestais.com\/es\/wp-json\/wp\/v2\/pages"}],"about":[{"href":"https:\/\/maquinasflorestais.com\/es\/wp-json\/wp\/v2\/types\/page"}],"author":[{"embeddable":true,"href":"https:\/\/maquinasflorestais.com\/es\/wp-json\/wp\/v2\/users\/1"}],"replies":[{"embeddable":true,"href":"https:\/\/maquinasflorestais.com\/es\/wp-json\/wp\/v2\/comments?post=11432"}],"version-history":[{"count":2,"href":"https:\/\/maquinasflorestais.com\/es\/wp-json\/wp\/v2\/pages\/11432\/revisions"}],"predecessor-version":[{"id":13799,"href":"https:\/\/maquinasflorestais.com\/es\/wp-json\/wp\/v2\/pages\/11432\/revisions\/13799"}],"wp:attachment":[{"href":"https:\/\/maquinasflorestais.com\/es\/wp-json\/wp\/v2\/media?parent=11432"}],"curies":[{"name":"wp","href":"https:\/\/api.w.org\/{rel}","templated":true}]}}