{"id":13988,"date":"2026-03-24T09:50:30","date_gmt":"2026-03-24T09:50:30","guid":{"rendered":"https:\/\/maquinasflorestais.com\/?post_type=product&#038;p=13988"},"modified":"2026-03-25T09:12:36","modified_gmt":"2026-03-25T09:12:36","slug":"rcu45","status":"publish","type":"product","link":"https:\/\/maquinasflorestais.com\/en\/produtos\/rcu45\/","title":{"rendered":"RCU45"},"content":{"rendered":"<div class=\"wpb-content-wrapper\"><div class=\"vc_row wpb_row vc_row-fluid\"><div class=\"wpb_column vc_column_container vc_col-sm-12\"><div class=\"vc_column-inner vc_custom_1493038156710\"><div class=\"wpb_wrapper\">\n\t\t<div id=\"wd-69c25e90c159f\" class=\"title-wrapper wd-wpb set-mb-s reset-last-child  wd-rs-69c25e90c159f wd-title-color-default wd-title-style-default text-left  wd-underline-colored\">\n\t\t\t\n\t\t\t<div class=\"liner-continer\">\n\t\t\t\t<h4 class=\"woodmart-title-container title  wd-font-weight- wd-fontsize-m\" >RCU45<\/h4>\n\t\t\t\t\t\t\t<\/div>\n\t\t\t\n\t\t\t\n\t\t\t\n\t\t<\/div>\n\t\t\n\t\t<\/div><\/div><\/div><\/div><div class=\"vc_row wpb_row vc_row-fluid vc_row-o-content-top vc_row-flex\"><div class=\"wpb_column vc_column_container vc_col-sm-12 vc_col-md-6\"><div class=\"vc_column-inner\"><div class=\"wpb_wrapper\">\t\t<div id=\"wd-69c25e9f219ed\" class=\"wd-text-block wd-wpb reset-last-child wd-rs-69c25e9f219ed text-left\">\n\t\t\t<p>FAE's RCU series has been developed to deliver maximum productivity with total safety, even in the harshest environments. These remote-controlled tracked carriers are ideal for forestry work, land clearing, infrastructure maintenance and operations in sloping or hard-to-reach areas, allowing the operator to work remotely with full control.<\/p>\n<p>The RCU45 is the ideal solution for demanding work in tight spaces. It combines ultra-compact dimensions with high performance, making it ideal for mulching vegetation, branches and shrubs in demanding terrain.<\/p>\n<p>Equipado com um motor Yanmar de 44.6 cv, o RCU45 oferece fiabilidade, excelente mobilidade e facilidade de opera\u00e7\u00e3o, mesmo em inclina\u00e7\u00f5es at\u00e9 55\u00b0.<\/p>\n\t\t<\/div>\n\t\t<\/div><\/div><\/div><\/div>\n<\/div>","protected":false},"excerpt":{"rendered":"<p>FAE's RCU series has been developed to deliver maximum productivity with total safety, even in the harshest environments. These remote-controlled tracked carriers are ideal for forestry work, land clearing, infrastructure maintenance and operations in sloping or hard-to-reach areas, allowing the operator to work remotely with full control.<\/p>\n<p>The RCU45 is the ideal solution for demanding work in tight spaces. It combines ultra-compact dimensions with high performance, making it ideal for mulching vegetation, branches and shrubs in demanding terrain.<\/p>\n<p>Equipado com um motor Yanmar de 44.6 cv, o RCU45 oferece fiabilidade, excelente mobilidade e facilidade de opera\u00e7\u00e3o, mesmo em inclina\u00e7\u00f5es at\u00e9 55\u00b0.<\/p>\n<p><img decoding=\"async\" src=\"https:\/\/maquinasflorestais.com\/wp-content\/uploads\/2024\/10\/pdf.png\" \/> <a href=\"https:\/\/maquinasflorestais.com\/wp-content\/uploads\/2026\/03\/RCU45.pdf\" target=\"_blank\" rel=\"noopener\"><strong> Technical sheet.<\/strong><\/a><\/p>\n<table style=\"border-top: 1px solid #c0c0c0;\">\n<tbody>\n<tr>\n<td style=\"width: 15%; border-bottom: none;\"><img decoding=\"async\" src=\"https:\/\/maquinasflorestais.com\/wp-content\/uploads\/2024\/10\/henrique.jpeg\" width=\"90\" \/><\/td>\n<td style=\"border-bottom: none;\">\n<h3>David Magalh\u00e3es<\/h3>\n<p><img loading=\"lazy\" decoding=\"async\" src=\"https:\/\/maquinasflorestais.com\/wp-content\/uploads\/2024\/06\/flag-pt.svg\" alt=\"\" width=\"20\" height=\"20\" \/> <img loading=\"lazy\" decoding=\"async\" src=\"https:\/\/maquinasflorestais.com\/wp-content\/uploads\/2024\/06\/flag-sp.svg\" alt=\"\" width=\"20\" height=\"20\" \/><\/p>\n<p>Sales department<br \/>\nT. (+351) 915 508 925<\/td>\n<\/tr>\n<tr>\n<td><\/td>\n<td><a class=\"btn btn-color-default btn-style-default btn-style-rectangle btn-size-small btn-icon-pos-right\" title=\"\" href=\"mailto:david@forestcortemaquinas.pt\">E-mail<\/a><\/td>\n<\/tr>\n<\/tbody>\n<\/table>","protected":false},"featured_media":14012,"template":"","meta":[],"product_brand":[],"product_cat":[307],"product_tag":[],"class_list":{"0":"post-13988","1":"product","2":"type-product","3":"status-publish","4":"has-post-thumbnail","6":"product_cat-destrocadores","8":"first","9":"instock","10":"shipping-taxable","11":"product-type-simple"},"_links":{"self":[{"href":"https:\/\/maquinasflorestais.com\/en\/wp-json\/wp\/v2\/product\/13988","targetHints":{"allow":["GET"]}}],"collection":[{"href":"https:\/\/maquinasflorestais.com\/en\/wp-json\/wp\/v2\/product"}],"about":[{"href":"https:\/\/maquinasflorestais.com\/en\/wp-json\/wp\/v2\/types\/product"}],"wp:featuredmedia":[{"embeddable":true,"href":"https:\/\/maquinasflorestais.com\/en\/wp-json\/wp\/v2\/media\/14012"}],"wp:attachment":[{"href":"https:\/\/maquinasflorestais.com\/en\/wp-json\/wp\/v2\/media?parent=13988"}],"wp:term":[{"taxonomy":"product_brand","embeddable":true,"href":"https:\/\/maquinasflorestais.com\/en\/wp-json\/wp\/v2\/product_brand?post=13988"},{"taxonomy":"product_cat","embeddable":true,"href":"https:\/\/maquinasflorestais.com\/en\/wp-json\/wp\/v2\/product_cat?post=13988"},{"taxonomy":"product_tag","embeddable":true,"href":"https:\/\/maquinasflorestais.com\/en\/wp-json\/wp\/v2\/product_tag?post=13988"}],"curies":[{"name":"wp","href":"https:\/\/api.w.org\/{rel}","templated":true}]}}