{"id":9594,"date":"2024-05-21T15:32:06","date_gmt":"2024-05-21T15:32:06","guid":{"rendered":"https:\/\/maquinasflorestais.com\/?page_id=9594"},"modified":"2025-05-21T19:49:45","modified_gmt":"2025-05-21T19:49:45","slug":"servicos","status":"publish","type":"page","link":"https:\/\/maquinasflorestais.com\/en\/servicos\/","title":{"rendered":"Services"},"content":{"rendered":"<div class=\"wpb-content-wrapper\"><div class=\"vc_row wpb_row vc_row-fluid vc_custom_1733861558672 wd-rs-6758a0a78ea11\"><div class=\"wpb_column vc_column_container vc_col-sm-6\"><div class=\"vc_column-inner\"><div class=\"wpb_wrapper\">\t\t<div id=\"wd-6758a04bdd794\" class=\"wd-image wd-wpb wd-rs-6758a04bdd794 text-center vc_custom_1733861455842\">\n\t\t\t\n\t\t\t<img loading=\"lazy\" decoding=\"async\" width=\"400\" height=\"600\" src=\"https:\/\/maquinasflorestais.com\/wp-content\/uploads\/2024\/12\/img-oficina.webp\" class=\"attachment-full\" alt=\"\" title=\"img-oficina\" srcset=\"https:\/\/maquinasflorestais.com\/wp-content\/uploads\/2024\/12\/img-oficina.webp 400w, https:\/\/maquinasflorestais.com\/wp-content\/uploads\/2024\/12\/img-oficina-200x300.webp 200w, https:\/\/maquinasflorestais.com\/wp-content\/uploads\/2024\/12\/img-oficina-8x12.webp 8w, https:\/\/maquinasflorestais.com\/wp-content\/uploads\/2024\/12\/img-oficina-150x225.webp 150w\" sizes=\"auto, (max-width: 400px) 100vw, 400px\" \/>\n\t\t\t\t\t<\/div>\n\t\t<\/div><\/div><\/div><div class=\"wpb_column vc_column_container vc_col-sm-6\"><div class=\"vc_column-inner\"><div class=\"wpb_wrapper\">\n\t\t<div id=\"wd-664cc57c35a70\" class=\"title-wrapper wd-wpb set-mb-s reset-last-child  wd-rs-664cc57c35a70 wd-title-color-primary wd-title-style-default text-left vc_custom_1716307328595 wd-underline-colored\">\n\t\t\t\n\t\t\t<div class=\"liner-continer\">\n\t\t\t\t<h4 class=\"woodmart-title-container title  wd-font-weight- wd-fontsize-xxl\" >Mechanical workshop<\/h4>\n\t\t\t\t\t\t\t<\/div>\n\t\t\t\n\t\t\t\n\t\t\t\n\t\t<\/div>\n\t\t\n\t\t\t\t<div id=\"wd-682e2e3b5de9a\" class=\"wd-text-block wd-wpb reset-last-child wd-rs-682e2e3b5de9a text-left wd-fontsize-custom vc_custom_1747856979288\">\n\t\t\t<p>We offer a wide range of workshop services to ensure optimal maintenance and performance of your machines.<\/p>\n<p>We have a workshop where we are able to provide full assistance to your forestry equipment. With our experienced and properly trained employees, we are always able to carry out all repairs in our workshop.<\/p>\n\t\t<\/div>\n\t\t<div class=\"vc_row wpb_row vc_inner vc_row-fluid vc_custom_1718638754757 wd-rs-667058913a895\"><div class=\"wpb_column vc_column_container vc_col-sm-3\"><div class=\"vc_column-inner\"><div class=\"wpb_wrapper\">\n\t<div  class=\"wpb_single_image wpb_content_element vc_align_left\">\n\t\t\n\t\t<figure class=\"wpb_wrapper vc_figure\">\n\t\t\t<div class=\"vc_single_image-wrapper   vc_box_border_grey\"><img loading=\"lazy\" decoding=\"async\" width=\"150\" height=\"150\" src=\"https:\/\/maquinasflorestais.com\/wp-content\/uploads\/2024\/05\/contactos-marino-150x150.png\" class=\"vc_single_image-img attachment-thumbnail\" alt=\"\" title=\"contactos-marino\" srcset=\"https:\/\/maquinasflorestais.com\/wp-content\/uploads\/2024\/05\/contactos-marino-150x150.png 150w, https:\/\/maquinasflorestais.com\/wp-content\/uploads\/2024\/05\/contactos-marino.png 239w\" sizes=\"auto, (max-width: 150px) 100vw, 150px\" \/><\/div>\n\t\t<\/figure>\n\t<\/div>\n<\/div><\/div><\/div><div class=\"wpb_column vc_column_container vc_col-sm-6\"><div class=\"vc_column-inner\"><div class=\"wpb_wrapper\">\n\t<div class=\"wpb_text_column wpb_content_element\" >\n\t\t<div class=\"wpb_wrapper\">\n\t\t\t<h4 class=\"member-name\">Marino Pinho<\/h4>\n<div class=\"member-position\">Technical department<\/div>\n<div class=\"member-bio\">T. (+351) 256 920 016<\/div>\n<div class=\"member-position\"><\/div>\n\n\t\t<\/div>\n\t<\/div>\n<div id=\"wd-669f85109b2be\" class=\"wd-rs-669f85109b2be  wd-button-wrapper text-left\"><a href=\"mailto:marino@forestcortemaquinas.pt\" title=\"\" class=\"btn btn-color-default btn-style-default btn-style-rectangle btn-size-default\">E-mail<\/a><\/div><\/div><\/div><\/div><div class=\"wpb_column vc_column_container vc_col-sm-3\"><div class=\"vc_column-inner\"><div class=\"wpb_wrapper\"><\/div><\/div><\/div><\/div><\/div><\/div><\/div><\/div><div class=\"vc_row wpb_row vc_row-fluid vc_custom_1716310796203 wd-rs-664cd3038f3ff\"><div class=\"wpb_column vc_column_container vc_col-sm-6\"><div class=\"vc_column-inner\"><div class=\"wpb_wrapper\">\n\t\t<div id=\"wd-664cc5854eb1d\" class=\"title-wrapper wd-wpb set-mb-s reset-last-child  wd-rs-664cc5854eb1d wd-title-color-primary wd-title-style-default text-left vc_custom_1716307337894 wd-underline-colored\">\n\t\t\t\n\t\t\t<div class=\"liner-continer\">\n\t\t\t\t<h4 class=\"woodmart-title-container title  wd-font-weight- wd-fontsize-xxl\" >Customer service<\/h4>\n\t\t\t\t\t\t\t<\/div>\n\t\t\t\n\t\t\t\n\t\t\t\n\t\t<\/div>\n\t\t\n\t\t\t\t<div id=\"wd-6683b6dc5442a\" class=\"wd-text-block wd-wpb reset-last-child wd-rs-6683b6dc5442a text-left wd-fontsize-custom vc_custom_1719908070787\">\n\t\t\t<p style=\"font-weight: 400;\">Our experience in forestry activities and the entire development of this industry has provided us with broader knowledge of all forestry equipment. We are prepared to provide a more efficient response to all customers looking for parts or accessories for their equipment. We offer a wide selection of items for your machine or equipment, from all the brands we are resellers.<\/p>\n\t\t<\/div>\n\t\t<div class=\"vc_row wpb_row vc_inner vc_row-fluid vc_custom_1718638754757 wd-rs-667058913a895\"><div class=\"wpb_column vc_column_container vc_col-sm-3\"><div class=\"vc_column-inner\"><div class=\"wpb_wrapper\">\n\t<div  class=\"wpb_single_image wpb_content_element vc_align_left\">\n\t\t\n\t\t<figure class=\"wpb_wrapper vc_figure\">\n\t\t\t<div class=\"vc_single_image-wrapper   vc_box_border_grey\"><img loading=\"lazy\" decoding=\"async\" width=\"150\" height=\"150\" src=\"https:\/\/maquinasflorestais.com\/wp-content\/uploads\/2024\/05\/contactos-antonio-150x150.png\" class=\"vc_single_image-img attachment-thumbnail\" alt=\"\" title=\"contactos-antonio\" srcset=\"https:\/\/maquinasflorestais.com\/wp-content\/uploads\/2024\/05\/contactos-antonio-150x150.png 150w, https:\/\/maquinasflorestais.com\/wp-content\/uploads\/2024\/05\/contactos-antonio.png 239w\" sizes=\"auto, (max-width: 150px) 100vw, 150px\" \/><\/div>\n\t\t<\/figure>\n\t<\/div>\n<\/div><\/div><\/div><div class=\"wpb_column vc_column_container vc_col-sm-6\"><div class=\"vc_column-inner\"><div class=\"wpb_wrapper\">\n\t<div class=\"wpb_text_column wpb_content_element\" >\n\t\t<div class=\"wpb_wrapper\">\n\t\t\t<h4 class=\"member-name\">Ant\u00f3nio Quintas<\/h4>\n<div>Parts Department<br \/>\nTel.: (+351) 256 920 011<\/div>\n<div class=\"member-position\"><\/div>\n\n\t\t<\/div>\n\t<\/div>\n<div id=\"wd-669f857634566\" class=\"wd-rs-669f857634566  wd-button-wrapper text-left\"><a href=\"mailto:aquintas@forestcortemaquinas.pt\" title=\"\" class=\"btn btn-color-default btn-style-default btn-style-rectangle btn-size-default\">E-mail<\/a><\/div><\/div><\/div><\/div><div class=\"wpb_column vc_column_container vc_col-sm-3\"><div class=\"vc_column-inner\"><div class=\"wpb_wrapper\"><\/div><\/div><\/div><\/div><\/div><\/div><\/div><div class=\"wpb_column vc_column_container vc_col-sm-6\"><div class=\"vc_column-inner\"><div class=\"wpb_wrapper\">\t\t<div id=\"wd-6758a1323383b\" class=\"wd-image wd-wpb wd-rs-6758a1323383b text-center vc_custom_1733861698742\">\n\t\t\t\n\t\t\t<img loading=\"lazy\" decoding=\"async\" width=\"523\" height=\"600\" src=\"https:\/\/maquinasflorestais.com\/wp-content\/uploads\/2024\/12\/img-atendimento.webp\" class=\"attachment-full\" alt=\"\" title=\"img-atendimento\" srcset=\"https:\/\/maquinasflorestais.com\/wp-content\/uploads\/2024\/12\/img-atendimento.webp 523w, https:\/\/maquinasflorestais.com\/wp-content\/uploads\/2024\/12\/img-atendimento-262x300.webp 262w, https:\/\/maquinasflorestais.com\/wp-content\/uploads\/2024\/12\/img-atendimento-10x12.webp 10w, https:\/\/maquinasflorestais.com\/wp-content\/uploads\/2024\/12\/img-atendimento-430x493.webp 430w, https:\/\/maquinasflorestais.com\/wp-content\/uploads\/2024\/12\/img-atendimento-150x172.webp 150w\" sizes=\"auto, (max-width: 523px) 100vw, 523px\" \/>\n\t\t\t\t\t<\/div>\n\t\t<\/div><\/div><\/div><\/div><div class=\"vc_row wpb_row vc_row-fluid vc_custom_1716310901562 wd-rs-664cd36f66507\"><div class=\"wpb_column vc_column_container vc_col-sm-6\"><div class=\"vc_column-inner\"><div class=\"wpb_wrapper\">\t\t<div id=\"wd-6758a14acf7a7\" class=\"wd-image wd-wpb wd-rs-6758a14acf7a7 text-center vc_custom_1733861742860\">\n\t\t\t\n\t\t\t<img loading=\"lazy\" decoding=\"async\" width=\"843\" height=\"600\" src=\"https:\/\/maquinasflorestais.com\/wp-content\/uploads\/2024\/12\/img-assistencia.jpg\" class=\"attachment-full\" alt=\"\" title=\"img-assistencia\" srcset=\"https:\/\/maquinasflorestais.com\/wp-content\/uploads\/2024\/12\/img-assistencia.jpg 843w, https:\/\/maquinasflorestais.com\/wp-content\/uploads\/2024\/12\/img-assistencia-400x285.jpg 400w, https:\/\/maquinasflorestais.com\/wp-content\/uploads\/2024\/12\/img-assistencia-768x547.jpg 768w, https:\/\/maquinasflorestais.com\/wp-content\/uploads\/2024\/12\/img-assistencia-18x12.jpg 18w, https:\/\/maquinasflorestais.com\/wp-content\/uploads\/2024\/12\/img-assistencia-430x306.jpg 430w, https:\/\/maquinasflorestais.com\/wp-content\/uploads\/2024\/12\/img-assistencia-700x498.jpg 700w, https:\/\/maquinasflorestais.com\/wp-content\/uploads\/2024\/12\/img-assistencia-150x107.jpg 150w\" sizes=\"auto, (max-width: 843px) 100vw, 843px\" \/>\n\t\t\t\t\t<\/div>\n\t\t<\/div><\/div><\/div><div class=\"wpb_column vc_column_container vc_col-sm-6\"><div class=\"vc_column-inner\"><div class=\"wpb_wrapper\">\n\t\t<div id=\"wd-664cd364b2a91\" class=\"title-wrapper wd-wpb set-mb-s reset-last-child  wd-rs-664cd364b2a91 wd-title-color-primary wd-title-style-default text-left vc_custom_1716310892827 wd-underline-colored\">\n\t\t\t\n\t\t\t<div class=\"liner-continer\">\n\t\t\t\t<h4 class=\"woodmart-title-container title  wd-font-weight- wd-fontsize-xxl\" >Technical assistance<\/h4>\n\t\t\t\t\t\t\t<\/div>\n\t\t\t\n\t\t\t\n\t\t\t\n\t\t<\/div>\n\t\t\n\t\t\t\t<div id=\"wd-66705af30232b\" class=\"wd-text-block wd-wpb reset-last-child wd-rs-66705af30232b text-left wd-fontsize-custom vc_custom_1718639357269\">\n\t\t\t<p style=\"font-weight: 400;\">Experienced in the forestry sector and with strong specialization in this highly competitive market, Forestcorte M\u00e1quinas, aware of its success and thinking about the success of its customers, offers highly qualified after-sales service to service forestry machines.<\/p>\n<p style=\"font-weight: 400;\">We also have technical assistance vehicles to serve our customers in mainland Portugal, Spain and France.<\/p>\n\t\t<\/div>\n\t\t<div class=\"vc_row wpb_row vc_inner vc_row-fluid vc_custom_1718638754757 wd-rs-667058913a895\"><div class=\"wpb_column vc_column_container vc_col-sm-3\"><div class=\"vc_column-inner\"><div class=\"wpb_wrapper\">\n\t<div  class=\"wpb_single_image wpb_content_element vc_align_left\">\n\t\t\n\t\t<figure class=\"wpb_wrapper vc_figure\">\n\t\t\t<div class=\"vc_single_image-wrapper   vc_box_border_grey\"><img loading=\"lazy\" decoding=\"async\" width=\"150\" height=\"150\" src=\"https:\/\/maquinasflorestais.com\/wp-content\/uploads\/2024\/10\/WhatsApp-Image-2024-10-16-at-14.40.15.jpeg\" class=\"vc_single_image-img attachment-thumbnail\" alt=\"\" title=\"WhatsApp Image 2024-10-16 at 14.40.15\" srcset=\"https:\/\/maquinasflorestais.com\/wp-content\/uploads\/2024\/10\/WhatsApp-Image-2024-10-16-at-14.40.15.jpeg 150w, https:\/\/maquinasflorestais.com\/wp-content\/uploads\/2024\/10\/WhatsApp-Image-2024-10-16-at-14.40.15-12x12.jpeg 12w\" sizes=\"auto, (max-width: 150px) 100vw, 150px\" \/><\/div>\n\t\t<\/figure>\n\t<\/div>\n<\/div><\/div><\/div><div class=\"wpb_column vc_column_container vc_col-sm-6\"><div class=\"vc_column-inner\"><div class=\"wpb_wrapper\">\n\t<div class=\"wpb_text_column wpb_content_element\" >\n\t\t<div class=\"wpb_wrapper\">\n\t\t\t<div>\n<h4 class=\"member-name\">Henrique Cardoso<\/h4>\n<div class=\"member-position\">Technical department<\/div>\n<div class=\"member-bio\">T. (+351) 911 898 327<\/div>\n<\/div>\n\n\t\t<\/div>\n\t<\/div>\n<div id=\"wd-669f85f22b2af\" class=\"wd-rs-669f85f22b2af  wd-button-wrapper text-left\"><a href=\"mailto:hcardoso@forestcortemaquinas.pt\" title=\"\" class=\"btn btn-color-default btn-style-default btn-style-rectangle btn-size-default\">E-mail<\/a><\/div><\/div><\/div><\/div><div class=\"wpb_column vc_column_container vc_col-sm-3\"><div class=\"vc_column-inner\"><div class=\"wpb_wrapper\"><\/div><\/div><\/div><\/div><\/div><\/div><\/div><\/div><div class=\"vc_row wpb_row vc_row-fluid vc_custom_1716310796203 wd-rs-664cd3038f3ff\"><div class=\"wpb_column vc_column_container vc_col-sm-6\"><div class=\"vc_column-inner\"><div class=\"wpb_wrapper\">\n\t\t<div id=\"wd-6723ac7843740\" class=\"title-wrapper wd-wpb set-mb-s reset-last-child  wd-rs-6723ac7843740 wd-title-color-primary wd-title-style-default text-left vc_custom_1730391187272 wd-underline-colored\">\n\t\t\t\n\t\t\t<div class=\"liner-continer\">\n\t\t\t\t<h4 class=\"woodmart-title-container title  wd-font-weight- wd-fontsize-xxl\" >Sales Service<\/h4>\n\t\t\t\t\t\t\t<\/div>\n\t\t\t\n\t\t\t\n\t\t\t\n\t\t<\/div>\n\t\t\n\t\t\t\t<div id=\"wd-6723ac96aba13\" class=\"wd-text-block wd-wpb reset-last-child wd-rs-6723ac96aba13 text-left wd-fontsize-custom vc_custom_1730391199244\">\n\t\t\t<p>With in-depth knowledge of our products and equipment, our sales representative David Magalh\u00e3es will listen attentively to your needs. He is available to present our selection of products accurately, thanks to his experience in the forestry sector for over 10 years.<br \/>\nThe sale of one of our products\/equipment goes even further: our other services will be available after your purchase (spare parts, technical assistance, workshop services).<br \/>\nWe ensure a pleasant experience for our customers through our infallible team.<\/p>\n\t\t<\/div>\n\t\t<div class=\"vc_row wpb_row vc_inner vc_row-fluid vc_custom_1718638754757 wd-rs-667058913a895\"><div class=\"wpb_column vc_column_container vc_col-sm-3\"><div class=\"vc_column-inner\"><div class=\"wpb_wrapper\">\n\t<div  class=\"wpb_single_image wpb_content_element vc_align_left\">\n\t\t\n\t\t<figure class=\"wpb_wrapper vc_figure\">\n\t\t\t<div class=\"vc_single_image-wrapper   vc_box_border_grey\"><img loading=\"lazy\" decoding=\"async\" width=\"150\" height=\"150\" src=\"https:\/\/maquinasflorestais.com\/wp-content\/uploads\/2024\/10\/henrique.jpeg\" class=\"vc_single_image-img attachment-thumbnail\" alt=\"\" title=\"henrique\" srcset=\"https:\/\/maquinasflorestais.com\/wp-content\/uploads\/2024\/10\/henrique.jpeg 150w, https:\/\/maquinasflorestais.com\/wp-content\/uploads\/2024\/10\/henrique-12x12.jpeg 12w\" sizes=\"auto, (max-width: 150px) 100vw, 150px\" \/><\/div>\n\t\t<\/figure>\n\t<\/div>\n<\/div><\/div><\/div><div class=\"wpb_column vc_column_container vc_col-sm-6\"><div class=\"vc_column-inner\"><div class=\"wpb_wrapper\">\n\t<div class=\"wpb_text_column wpb_content_element\" >\n\t\t<div class=\"wpb_wrapper\">\n\t\t\t<h4 class=\"member-name\">David Magalh\u00e3es<\/h4>\n<div>Sales Service<br \/>\nTel.: (+351) 915 508 925<\/div>\n<div class=\"member-position\"><\/div>\n\n\t\t<\/div>\n\t<\/div>\n<div id=\"wd-6723ad1e03d48\" class=\"wd-rs-6723ad1e03d48  wd-button-wrapper text-left\"><a href=\"mailto:david@forestcortemaquinas.pt\" title=\"\" class=\"btn btn-color-default btn-style-default btn-style-rectangle btn-size-default\">E-mail<\/a><\/div><\/div><\/div><\/div><div class=\"wpb_column vc_column_container vc_col-sm-3\"><div class=\"vc_column-inner\"><div class=\"wpb_wrapper\"><\/div><\/div><\/div><\/div><\/div><\/div><\/div><div class=\"wpb_column vc_column_container vc_col-sm-6\"><div class=\"vc_column-inner\"><div class=\"wpb_wrapper\">\t\t<div id=\"wd-6758a17753433\" class=\"wd-image wd-wpb wd-rs-6758a17753433 text-center vc_custom_1733861770754\">\n\t\t\t\n\t\t\t<img loading=\"lazy\" decoding=\"async\" width=\"413\" height=\"600\" src=\"https:\/\/maquinasflorestais.com\/wp-content\/uploads\/2024\/12\/SERVICO-DE-VENDAS.webp\" class=\"attachment-full\" alt=\"\" title=\"SERVIC\u0327O DE VENDAS\" srcset=\"https:\/\/maquinasflorestais.com\/wp-content\/uploads\/2024\/12\/SERVICO-DE-VENDAS.webp 413w, https:\/\/maquinasflorestais.com\/wp-content\/uploads\/2024\/12\/SERVICO-DE-VENDAS-207x300.webp 207w, https:\/\/maquinasflorestais.com\/wp-content\/uploads\/2024\/12\/SERVICO-DE-VENDAS-8x12.webp 8w, https:\/\/maquinasflorestais.com\/wp-content\/uploads\/2024\/12\/SERVICO-DE-VENDAS-150x218.webp 150w\" sizes=\"auto, (max-width: 413px) 100vw, 413px\" \/>\n\t\t\t\t\t<\/div>\n\t\t<\/div><\/div><\/div><\/div>\n<\/div>","protected":false},"excerpt":{"rendered":"Oficina Oferecemos uma ampla variedade de servi\u00e7os de oficina para garantir a manuten\u00e7\u00e3o e o desempenho ideal das suas m\u00e1quinas.","protected":false},"author":1,"featured_media":0,"parent":0,"menu_order":0,"comment_status":"closed","ping_status":"closed","template":"","meta":{"footnotes":""},"class_list":["post-9594","page","type-page","status-publish","hentry"],"_links":{"self":[{"href":"https:\/\/maquinasflorestais.com\/en\/wp-json\/wp\/v2\/pages\/9594","targetHints":{"allow":["GET"]}}],"collection":[{"href":"https:\/\/maquinasflorestais.com\/en\/wp-json\/wp\/v2\/pages"}],"about":[{"href":"https:\/\/maquinasflorestais.com\/en\/wp-json\/wp\/v2\/types\/page"}],"author":[{"embeddable":true,"href":"https:\/\/maquinasflorestais.com\/en\/wp-json\/wp\/v2\/users\/1"}],"replies":[{"embeddable":true,"href":"https:\/\/maquinasflorestais.com\/en\/wp-json\/wp\/v2\/comments?post=9594"}],"version-history":[{"count":11,"href":"https:\/\/maquinasflorestais.com\/en\/wp-json\/wp\/v2\/pages\/9594\/revisions"}],"predecessor-version":[{"id":13916,"href":"https:\/\/maquinasflorestais.com\/en\/wp-json\/wp\/v2\/pages\/9594\/revisions\/13916"}],"wp:attachment":[{"href":"https:\/\/maquinasflorestais.com\/en\/wp-json\/wp\/v2\/media?parent=9594"}],"curies":[{"name":"wp","href":"https:\/\/api.w.org\/{rel}","templated":true}]}}