{"id":12114,"date":"2024-06-27T07:42:49","date_gmt":"2024-06-27T07:42:49","guid":{"rendered":"https:\/\/maquinasflorestais.com\/innovacion\/"},"modified":"2024-07-03T10:28:48","modified_gmt":"2024-07-03T10:28:48","slug":"innovacion","status":"publish","type":"page","link":"https:\/\/maquinasflorestais.com\/en\/innovacion\/","title":{"rendered":"Innovaci\u00f3n"},"content":{"rendered":"<div class=\"wpb-content-wrapper\"><div class=\"vc_row wpb_row vc_row-fluid\"><div class=\"wpb_column vc_column_container vc_col-sm-6\"><div class=\"vc_column-inner\"><div class=\"wpb_wrapper\">\t\t<div id=\"wd-667d17575bad1\" class=\"wd-image wd-wpb wd-rs-667d17575bad1 text-left vc_custom_1719474047932\">\n\t\t\t\n\t\t\t<img loading=\"lazy\" decoding=\"async\" width=\"1460\" height=\"1215\" src=\"https:\/\/maquinasflorestais.com\/wp-content\/uploads\/2024\/06\/maquinas_florestais_inovacao.jpeg\" class=\"attachment-full\" alt=\"M\u00e1quinas Florestais Inova\u00e7\u00e3o\" title=\"M\u00e1quinas Florestais Inova\u00e7\u00e3o\" srcset=\"https:\/\/maquinasflorestais.com\/wp-content\/uploads\/2024\/06\/maquinas_florestais_inovacao.jpeg 1460w, https:\/\/maquinasflorestais.com\/wp-content\/uploads\/2024\/06\/maquinas_florestais_inovacao-360x300.jpeg 360w, https:\/\/maquinasflorestais.com\/wp-content\/uploads\/2024\/06\/maquinas_florestais_inovacao-961x800.jpeg 961w, https:\/\/maquinasflorestais.com\/wp-content\/uploads\/2024\/06\/maquinas_florestais_inovacao-768x639.jpeg 768w, https:\/\/maquinasflorestais.com\/wp-content\/uploads\/2024\/06\/maquinas_florestais_inovacao-860x716.jpeg 860w, https:\/\/maquinasflorestais.com\/wp-content\/uploads\/2024\/06\/maquinas_florestais_inovacao-430x358.jpeg 430w, https:\/\/maquinasflorestais.com\/wp-content\/uploads\/2024\/06\/maquinas_florestais_inovacao-700x583.jpeg 700w, https:\/\/maquinasflorestais.com\/wp-content\/uploads\/2024\/06\/maquinas_florestais_inovacao-150x125.jpeg 150w\" sizes=\"auto, (max-width: 1460px) 100vw, 1460px\" \/>\n\t\t\t\t\t<\/div>\n\t\t<\/div><\/div><\/div><div class=\"wpb_column vc_column_container vc_col-sm-6\"><div class=\"vc_column-inner\"><div class=\"wpb_wrapper\">\n\t\t<div id=\"wd-667d178738008\" class=\"title-wrapper wd-wpb set-mb-s reset-last-child  wd-rs-667d178738008 wd-title-color-primary wd-title-style-default text-left vc_custom_1719474069166 wd-underline-colored\">\n\t\t\t\n\t\t\t<div class=\"liner-continer\">\n\t\t\t\t<h4 class=\"woodmart-title-container title  wd-font-weight- wd-fontsize-xxl\" >Innovaci\u00f3n<\/h4>\n\t\t\t\t\t\t\t<\/div>\n\t\t\t\n\t\t\t\n\t\t\t\n\t\t<\/div>\n\t\t\n\t\t\t\t<div id=\"wd-667d1798a1259\" class=\"wd-text-block wd-wpb reset-last-child wd-rs-667d1798a1259 text-left wd-width-enabled wd-fontsize-s vc_custom_1719474087053\" style=\"--wd-max-width: 90%;\">\n\t\t\t<p style=\"font-weight: 400;\">La principal innovaci\u00f3n de Forestcorte M\u00e1quinas es su servicio de atenci\u00f3n al cliente. Sabiendo lo dif\u00edcil que es satisfacer a los clientes del sector forestal, la empresa trabaja para facilitar y mejorar la relaci\u00f3n entre cliente y proveedor.<\/p>\n\t\t<\/div>\n\t\t\t\t<div id=\"wd-667d17ab77ab8\" class=\"wd-text-block wd-wpb reset-last-child wd-rs-667d17ab77ab8 text-left wd-fontsize-custom vc_custom_1719474111865\">\n\t\t\t<p style=\"font-weight: 400;\">Con el objetivo de ser cada vez m\u00e1s competitiva e innovadora, la empresa invierte en la formaci\u00f3n frecuente de sus t\u00e9cnicos y se esfuerza por asistir a las m\u00e1s diversas ferias de todo el mundo para encontrar las mejores y m\u00e1s innovadoras soluciones forestales.<\/p>\n<p style=\"font-weight: 400;\">Gracias a su amplio conocimiento del sector forestal, Forestcorte M\u00e1quinas es capaz de asesorar a sus clientes sobre el mejor equipo para realizar un determinado trabajo, es decir, puede informarles, bas\u00e1ndose en la experiencia adquirida, sobre cu\u00e1l es la mejor soluci\u00f3n del mercado.<\/p>\n<p style=\"font-weight: 400;\">Como resultado del alto nivel de especializaci\u00f3n de sus t\u00e9cnicos, especialmente en las \u00e1reas de hidr\u00e1ulica, mec\u00e1nica y electr\u00f3nica, Forestcorte M\u00e1quinas ofrece una asistencia eficaz en un corto espacio de tiempo. Adem\u00e1s, conociendo la urgencia del sector, la empresa dispone de un amplio stock para agilizar y optimizar las necesidades de sus clientes.<\/p>\n<p style=\"font-weight: 400;\"><span style=\"font-weight: 400;\">Como todo el Grupo Forestcorte est\u00e1 extremadamente preocupado por la vitalidad de los bosques y su sostenibilidad, todos los equipos comercializados y soluciones ofrecidas cuentan con tecnolog\u00eda altamente innovadora con el fin de reducir dr\u00e1sticamente el impacto de la silvicultura en el medio ambiente.<\/span><\/p>\n\t\t<\/div>\n\t\t<\/div><\/div><\/div><\/div>\n<\/div>","protected":false},"excerpt":{"rendered":"Innovaci\u00f3n La principal innovaci\u00f3n de Forestcorte M\u00e1quinas es su servicio de atenci\u00f3n al cliente. Sabiendo lo dif\u00edcil que es satisfacer","protected":false},"author":1,"featured_media":0,"parent":0,"menu_order":0,"comment_status":"closed","ping_status":"closed","template":"","meta":{"footnotes":""},"class_list":["post-12114","page","type-page","status-publish","hentry"],"_links":{"self":[{"href":"https:\/\/maquinasflorestais.com\/en\/wp-json\/wp\/v2\/pages\/12114","targetHints":{"allow":["GET"]}}],"collection":[{"href":"https:\/\/maquinasflorestais.com\/en\/wp-json\/wp\/v2\/pages"}],"about":[{"href":"https:\/\/maquinasflorestais.com\/en\/wp-json\/wp\/v2\/types\/page"}],"author":[{"embeddable":true,"href":"https:\/\/maquinasflorestais.com\/en\/wp-json\/wp\/v2\/users\/1"}],"replies":[{"embeddable":true,"href":"https:\/\/maquinasflorestais.com\/en\/wp-json\/wp\/v2\/comments?post=12114"}],"version-history":[{"count":2,"href":"https:\/\/maquinasflorestais.com\/en\/wp-json\/wp\/v2\/pages\/12114\/revisions"}],"predecessor-version":[{"id":12116,"href":"https:\/\/maquinasflorestais.com\/en\/wp-json\/wp\/v2\/pages\/12114\/revisions\/12116"}],"wp:attachment":[{"href":"https:\/\/maquinasflorestais.com\/en\/wp-json\/wp\/v2\/media?parent=12114"}],"curies":[{"name":"wp","href":"https:\/\/api.w.org\/{rel}","templated":true}]}}